{"id":3574,"date":"2020-10-26T20:05:37","date_gmt":"2020-10-26T20:05:37","guid":{"rendered":"https:\/\/gpsites.co\/health\/?page_id=3574"},"modified":"2025-02-21T11:15:26","modified_gmt":"2025-02-21T11:15:26","slug":"electric-water-heater","status":"publish","type":"page","link":"https:\/\/www.gomonnewenergy.com\/sk\/electric-water-heater","title":{"rendered":"Elektrick\u00fd ohrieva\u010d vody"},"content":{"rendered":"<div class=\"gb-container gb-container-b5a44117\"><div class=\"gb-inside-container\">\n<div class=\"gb-grid-wrapper gb-grid-wrapper-12e6f479\">\n<div class=\"gb-grid-column gb-grid-column-a65911fa\"><div class=\"gb-container gb-container-a65911fa\"><div class=\"gb-inside-container\">\n\n<figure class=\"wp-block-image size-large is-resized\"><a href=\"https:\/\/www.gomonnewenergy.com\/sk\/residential-electric-water-heater.html\/\"><img loading=\"lazy\" src=\"http:\/\/www.gomonnewenergy.com\/wp-content\/uploads\/2021\/04\/Residential-Electric-Water-Heater-768x768-1-300x300.jpg\" alt=\"\" width=\"225\" height=\"225\"\/><\/a><\/figure>\n\n\n\n<h4 class=\"has-small-font-size\"><a href=\"https:\/\/www.gomonnewenergy.com\/sk\/residential-electric-water-heater.html\/\">Elektrick\u00fd ohrieva\u010d vody pre obytn\u00e9 budovy<\/a><\/h4>\n\n<\/div><\/div><\/div>\n\n<div class=\"gb-grid-column gb-grid-column-8bc531db\"><div class=\"gb-container gb-container-8bc531db\"><div class=\"gb-inside-container\">\n\n<figure class=\"wp-block-image size-large is-resized\"><a href=\"https:\/\/www.gomonnewenergy.com\/sk\/commercial-electric-water-heater.html\/\"><img loading=\"lazy\" src=\"http:\/\/www.gomonnewenergy.com\/wp-content\/uploads\/2021\/04\/Commercial-Electric-Water-Heater-768x768-2-300x300.jpg\" alt=\"\" width=\"232\" height=\"232\"\/><\/a><\/figure>\n\n\n\n<h4 class=\"has-small-font-size\"><a href=\"https:\/\/www.gomonnewenergy.com\/sk\/commercial-electric-water-heater.html\/\">Komer\u010dn\u00fd elektrick\u00fd ohrieva\u010d vody<\/a><\/h4>\n\n<\/div><\/div><\/div>\n\n<div class=\"gb-grid-column gb-grid-column-90ec0c8f\"><div class=\"gb-container gb-container-90ec0c8f\"><div class=\"gb-inside-container\">\n<style id=\"kb-image_046be3-9e\">.kb-image_046be3-9e.kb-image-is-ratio-size, .kb-image_046be3-9e .kb-image-is-ratio-size{max-width:179px;width:100%;}.kb-image_046be3-9e{max-width:179px;}.image-is-svg.kb-image_046be3-9e img{width:100%;}<\/style>\n<figure class=\"wp-block-kadence-image kb-image_046be3-9e size-full\"><a href=\"https:\/\/www.gomonnewenergy.com\/sk\/commercial-electric-water-heaters.html\/\" class=\"kb-advanced-image-link\"><img loading=\"lazy\" width=\"260\" height=\"300\" src=\"https:\/\/www.gomonnewenergy.com\/wp-content\/uploads\/2025\/02\/dual-coil-tank01-260x300-1.jpg\" alt=\"\" class=\"kb-img wp-image-8417\" srcset=\"https:\/\/www.gomonnewenergy.com\/wp-content\/uploads\/2025\/02\/dual-coil-tank01-260x300-1.jpg 260w, https:\/\/www.gomonnewenergy.com\/wp-content\/uploads\/2025\/02\/dual-coil-tank01-260x300-1-10x12.jpg 10w\" sizes=\"(max-width: 260px) 100vw, 260px\" \/><\/a><figcaption><a href=\"https:\/\/www.gomonnewenergy.com\/sk\/commercial-electric-water-heaters.html\/\">Komer\u010dn\u00fd elektrick\u00fd ohrieva\u010d vody<br><\/a><\/figcaption><\/figure>\n\n<\/div><\/div><\/div>\n\n<div class=\"gb-grid-column gb-grid-column-8deb33a4\"><div class=\"gb-container gb-container-8deb33a4\"><div class=\"gb-inside-container\">\n<style id=\"kb-image_491bcc-c4\">.kb-image_491bcc-c4.kb-image-is-ratio-size, .kb-image_491bcc-c4 .kb-image-is-ratio-size{max-width:208px;width:100%;}.kb-image_491bcc-c4{max-width:208px;}.image-is-svg.kb-image_491bcc-c4 img{width:100%;}<\/style>\n<figure class=\"wp-block-kadence-image kb-image_491bcc-c4 size-full\"><a href=\"https:\/\/www.gomonnewenergy.com\/sk\/domestic-electric-water-heater.html\/\" class=\"kb-advanced-image-link\"><img loading=\"lazy\" width=\"478\" height=\"480\" src=\"https:\/\/www.gomonnewenergy.com\/wp-content\/uploads\/2025\/02\/domestic-hot-water-series-02.jpg\" alt=\"\" class=\"kb-img wp-image-8456\" srcset=\"https:\/\/www.gomonnewenergy.com\/wp-content\/uploads\/2025\/02\/domestic-hot-water-series-02.jpg 478w, https:\/\/www.gomonnewenergy.com\/wp-content\/uploads\/2025\/02\/domestic-hot-water-series-02-300x300.jpg 300w, https:\/\/www.gomonnewenergy.com\/wp-content\/uploads\/2025\/02\/domestic-hot-water-series-02-150x150.jpg 150w, https:\/\/www.gomonnewenergy.com\/wp-content\/uploads\/2025\/02\/domestic-hot-water-series-02-12x12.jpg 12w\" sizes=\"(max-width: 478px) 100vw, 478px\" \/><\/a><figcaption><a href=\"https:\/\/www.gomonnewenergy.com\/sk\/domestic-electric-water-heater.html\/\">Elektrick\u00fd ohrieva\u010d vody pre dom\u00e1cnos\u0165<br><\/a><\/figcaption><\/figure>\n\n<\/div><\/div><\/div>\n<\/div>\n\n<div class=\"gb-grid-wrapper gb-grid-wrapper-66ae9bc3\">\n<div class=\"gb-grid-column gb-grid-column-e08776f9\"><div class=\"gb-container gb-container-e08776f9\"><div class=\"gb-inside-container\">\n\n<figure class=\"wp-block-kadence-image kb-image_fa2370-36 size-full\"><a href=\"https:\/\/www.gomonnewenergy.com\/sk\/electric-space-heating-system.html\/\" class=\"kb-advanced-image-link\"><img loading=\"lazy\" width=\"480\" height=\"480\" src=\"https:\/\/www.gomonnewenergy.com\/wp-content\/uploads\/2025\/02\/commercial-room-heating-series-02.jpg\" alt=\"\" class=\"kb-img wp-image-8462\" srcset=\"https:\/\/www.gomonnewenergy.com\/wp-content\/uploads\/2025\/02\/commercial-room-heating-series-02.jpg 480w, https:\/\/www.gomonnewenergy.com\/wp-content\/uploads\/2025\/02\/commercial-room-heating-series-02-300x300.jpg 300w, https:\/\/www.gomonnewenergy.com\/wp-content\/uploads\/2025\/02\/commercial-room-heating-series-02-150x150.jpg 150w, https:\/\/www.gomonnewenergy.com\/wp-content\/uploads\/2025\/02\/commercial-room-heating-series-02-12x12.jpg 12w\" sizes=\"(max-width: 480px) 100vw, 480px\" \/><\/a><figcaption><a href=\"https:\/\/www.gomonnewenergy.com\/sk\/electric-space-heating-system.html\/\">Elektrick\u00fd vykurovac\u00ed syst\u00e9m<br><\/a><\/figcaption><\/figure>\n\n<\/div><\/div><\/div>\n\n<div class=\"gb-grid-column gb-grid-column-1cd3d5d0\"><div class=\"gb-container gb-container-1cd3d5d0\"><div class=\"gb-inside-container\"><\/div><\/div><\/div>\n\n<div class=\"gb-grid-column gb-grid-column-32374914\"><div class=\"gb-container gb-container-32374914\"><div class=\"gb-inside-container\"><\/div><\/div><\/div>\n\n<div class=\"gb-grid-column gb-grid-column-7ff21b4c\"><div class=\"gb-container gb-container-7ff21b4c\"><div class=\"gb-inside-container\"><\/div><\/div><\/div>\n<\/div>\n<\/div><\/div>\n\n<div class=\"gb-container gb-container-4d77b6d5\"><div class=\"gb-inside-container\">\n\n<p>Ohrev vody v dome si vy\u017eaduje ve\u013ea elektrickej energie. Pribli\u017ene 12 percent priemernej spotreby energie v dom\u00e1cnosti sa spotrebuje na ohrev vody. To, ko\u013eko energie spotrebuje v\u00e1\u0161 vlastn\u00fd ohrieva\u010d vody, z\u00e1vis\u00ed nielen od toho, ko\u013eko teplej vody spotrebujete, ale aj od typu ohrieva\u010da vody, ktor\u00fd in\u0161talujete. Preto, ke\u010f pr\u00edde \u010das in\u0161tal\u00e1cie nov\u00e9ho ohrieva\u010da vody vo va\u0161ej dom\u00e1cnosti, je d\u00f4le\u017eit\u00e9 pred kone\u010dn\u00fdm rozhodnut\u00edm o k\u00fape porovna\u0165 viacero mo\u017enost\u00ed.<\/p>\n\n\n\n<p>Elektrick\u00e9 z\u00e1sobn\u00edkov\u00e9 ohrieva\u010de vody GOMON, ktor\u00e9 s\u00fa l\u00eddrom v oblasti inov\u00e1ci\u00ed v oblasti ohrieva\u010dov vody, s\u00fa vyroben\u00e9 z komponentov komer\u010dnej triedy, \u010do zvy\u0161uje ich odolnos\u0165 a spo\u013eahlivos\u0165. V\u0161etky na\u0161e elektrick\u00e9 z\u00e1sobn\u00edkov\u00e9 v\u00fdrobky pre dom\u00e1cnosti boli d\u00f4kladne testovan\u00e9 v na\u0161ich laborat\u00f3ri\u00e1ch, aby sme v\u00e1m a va\u0161ej rodine pomohli zaisti\u0165 dlhodob\u00fd v\u00fdkon - aby ste boli pokojn\u00ed.<\/p>\n\n\n\n<h2>V\u00fdhody elektrick\u00fdch ohrieva\u010dov vody<\/h2>\n\n\n\n<p>Existuje mnoho d\u00f4vodov, pre\u010do by dom\u00e1cnosti mali zv\u00e1\u017ei\u0165 in\u0161tal\u00e1ciu elektrick\u00fdch ohrieva\u010dov vody namiesto plynov\u00fdch; tu s\u00fa niektor\u00e9 z najv\u00e4\u010d\u0161\u00edch v\u00fdhod, ktor\u00e9 maj\u00fa elektrick\u00e9 ohrieva\u010de vody oproti konkurencii:<\/p>\n\n\n\n<h3>Ni\u017e\u0161ie po\u010diato\u010dn\u00e9 n\u00e1klady<\/h3>\n\n\n\n<p>Zo v\u0161etk\u00fdch mo\u017enost\u00ed ohrieva\u010dov vody, ktor\u00e9 s\u00fa dnes na trhu k dispoz\u00edcii, je elektrick\u00fd ohrieva\u010d vody pravdepodobne cenovo najdostupnej\u0161ou mo\u017enos\u0165ou, pokia\u013e ide o po\u010diato\u010dn\u00fa cenu.<\/p>\n\n\n\n<p>D\u00f4le\u017eit\u00e9 je, \u017ee n\u00e1klady bud\u00fa do ve\u013ekej miery z\u00e1visie\u0165 od ve\u013ekosti a typu ohrieva\u010da vody bez oh\u013eadu na palivo, ktor\u00e9 sa pou\u017e\u00edva na jeho pohon. Napr\u00edklad tradi\u010dn\u00e9 z\u00e1sobn\u00edkov\u00e9 ohrieva\u010de vody s\u00fa lacnej\u0161ie, zatia\u013e \u010do bezz\u00e1sobn\u00edkov\u00e9 syst\u00e9my vody na po\u017eiadanie b\u00fdvaj\u00fa vopred drah\u0161ie. Vo v\u0161eobecnosti je cenov\u00fd rozdiel medzi jednotliv\u00fdmi typmi ohrieva\u010dov teplej vody do ve\u013ekej miery v\u00fdsledkom n\u00e1kladov na in\u0161tal\u00e1ciu.<\/p>\n\n\n\n<p>Plynov\u00e9 ohrieva\u010de vody si vy\u017eaduj\u00fa dodato\u010dn\u00e9 potrubie a nov\u00fd ventila\u010dn\u00fd syst\u00e9m na odvod spal\u00edn z procesu spa\u013eovania. Na druhej strane, elektrick\u00e9 ohrieva\u010de vody nevy\u017eaduj\u00fa t\u00fato dodato\u010dn\u00fa infra\u0161trukt\u00faru v dome, tak\u017ee proces in\u0161tal\u00e1cie je jednoduch\u0161\u00ed a r\u00fdchlej\u0161\u00ed. Existuje mo\u017enos\u0165, \u017ee v\u00e1\u0161 dom bude pred in\u0161tal\u00e1ciou elektrick\u00e9ho ohrieva\u010da vody potrebova\u0165 moderniz\u00e1ciu elektrickej in\u0161tal\u00e1cie, \u010do by proces in\u0161tal\u00e1cie predra\u017eilo; tak\u00e9to moderniz\u00e1cie s\u00fa v\u0161ak pri in\u0161tal\u00e1cii elektrick\u00e9ho ohrieva\u010da vody nezvy\u010dajn\u00e9.<\/p>\n\n\n\n<h3>\u00da\u010dinnos\u0165<\/h3>\n\n\n\n<p>Najlep\u0161\u00ed sp\u00f4sob, ako porovna\u0165 \u00fa\u010dinnos\u0165 r\u00f4znych ohrieva\u010dov vody, je pozrie\u0165 sa na ich pr\u00edslu\u0161n\u00e9 energetick\u00e9 faktory (EF). Toto \u010d\u00edslo hodnot\u00ed, ako \u00fa\u010dinne ohrieva\u010d vody vyr\u00e1ba tepl\u00fa vodu, pri\u010dom meria, ko\u013eko paliva alebo elektrickej energie je potrebn\u00e9 na ohrev vody. Ak m\u00e1te k dispoz\u00edcii \u010d\u00edsla EF, porovnanie \u00fa\u010dinnosti jednotliv\u00fdch typov ohrieva\u010dov vody je pomerne jednoduch\u00e9: ohrieva\u010de s vy\u0161\u0161ou \u00fa\u010dinnos\u0165ou maj\u00fa vy\u0161\u0161ie \u010d\u00edsla EF.<\/p>\n\n\n\n<p>V s\u00faboji medzi plynov\u00fdmi a elektrick\u00fdmi ohrieva\u010dmi vody vyhr\u00e1vaj\u00fa z h\u013eadiska \u00fa\u010dinnosti elektrick\u00e9 ohrieva\u010de vody. Be\u017en\u00e9 plynov\u00e9 ohrieva\u010de vody maj\u00fa zvy\u010dajne hodnoty EF od 0,5 do 0,7, zatia\u013e \u010do elektrick\u00e9 ohrieva\u010de vody m\u00f4\u017eu ma\u0165 hodnoty EF vy\u0161\u0161ie ako 0,9. Vo v\u0161eobecnosti plat\u00ed, \u017ee v\u00e4\u010d\u0161ina energetick\u00fdch str\u00e1t plynov\u00fdch ohrieva\u010dov vody vznik\u00e1 pri odvzdu\u0161\u0148ovan\u00ed, ktor\u00e9 v pr\u00edpade elektrick\u00fdch ohrieva\u010dov vody neexistuje.<\/p>\n\n\n\n<h3>Bezpe\u010dnos\u0165<\/h3>\n\n\n\n<p>Elektrick\u00e9 aj plynov\u00e9 ohrieva\u010de vody s\u00fa bezpe\u010dn\u00e9 rie\u0161enia na ohrev vody. Ako pri ka\u017edom spotrebi\u010di na benz\u00edn, aj pri ohrieva\u010doch vody na prop\u00e1n alebo zemn\u00fd plyn hroz\u00ed \u00fanik plynu. Tieto rizik\u00e1 m\u00f4\u017eete zmierni\u0165 spr\u00e1vnou \u00fadr\u017ebou a kontrolami plynov\u00e9ho ohrieva\u010da vody.<\/p>\n\n\n\n<p>Aj ke\u010f elektrick\u00e9 spotrebi\u010de maj\u00fa svoje vlastn\u00e9 bezpe\u010dnostn\u00e9 probl\u00e9my, pravdepodobnos\u0165 \u00faniku plynu je vy\u0161\u0161ia ako pravdepodobnos\u0165 ak\u00e9hoko\u013evek probl\u00e9mu s elektrickou bezpe\u010dnos\u0165ou pri ohrieva\u010di vody.<\/p>\n\n\n\n<h3>Dostupnos\u0165<\/h3>\n\n\n\n<p>Takmer ka\u017ed\u00e1 dom\u00e1cnos\u0165 je napojen\u00e1 na elektrick\u00fa sie\u0165, a preto maj\u00fa v\u0161etky \u013eahko dostupn\u00fd zdroj elektriny (okrem pr\u00edpadov, ke\u010f je elektrick\u00e1 sie\u0165 nefunk\u010dn\u00e1). To znamen\u00e1, \u017ee takmer ka\u017ed\u00e1 dom\u00e1cnos\u0165 m\u00f4\u017ee efekt\u00edvne pou\u017e\u00edva\u0165 elektrick\u00fd ohrieva\u010d vody.<\/p>\n\n\n\n<p>Na druhej strane, ak m\u00e1te z\u00e1ujem o in\u0161tal\u00e1ciu plynov\u00e9ho ohrieva\u010da vody, mus\u00edte sa uisti\u0165, \u017ee v\u00e1\u0161 dom je pripojen\u00fd na pr\u00edvod zemn\u00e9ho plynu alebo m\u00e1 zdroj prop\u00e1nu. V opa\u010dnom pr\u00edpade m\u00f4\u017ee by\u0165 vykonanie t\u00fdchto \u00faprav za \u00fa\u010delom in\u0161tal\u00e1cie plynov\u00e9ho ohrieva\u010da vody n\u00e1kladn\u00e9.<\/p>\n\n\n<div class=\"gb-grid-wrapper gb-grid-wrapper-6200d919\">\n<div class=\"gb-grid-column gb-grid-column-715ac4f0\"><div class=\"gb-container gb-container-715ac4f0\"><div class=\"gb-inside-container\">\n<div role=\"form\" class=\"wpcf7\" id=\"wpcf7-f4532-o1\" lang=\"zh-CN\" dir=\"ltr\">\n<div class=\"screen-reader-response\"><p role=\"status\" aria-live=\"polite\" aria-atomic=\"true\"><\/p> <ul><\/ul><\/div>\n<form action=\"\/sk\/wp-json\/wp\/v2\/pages\/3574#wpcf7-f4532-o1\" method=\"post\" class=\"wpcf7-form init\" novalidate=\"novalidate\" data-status=\"init\" data-trp-original-action=\"\/sk\/wp-json\/wp\/v2\/pages\/3574#wpcf7-f4532-o1\">\n<div style=\"display: none;\">\n<input type=\"hidden\" name=\"_wpcf7\" value=\"4532\" \/>\n<input type=\"hidden\" name=\"_wpcf7_version\" value=\"5.6.4\" \/>\n<input type=\"hidden\" name=\"_wpcf7_locale\" value=\"zh_CN\" \/>\n<input type=\"hidden\" name=\"_wpcf7_unit_tag\" value=\"wpcf7-f4532-o1\" \/>\n<input type=\"hidden\" name=\"_wpcf7_container_post\" value=\"0\" \/>\n<input type=\"hidden\" name=\"_wpcf7_posted_data_hash\" value=\"\" \/>\n<\/div>\n<div class=\"hunkcf71\">\n<p class=\"cf7-title\" style=\"font-size:25px;\"><i class=\"fa fa-envelope-o\"><\/i> Formul\u00e1r na dopyt\n<\/p>\n<p><span class=\"wpcf7-form-control-wrap\" data-name=\"your-name\"><input type=\"text\" name=\"your-name\" value=\"\" size=\"40\" class=\"wpcf7-form-control wpcf7-text wpcf7-validates-as-required\" aria-required=\"true\" aria-invalid=\"false\" placeholder=\"Va\u0161e meno*\" \/><\/span><\/p>\n<p><span class=\"wpcf7-form-control-wrap\" data-name=\"your-email\"><input type=\"email\" name=\"your-email\" value=\"\" size=\"40\" class=\"wpcf7-form-control wpcf7-text wpcf7-email wpcf7-validates-as-required wpcf7-validates-as-email\" aria-required=\"true\" aria-invalid=\"false\" placeholder=\"E-mailov\u00e1 adresa*\" \/><\/span><\/p>\n<p><span class=\"wpcf7-form-control-wrap\" data-name=\"your-subject\"><input type=\"text\" name=\"your-subject\" value=\"\" size=\"40\" class=\"wpcf7-form-control wpcf7-text wpcf7-validates-as-required\" aria-required=\"true\" aria-invalid=\"false\" placeholder=\"Va\u0161a krajina*\" \/><\/span><\/p>\n<p><span class=\"wpcf7-form-control-wrap\" data-name=\"your-message\"><textarea name=\"your-message\" cols=\"40\" rows=\"10\" class=\"wpcf7-form-control wpcf7-textarea wpcf7-validates-as-required\" aria-required=\"true\" aria-invalid=\"false\" placeholder=\"Ak chcete z\u00edska\u0165 najlep\u0161ie ponuky, odpor\u00fa\u010dame uvies\u0165 tieto \u00fadaje: -Samostatn\u00e9 predstavenie -\u010co h\u013ead\u00e1te -Po\u017eadovan\u00e9 \u0161pecifik\u00e1cie -P\u00fdtajte sa na cenu\/MOQ\"><\/textarea><\/span><\/p>\n<p><input type=\"submit\" value=\"Odosla\u0165\" class=\"wpcf7-form-control has-spinner wpcf7-submit\" \/><\/p>\n<\/div>\n<div class=\"wpcf7-response-output\" aria-hidden=\"true\"><\/div><input type=\"hidden\" name=\"trp-form-language\" value=\"sk\"\/><\/form><\/div>\n\n<\/div><\/div><\/div>\n\n<div class=\"gb-grid-column gb-grid-column-5d72775c\"><div class=\"gb-container gb-container-5d72775c\"><div class=\"gb-inside-container\"><\/div><\/div><\/div>\n\n<div class=\"gb-grid-column gb-grid-column-d052de79\"><div class=\"gb-container gb-container-d052de79\"><div class=\"gb-inside-container\"><\/div><\/div><\/div>\n<\/div>\n<\/div><\/div>\n\n\n<p><\/p>","protected":false},"excerpt":{"rendered":"","protected":false},"author":1,"featured_media":0,"parent":0,"menu_order":0,"comment_status":"closed","ping_status":"closed","template":"","meta":{"_generate-full-width-content":"true"},"aioseo_notices":[],"featured_image_urls":{"full":"","thumbnail":"","medium":"","medium_large":"","large":"","1536x1536":"","2048x2048":"","trp-custom-language-flag":""},"post_excerpt_stackable":"<p>Residential Electric Water Heater Commercial Electric Water Heater Commercial Electric Water Heater Domestic Electric Water Heater Electric Space Heating System Heating water in your house requires a lot of electricity. In fact, roughly 12 percent of an average home\u2019s energy consumption is spent heating water. How much energy your own water heater consumes depends not only on how much hot water you use but also on the type of water heater you install. As such, when it\u2019s time to install a new water heater in your home, it\u2019s important to compare multiple options before making a final purchasing decision. An&hellip;<\/p>\n","category_list":"","author_info":{"name":"\u521888","url":"https:\/\/www.gomonnewenergy.com\/sk\/author\/liu88"},"comments_num":"0 comments","_links":{"self":[{"href":"https:\/\/www.gomonnewenergy.com\/sk\/wp-json\/wp\/v2\/pages\/3574"}],"collection":[{"href":"https:\/\/www.gomonnewenergy.com\/sk\/wp-json\/wp\/v2\/pages"}],"about":[{"href":"https:\/\/www.gomonnewenergy.com\/sk\/wp-json\/wp\/v2\/types\/page"}],"author":[{"embeddable":true,"href":"https:\/\/www.gomonnewenergy.com\/sk\/wp-json\/wp\/v2\/users\/1"}],"replies":[{"embeddable":true,"href":"https:\/\/www.gomonnewenergy.com\/sk\/wp-json\/wp\/v2\/comments?post=3574"}],"version-history":[{"count":0,"href":"https:\/\/www.gomonnewenergy.com\/sk\/wp-json\/wp\/v2\/pages\/3574\/revisions"}],"wp:attachment":[{"href":"https:\/\/www.gomonnewenergy.com\/sk\/wp-json\/wp\/v2\/media?parent=3574"}],"curies":[{"name":"wp","href":"https:\/\/api.w.org\/{rel}","templated":true}]}}