{"id":3,"date":"2021-04-03T12:50:13","date_gmt":"2021-04-03T12:50:13","guid":{"rendered":"http:\/\/www.gomonnewenergy.com\/?page_id=3"},"modified":"2023-02-06T05:10:53","modified_gmt":"2023-02-06T05:10:53","slug":"about-us","status":"publish","type":"page","link":"https:\/\/www.gomonnewenergy.com\/sk\/o-nas","title":{"rendered":"O n\u00e1s"},"content":{"rendered":"<div class=\"gb-container gb-container-f86c0fe2\"><div class=\"gb-inside-container\">\n\n<p>Jiangsu Gomon New Energy Co. Ltd je hlavnou dc\u00e9rskou spolo\u010dnos\u0165ou skupiny Gomon. Spolo\u010dnos\u0165 bola zalo\u017een\u00e1 v roku 1998 a u\u017e viac ako 20 rokov zdokona\u013euje svoje odborn\u00e9 znalosti, procesy a syst\u00e9my nielen v oblasti v\u00fdroby tlakov\u00fdch smaltovan\u00fdch n\u00e1dr\u017e\u00ed na vodu, sol\u00e1rnej energie a v\u00fdrobkov na v\u00fdrobu energie zo vzduchu vhodn\u00fdch pre na\u0161ich z\u00e1kazn\u00edkov v oblasti novej energie, ale aj s my\u0161lienkou vytvori\u0165 pre \u013eudstvo dobr\u00fd \u017eivot s n\u00edzkymi emisiami uhl\u00edka.<\/p>\n\n<\/div><\/div>\n\n<div class=\"gb-container gb-container-3a46a0f8\"><div class=\"gb-inside-container\">\n<div class=\"gb-grid-wrapper gb-grid-wrapper-f30cde85\">\n<div class=\"gb-grid-column gb-grid-column-40a1411e\"><div class=\"gb-container gb-container-40a1411e\"><div class=\"gb-inside-container\">\n\n<h2><\/h2>\n\n\n\n<figure class=\"wp-block-embed is-type-video is-provider-youtube wp-block-embed-youtube wp-embed-aspect-16-9 wp-has-aspect-ratio\"><div class=\"wp-block-embed__wrapper\">\n<iframe loading=\"lazy\" title=\"\u00davod do spolo\u010dnosti Gomon\" width=\"1200\" height=\"675\" src=\"https:\/\/www.youtube.com\/embed\/jG9zcPF-LwY?feature=oembed\" frameborder=\"0\" allow=\"accelerometer; autoplay; clipboard-write; encrypted-media; gyroscope; picture-in-picture\" allowfullscreen><\/iframe>\n<\/div><\/figure>\n\n<\/div><\/div><\/div>\n\n<div class=\"gb-grid-column gb-grid-column-887b2d8a\"><div class=\"gb-container gb-container-887b2d8a\"><div class=\"gb-inside-container\">\n\n<p>Vlastn\u00edme laborat\u00f3rium CNAS a laborat\u00f3rium pre rozdiel entalpie tepeln\u00fdch \u010derpadiel so zdrojom vzduchu, spolu s plne automatickou v\u00fdrobnou linkou a \u010fal\u0161\u00edmi najmodernej\u0161\u00edmi zariadeniami, aby sme mohli lep\u0161ie sl\u00fa\u017ei\u0165 na\u0161im z\u00e1kazn\u00edkom a ich potreb\u00e1m.<\/p>\n\n\n\n<p>Sme plne v s\u00falade s priemyseln\u00fdmi normami, ke\u010f\u017ee sme dr\u017eite\u013emi certifik\u00e1tov CE, SOLAR MARK, WATER MARK a ETL a sme zn\u00e1mi po celom svete v\u010faka na\u0161im v\u00fdnimo\u010dn\u00fdm syst\u00e9mom riadenia kvality a misii neust\u00e1leho zlep\u0161ovania na\u0161ich v\u00fdrobn\u00fdch oper\u00e1ci\u00ed. Pr\u00e1ve toto pr\u00edsne dodr\u017eiavanie najn\u00e1ro\u010dnej\u0161ieho syst\u00e9mu kontroly kvality vedie k spokojnosti a d\u00f4vere z\u00e1kazn\u00edkov.<\/p>\n\n<\/div><\/div><\/div>\n<\/div>\n\n\n<p>S rast\u00facou glob\u00e1lnou konkurenciou a vy\u0161\u0161\u00edmi o\u010dak\u00e1vaniami na lep\u0161iu kvalitu, spo\u013eahlivos\u0165, v\u00fdkon, dod\u00e1vky a ni\u017e\u0161ie n\u00e1klady sa na\u0161e \u00fasilie zameriava na neust\u00e1le zlep\u0161ovanie a inov\u00e1cie. Z h\u013eadiska potrieb z\u00e1kazn\u00edkov smerujeme k poskytovaniu rie\u0161en\u00ed pre z\u00e1kazn\u00edkov - lep\u0161ie, r\u00fdchlej\u0161ie, lacnej\u0161ie. sme ve\u013emi ochotn\u00ed by\u0165 va\u0161\u00edm st\u00e1lym. spo\u013eahliv\u00fdm a d\u00f4veryhodn\u00fdm partnerom pre spolupr\u00e1cu.<\/p>\n\n\n\n<p>\u00daprimne sa te\u0161\u00edme na va\u0161u n\u00e1v\u0161tevu, poradenstvo a rokovania.<\/p>\n\n<\/div><\/div>\n\n<div class=\"gb-container gb-container-86921549\"><div class=\"gb-inside-container\">\n<div class=\"gb-grid-wrapper gb-grid-wrapper-37bdee99\"><\/div>\n\n\n<figure class=\"wp-block-image alignwide size-large\"><img loading=\"lazy\" width=\"1024\" height=\"458\" src=\"http:\/\/www.gomonnewenergy.com\/wp-content\/uploads\/2021\/04\/About-Us-1024x458.jpg\" alt=\"\" class=\"wp-image-4969\" srcset=\"https:\/\/www.gomonnewenergy.com\/wp-content\/uploads\/2021\/04\/About-Us-1024x458.jpg 1024w, https:\/\/www.gomonnewenergy.com\/wp-content\/uploads\/2021\/04\/About-Us-300x134.jpg 300w, https:\/\/www.gomonnewenergy.com\/wp-content\/uploads\/2021\/04\/About-Us-768x344.jpg 768w, https:\/\/www.gomonnewenergy.com\/wp-content\/uploads\/2021\/04\/About-Us.jpg 1200w\" sizes=\"(max-width: 1024px) 100vw, 1024px\" \/><\/figure>\n\n<\/div><\/div>","protected":false},"excerpt":{"rendered":"<p>Jiangsu Gomon New Energy Co. Ltd is the core subsidiary of Gomon Group. Founded in 1998, For over 20 years we not only have honed our expertise, processes, and systems in the manufacturing pressurized enamelled water tanks, solar energy and air energy products suitable for our customers in the new energy industry, but also with &#8230; <a title=\"O n\u00e1s\" class=\"read-more\" href=\"https:\/\/www.gomonnewenergy.com\/sk\/o-nas\" aria-label=\"More on About Us\">Pre\u010d\u00edtajte si viac<\/a><\/p>","protected":false},"author":1,"featured_media":0,"parent":0,"menu_order":0,"comment_status":"closed","ping_status":"open","template":"","meta":{"_generate-full-width-content":""},"aioseo_notices":[],"featured_image_urls":{"full":"","thumbnail":"","medium":"","medium_large":"","large":"","1536x1536":"","2048x2048":"","trp-custom-language-flag":""},"post_excerpt_stackable":"<p>Jiangsu Gomon New Energy Co. Ltd is the core subsidiary of Gomon Group. Founded in 1998, For over 20 years we not only have honed our expertise, processes, and systems in the manufacturing pressurized enamelled water tanks, solar energy and air energy products suitable for our customers in the new energy industry, but also with an idea\u2014To create a low-carbon green good life for mankind. We own CNAS Laboratory and Air source heat pump enthalpy difference Laboratory ,together with fully automatic production line and other more state-of-the-art facilities to better serve our customers and their needs. We are fully compliant&hellip;<\/p>\n","category_list":"","author_info":{"name":"\u521888","url":"https:\/\/www.gomonnewenergy.com\/sk\/author\/liu88"},"comments_num":"0 comments","_links":{"self":[{"href":"https:\/\/www.gomonnewenergy.com\/sk\/wp-json\/wp\/v2\/pages\/3"}],"collection":[{"href":"https:\/\/www.gomonnewenergy.com\/sk\/wp-json\/wp\/v2\/pages"}],"about":[{"href":"https:\/\/www.gomonnewenergy.com\/sk\/wp-json\/wp\/v2\/types\/page"}],"author":[{"embeddable":true,"href":"https:\/\/www.gomonnewenergy.com\/sk\/wp-json\/wp\/v2\/users\/1"}],"replies":[{"embeddable":true,"href":"https:\/\/www.gomonnewenergy.com\/sk\/wp-json\/wp\/v2\/comments?post=3"}],"version-history":[{"count":0,"href":"https:\/\/www.gomonnewenergy.com\/sk\/wp-json\/wp\/v2\/pages\/3\/revisions"}],"wp:attachment":[{"href":"https:\/\/www.gomonnewenergy.com\/sk\/wp-json\/wp\/v2\/media?parent=3"}],"curies":[{"name":"wp","href":"https:\/\/api.w.org\/{rel}","templated":true}]}}