{"id":2,"date":"2021-04-03T12:50:13","date_gmt":"2021-04-03T12:50:13","guid":{"rendered":"http:\/\/www.gomonnewenergy.com\/?page_id=2"},"modified":"2024-12-05T13:17:16","modified_gmt":"2024-12-05T13:17:16","slug":"heat-pump-water-heater","status":"publish","type":"page","link":"https:\/\/www.gomonnewenergy.com\/sk\/heat-pump-water-heater","title":{"rendered":"Ohrieva\u010d vody s tepeln\u00fdm \u010derpadlom"},"content":{"rendered":"<div class=\"gb-container gb-container-a6134bd1\"><div class=\"gb-inside-container\">\n<div class=\"gb-grid-wrapper gb-grid-wrapper-3660c808\">\n<div class=\"gb-grid-column gb-grid-column-ee52e0a5\"><div class=\"gb-container gb-container-ee52e0a5\"><div class=\"gb-inside-container\">\n\n<figure class=\"wp-block-image size-full\"><a href=\"https:\/\/www.gomonnewenergy.com\/sk\/krs35a-vd-series-all-in-one-heat-pump-water-heater-ce-certified.html\/\"><img loading=\"lazy\" width=\"768\" height=\"768\" src=\"https:\/\/www.gomonnewenergy.com\/wp-content\/uploads\/2024\/08\/KRS38A-Series-All-In-One-Heat-Pump-Water-Heater-768x768-1.jpg\" alt=\"\" class=\"wp-image-8058\" srcset=\"https:\/\/www.gomonnewenergy.com\/wp-content\/uploads\/2024\/08\/KRS38A-Series-All-In-One-Heat-Pump-Water-Heater-768x768-1.jpg 768w, https:\/\/www.gomonnewenergy.com\/wp-content\/uploads\/2024\/08\/KRS38A-Series-All-In-One-Heat-Pump-Water-Heater-768x768-1-300x300.jpg 300w, https:\/\/www.gomonnewenergy.com\/wp-content\/uploads\/2024\/08\/KRS38A-Series-All-In-One-Heat-Pump-Water-Heater-768x768-1-150x150.jpg 150w, https:\/\/www.gomonnewenergy.com\/wp-content\/uploads\/2024\/08\/KRS38A-Series-All-In-One-Heat-Pump-Water-Heater-768x768-1-12x12.jpg 12w\" sizes=\"(max-width: 768px) 100vw, 768px\" \/><\/a><\/figure>\n\n\n\n<p><a previewlistener=\"true\" href=\"https:\/\/www.gomonnewenergy.com\/sk\/krs35a-vd-series-all-in-one-heat-pump-water-heater-ce-certified.html\/\">Tepeln\u00e9 \u010derpadlo s\u00e9rie KRS35A-VD All In One (certifikovan\u00e9 CE)<\/a><\/p>\n\n\n\n<figure class=\"wp-block-image size-large\"><a href=\"https:\/\/www.gomonnewenergy.com\/sk\/krs118b-series-all-in-one-heat-pump-water-heater.html\/\"><img src=\"http:\/\/www.gomonnewenergy.com\/wp-content\/uploads\/2021\/04\/KRS118B-Series-All-In-One-Heat-Pump-Water-Heater-768x768-1.jpg\" alt=\"\"\/><\/a><\/figure>\n\n\n\n<h4><a href=\"https:\/\/www.gomonnewenergy.com\/sk\/krs118b-series-all-in-one-heat-pump-water-heater.html\/\">Ohrieva\u010d vody s tepeln\u00fdm \u010derpadlom s\u00e9rie KRS118B All In One<\/a><\/h4>\n\n<\/div><\/div><\/div>\n\n<div class=\"gb-grid-column gb-grid-column-0a0c60d0\"><div class=\"gb-container gb-container-0a0c60d0\"><div class=\"gb-inside-container\">\n\n<figure class=\"wp-block-image size-large\"><a href=\"https:\/\/www.gomonnewenergy.com\/sk\/krs38a-series-all-in-one-heat-pump-water-heater.html\/\"><img src=\"http:\/\/www.gomonnewenergy.com\/wp-content\/uploads\/2021\/04\/KRS38A-Series-All-In-One-Heat-Pump-Water-Heater-768x768-1.jpg\" alt=\"\"\/><\/a><\/figure>\n\n\n\n<h4><a href=\"https:\/\/www.gomonnewenergy.com\/sk\/krs38a-series-all-in-one-heat-pump-water-heater.html\/\">Ohrieva\u010d vody s tepeln\u00fdm \u010derpadlom s\u00e9rie KRS38A All In One<\/a><\/h4>\n\n\n\n<figure class=\"wp-block-image size-large is-resized\"><a href=\"https:\/\/www.gomonnewenergy.com\/sk\/krs16e-series-wall-mounted-heat-pump-water-heater.html\/\"><img loading=\"lazy\" src=\"http:\/\/www.gomonnewenergy.com\/wp-content\/uploads\/2021\/05\/%E6%9C%AA%E6%A0%87%E9%A2%98-1-1-768x768.jpg\" alt=\"\" width=\"235\" height=\"235\"\/><\/a><\/figure>\n\n\n\n<h2 class=\"gb-headline gb-headline-d0457a0c gb-headline-text\"><\/h2>\n\n\n\n<p class=\"has-text-align-left\"><a href=\"https:\/\/www.gomonnewenergy.com\/sk\/krs16e-series-wall-mounted-heat-pump-water-heater.html\/\" target=\"_blank\" rel=\"noreferrer noopener\">N\u00e1stenn\u00fd ohrieva\u010d vody s tepeln\u00fdm \u010derpadlom s\u00e9rie KRS16E<\/a><\/p>\n\n<\/div><\/div><\/div>\n\n<div class=\"gb-grid-column gb-grid-column-50742dc0\"><div class=\"gb-container gb-container-50742dc0\"><div class=\"gb-inside-container\">\n\n<figure class=\"wp-block-image size-large\"><a href=\"https:\/\/www.gomonnewenergy.com\/sk\/krs35a-series-all-in-one-heat-pump-water-heater.html\/\"><img src=\"http:\/\/www.gomonnewenergy.com\/wp-content\/uploads\/2021\/05\/01-768x768.jpg\" alt=\"\"\/><\/a><\/figure>\n\n\n\n<p><a href=\"https:\/\/www.gomonnewenergy.com\/sk\/krs35a-series-all-in-one-heat-pump-water-heater.html\/\" target=\"_blank\" rel=\"noreferrer noopener\">Ohrieva\u010d vody s tepeln\u00fdm \u010derpadlom s\u00e9rie KRS35A All In One<\/a><\/p>\n\n\n\n<p><\/p>\n\n\n\n<figure class=\"wp-block-image size-large is-resized\"><a href=\"https:\/\/www.gomonnewenergy.com\/sk\/krs60a-300v-series-all-in-one-heat-pump-water-mark.html\/\"><img loading=\"lazy\" src=\"https:\/\/www.gomonnewenergy.com\/wp-content\/uploads\/2024\/12\/\u5fae\u4fe1\u56fe\u7247_20241205203818-1-scaled-e1733404574671-1001x1024.jpg\" alt=\"\" class=\"wp-image-8106\" width=\"221\" height=\"226\" srcset=\"https:\/\/www.gomonnewenergy.com\/wp-content\/uploads\/2024\/12\/\u5fae\u4fe1\u56fe\u7247_20241205203818-1-scaled-e1733404574671-1001x1024.jpg 1001w, https:\/\/www.gomonnewenergy.com\/wp-content\/uploads\/2024\/12\/\u5fae\u4fe1\u56fe\u7247_20241205203818-1-scaled-e1733404574671-293x300.jpg 293w, https:\/\/www.gomonnewenergy.com\/wp-content\/uploads\/2024\/12\/\u5fae\u4fe1\u56fe\u7247_20241205203818-1-scaled-e1733404574671-768x786.jpg 768w, https:\/\/www.gomonnewenergy.com\/wp-content\/uploads\/2024\/12\/\u5fae\u4fe1\u56fe\u7247_20241205203818-1-scaled-e1733404574671-1501x1536.jpg 1501w, https:\/\/www.gomonnewenergy.com\/wp-content\/uploads\/2024\/12\/\u5fae\u4fe1\u56fe\u7247_20241205203818-1-scaled-e1733404574671-12x12.jpg 12w, https:\/\/www.gomonnewenergy.com\/wp-content\/uploads\/2024\/12\/\u5fae\u4fe1\u56fe\u7247_20241205203818-1-scaled-e1733404574671.jpg 1619w\" sizes=\"(max-width: 221px) 100vw, 221px\" \/><\/a><\/figure>\n\n\n\n<h2><\/h2>\n\n\n\n<h4><a href=\"https:\/\/www.gomonnewenergy.com\/sk\/krs60a-300v-series-all-in-one-heat-pump-water-mark.html\/\">KRS60A-300V S\u00e9ria All In One tepeln\u00e9 \u010derpadlo Water Mark<\/a><\/h4>\n\n<\/div><\/div><\/div>\n\n<div class=\"gb-grid-column gb-grid-column-d263c028\"><div class=\"gb-container gb-container-d263c028\"><div class=\"gb-inside-container\">\n\n<figure class=\"wp-block-image size-large\"><a href=\"https:\/\/www.gomonnewenergy.com\/sk\/krs75a-series-all-in-one-heat-pump-water-heater.html\/\"><img src=\"http:\/\/www.gomonnewenergy.com\/wp-content\/uploads\/2021\/05\/%E6%9C%AA%E6%A0%87%E9%A2%98-2-768x768.jpg\" alt=\"\"\/><\/a><\/figure>\n\n\n\n<p><a href=\"https:\/\/www.gomonnewenergy.com\/sk\/krs75a-series-all-in-one-heat-pump-water-heater.html\/\" target=\"_blank\" rel=\"noreferrer noopener\">Ohrieva\u010d vody s tepeln\u00fdm \u010derpadlom s\u00e9rie KRS75A All In One<\/a><\/p>\n\n<\/div><\/div><\/div>\n<\/div>\n<\/div><\/div>\n\n<div class=\"gb-container gb-container-ff1caef3\"><div class=\"gb-inside-container\">\n\n<p>Vo v\u0161eobecnosti je jednoduch\u0161ie nie\u010do premiestni\u0165 ako nie\u010do vyrobi\u0165. Na z\u00e1klade tohto princ\u00edpu vyu\u017e\u00edvaj\u00fa ohrieva\u010de vody s tepeln\u00fdm \u010derpadlom elektrick\u00fa energiu na presun tepla z jedn\u00e9ho miesta na druh\u00e9 namiesto jeho priamej v\u00fdroby.<\/p>\n\n\n\n<p>Aby ste pochopili koncept tepeln\u00fdch \u010derpadiel, predstavte si chladni\u010dku pracuj\u00facu v opa\u010dnom smere. Zatia\u013e \u010do chladni\u010dka odober\u00e1 teplo z uzavret\u00e9ho boxu a vyp\u00fa\u0161\u0165a ho do okolit\u00e9ho vzduchu, ohrieva\u010d vody s tepeln\u00fdm \u010derpadlom odober\u00e1 teplo z okolit\u00e9ho vzduchu a odovzd\u00e1va ho vode v uzavretej n\u00e1dr\u017ei.<\/p>\n\n\n\n<p>Po\u010das obdobia vysok\u00e9ho dopytu po teplej vode sa ohrieva\u010de vody s tepeln\u00fdm \u010derpadlom automaticky prep\u00ednaj\u00fa na \u0161tandardn\u00e9 elektrick\u00e9 odporov\u00e9 vykurovanie (preto sa \u010dasto ozna\u010duj\u00fa ako \"hybridn\u00e9\" ohrieva\u010de vody).<\/p>\n\n\n\n<h2>Ako funguje ohrieva\u010d vody s tepeln\u00fdm \u010derpadlom<\/h2>\n\n\n\n<p>Ohrieva\u010de vody s tepeln\u00fdm \u010derpadlom vyu\u017e\u00edvaj\u00fa elektrick\u00fa energiu na presun tepla z jedn\u00e9ho miesta na druh\u00e9 namiesto toho, aby teplo priamo vyr\u00e1bali. Preto m\u00f4\u017eu by\u0165 dva- a\u017e trikr\u00e1t energeticky \u00fa\u010dinnej\u0161ie ako be\u017en\u00e9 elektrick\u00e9 odporov\u00e9 ohrieva\u010de vody. Na presun tepla pracuj\u00fa tepeln\u00e9 \u010derpadl\u00e1 ako chladni\u010dka v opa\u010dnom smere.<\/p>\n\n\n\n<p>Zatia\u013e \u010do chladni\u010dka odober\u00e1 teplo z vn\u00fatra skrine a odv\u00e1dza ho do okolitej miestnosti, samostatn\u00fd ohrieva\u010d vody s tepeln\u00fdm \u010derpadlom na b\u00e1ze vzduchu odober\u00e1 teplo z okolit\u00e9ho vzduchu a odv\u00e1dza ho - pri vy\u0161\u0161ej teplote - do z\u00e1sobn\u00edka na ohrev vody. Samostatn\u00fd syst\u00e9m ohrevu vody s tepeln\u00fdm \u010derpadlom si m\u00f4\u017eete k\u00fapi\u0165 ako integrovan\u00fa jednotku so zabudovan\u00fdm z\u00e1sobn\u00edkom vody a z\u00e1lo\u017en\u00fdmi odporov\u00fdmi vykurovac\u00edmi telesami. Tepeln\u00e9 \u010derpadlo m\u00f4\u017eete tie\u017e dodato\u010dne namontova\u0165 tak, aby fungovalo s existuj\u00facim konven\u010dn\u00fdm z\u00e1sobn\u00edkov\u00fdm ohrieva\u010dom vody.<\/p>\n\n\n\n<p>Ohrieva\u010de vody s tepeln\u00fdm \u010derpadlom sa musia in\u0161talova\u0165 na miestach, kde sa celoro\u010dne udr\u017eiava teplota v rozmedz\u00ed 40\u00ba - 90\u00baF (4,4\u00ba - 32,2\u00baC) a kde je okolo ohrieva\u010da vody najmenej 1 000 kubick\u00fdch st\u00f4p (28,3 kubick\u00fdch metrov) vzduchov\u00e9ho priestoru. Chladn\u00fd odpadov\u00fd vzduch sa m\u00f4\u017ee odv\u00e1dza\u0165 do miestnosti alebo von. In\u0161talujte ich v priestore s prebytkom tepla, napr\u00edklad v miestnosti s pecou. Ohrieva\u010de vody s tepeln\u00fdm \u010derpadlom nebud\u00fa v chladnom priestore pracova\u0165 efekt\u00edvne. Maj\u00fa tendenciu ochladzova\u0165 priestory, v ktor\u00fdch sa nach\u00e1dzaj\u00fa. M\u00f4\u017eete tie\u017e nain\u0161talova\u0165 syst\u00e9m tepeln\u00e9ho \u010derpadla so vzduchom, ktor\u00fd kombinuje vykurovanie, chladenie a ohrev vody. Tieto kombinovan\u00e9 syst\u00e9my v zime \u010derpaj\u00fa teplo z vonkaj\u0161ieho vzduchu a v lete z vn\u00fatorn\u00e9ho vzduchu. Ke\u010f\u017ee odoberaj\u00fa teplo zo vzduchu, ak\u00fdko\u013evek typ syst\u00e9mu tepeln\u00e9ho \u010derpadla so vzduchov\u00fdm zdrojom pracuje efekt\u00edvnej\u0161ie v teplom podneb\u00ed.<\/p>\n\n\n\n<p>Majitelia domov si na vykurovanie a chladenie svojich domov in\u0161taluj\u00fa predov\u0161etk\u00fdm geoterm\u00e1lne tepeln\u00e9 \u010derpadl\u00e1, ktor\u00e9 v zime \u010derpaj\u00fa teplo zo zeme a v lete z vn\u00fatorn\u00e9ho vzduchu. Na ohrev vody m\u00f4\u017eete k syst\u00e9mu geoterm\u00e1lneho tepeln\u00e9ho \u010derpadla prida\u0165 odply\u0148ovac\u00ed ohrieva\u010d. Desuperheater je mal\u00fd pomocn\u00fd v\u00fdmenn\u00edk tepla, ktor\u00fd vyu\u017e\u00edva prehriate plyny z kompresora tepeln\u00e9ho \u010derpadla na ohrev vody. T\u00e1to hor\u00faca voda potom cirkuluje potrub\u00edm do z\u00e1sobn\u00edkov\u00e9ho ohrieva\u010da vody v dome.<\/p>\n\n\n\n<p><strong>M\u00f4\u017ee sa v\u00e1m p\u00e1\u010di\u0165<\/strong>: <a href=\"https:\/\/www.gomonnewenergy.com\/sk\/integrated-heat-pump-water-heater.html\/\">integrovan\u00fd ohrieva\u010d vody s tepeln\u00fdm \u010derpadlom<\/a>, <a href=\"https:\/\/www.gomonnewenergy.com\/sk\/domestic-hot-heat-pump-water-heater.html\/\">tento ohrieva\u010d vody s tepeln\u00fdm \u010derpadlom pre dom\u00e1cnos\u0165<\/a>, <a href=\"https:\/\/www.gomonnewenergy.com\/sk\/all-in-one-heat-pump-water-heater.html\/\">ohrieva\u010d vody s tepeln\u00fdm \u010derpadlom all in one<\/a><\/p>\n\n\n\n<p>Ods\u00e1va\u010de s\u00fa k dispoz\u00edcii aj pre bezodtokov\u00e9 ohrieva\u010de vody alebo ohrieva\u010de vody na po\u017eiadanie. V lete desuperheater vyu\u017e\u00edva prebyto\u010dn\u00e9 teplo, ktor\u00e9 by inak bolo vypusten\u00e9 do zeme. Preto ke\u010f geoterm\u00e1lne tepeln\u00e9 \u010derpadlo v lete \u010dasto pracuje, m\u00f4\u017ee ohrieva\u0165 v\u0161etku va\u0161u vodu.<\/p>\n\n\n\n<p>Na jese\u0148, v zime a na jar - ke\u010f odply\u0148ovac\u00ed ohrieva\u010d nevyr\u00e1ba to\u013eko prebyto\u010dn\u00e9ho tepla - sa budete musie\u0165 pri ohrievan\u00ed vody viac spolieha\u0165 na z\u00e1sobn\u00edkov\u00fd ohrieva\u010d alebo ohrieva\u010d vody na po\u017eiadanie. Niektor\u00ed v\u00fdrobcovia pon\u00fakaj\u00fa aj trojfunk\u010dn\u00e9 syst\u00e9my geoterm\u00e1lnych tepeln\u00fdch \u010derpadiel, ktor\u00e9 zabezpe\u010duj\u00fa vykurovanie, chladenie a pr\u00edpravu teplej vody. Vyu\u017e\u00edvaj\u00fa samostatn\u00fd v\u00fdmenn\u00edk tepla na uspokojenie v\u0161etk\u00fdch potrieb dom\u00e1cnosti na pr\u00edpravu teplej vody.<\/p>\n\n\n<div class=\"gb-grid-wrapper gb-grid-wrapper-34a89ead\">\n<div class=\"gb-grid-column gb-grid-column-4f6f793a\"><div class=\"gb-container gb-container-4f6f793a\"><div class=\"gb-inside-container\">\n<div role=\"form\" class=\"wpcf7\" id=\"wpcf7-f4532-o1\" lang=\"zh-CN\" dir=\"ltr\">\n<div class=\"screen-reader-response\"><p role=\"status\" aria-live=\"polite\" aria-atomic=\"true\"><\/p> <ul><\/ul><\/div>\n<form action=\"\/sk\/wp-json\/wp\/v2\/pages\/2#wpcf7-f4532-o1\" method=\"post\" class=\"wpcf7-form init\" novalidate=\"novalidate\" data-status=\"init\" data-trp-original-action=\"\/sk\/wp-json\/wp\/v2\/pages\/2#wpcf7-f4532-o1\">\n<div style=\"display: none;\">\n<input type=\"hidden\" name=\"_wpcf7\" value=\"4532\" \/>\n<input type=\"hidden\" name=\"_wpcf7_version\" value=\"5.6.4\" \/>\n<input type=\"hidden\" name=\"_wpcf7_locale\" value=\"zh_CN\" \/>\n<input type=\"hidden\" name=\"_wpcf7_unit_tag\" value=\"wpcf7-f4532-o1\" \/>\n<input type=\"hidden\" name=\"_wpcf7_container_post\" value=\"0\" \/>\n<input type=\"hidden\" name=\"_wpcf7_posted_data_hash\" value=\"\" \/>\n<\/div>\n<div class=\"hunkcf71\">\n<p class=\"cf7-title\" style=\"font-size:25px;\"><i class=\"fa fa-envelope-o\"><\/i> Formul\u00e1r na dopyt\n<\/p>\n<p><span class=\"wpcf7-form-control-wrap\" data-name=\"your-name\"><input type=\"text\" name=\"your-name\" value=\"\" size=\"40\" class=\"wpcf7-form-control wpcf7-text wpcf7-validates-as-required\" aria-required=\"true\" aria-invalid=\"false\" placeholder=\"Va\u0161e meno*\" \/><\/span><\/p>\n<p><span class=\"wpcf7-form-control-wrap\" data-name=\"your-email\"><input type=\"email\" name=\"your-email\" value=\"\" size=\"40\" class=\"wpcf7-form-control wpcf7-text wpcf7-email wpcf7-validates-as-required wpcf7-validates-as-email\" aria-required=\"true\" aria-invalid=\"false\" placeholder=\"E-mailov\u00e1 adresa*\" \/><\/span><\/p>\n<p><span class=\"wpcf7-form-control-wrap\" data-name=\"your-subject\"><input type=\"text\" name=\"your-subject\" value=\"\" size=\"40\" class=\"wpcf7-form-control wpcf7-text wpcf7-validates-as-required\" aria-required=\"true\" aria-invalid=\"false\" placeholder=\"Va\u0161a krajina*\" \/><\/span><\/p>\n<p><span class=\"wpcf7-form-control-wrap\" data-name=\"your-message\"><textarea name=\"your-message\" cols=\"40\" rows=\"10\" class=\"wpcf7-form-control wpcf7-textarea wpcf7-validates-as-required\" aria-required=\"true\" aria-invalid=\"false\" placeholder=\"Ak chcete z\u00edska\u0165 najlep\u0161ie ponuky, odpor\u00fa\u010dame uvies\u0165 tieto \u00fadaje: -Samostatn\u00e9 predstavenie -\u010co h\u013ead\u00e1te -Po\u017eadovan\u00e9 \u0161pecifik\u00e1cie -P\u00fdtajte sa na cenu\/MOQ\"><\/textarea><\/span><\/p>\n<p><input type=\"submit\" value=\"Odosla\u0165\" class=\"wpcf7-form-control has-spinner wpcf7-submit\" \/><\/p>\n<\/div>\n<div class=\"wpcf7-response-output\" aria-hidden=\"true\"><\/div><input type=\"hidden\" name=\"trp-form-language\" value=\"sk\"\/><\/form><\/div>\n\n<\/div><\/div><\/div>\n\n<div class=\"gb-grid-column gb-grid-column-692e151e\"><div class=\"gb-container gb-container-692e151e\"><div class=\"gb-inside-container\"><\/div><\/div><\/div>\n\n<div class=\"gb-grid-column gb-grid-column-c9a6bbd0\"><div class=\"gb-container gb-container-c9a6bbd0\"><div class=\"gb-inside-container\"><\/div><\/div><\/div>\n<\/div>\n<\/div><\/div>","protected":false},"excerpt":{"rendered":"","protected":false},"author":1,"featured_media":0,"parent":0,"menu_order":0,"comment_status":"closed","ping_status":"open","template":"","meta":{"_generate-full-width-content":""},"aioseo_notices":[],"featured_image_urls":{"full":"","thumbnail":"","medium":"","medium_large":"","large":"","1536x1536":"","2048x2048":"","trp-custom-language-flag":""},"post_excerpt_stackable":"<p>KRS35A-VD Series All In One Heat Pump (CE Certified) KRS118B Series All In One Heat Pump Water Heater KRS38A Series All In One Heat Pump Water Heater KRS16E Series Wall Mounted Heat Pump Water Heater KRS35A Series All In One Heat Pump Water Heater KRS60A-300V Series All In One Heat Pump Water Mark KRS75A Series All In One Heat Pump Water Heater It&#8217;s generally easier to move something than to make something. Putting that principle to use, Heat Pump Water Heaters use electricity to move heat from one place to another instead of generating heat directly. To understand the concept&hellip;<\/p>\n","category_list":"","author_info":{"name":"\u521888","url":"https:\/\/www.gomonnewenergy.com\/sk\/author\/liu88"},"comments_num":"0 comments","_links":{"self":[{"href":"https:\/\/www.gomonnewenergy.com\/sk\/wp-json\/wp\/v2\/pages\/2"}],"collection":[{"href":"https:\/\/www.gomonnewenergy.com\/sk\/wp-json\/wp\/v2\/pages"}],"about":[{"href":"https:\/\/www.gomonnewenergy.com\/sk\/wp-json\/wp\/v2\/types\/page"}],"author":[{"embeddable":true,"href":"https:\/\/www.gomonnewenergy.com\/sk\/wp-json\/wp\/v2\/users\/1"}],"replies":[{"embeddable":true,"href":"https:\/\/www.gomonnewenergy.com\/sk\/wp-json\/wp\/v2\/comments?post=2"}],"version-history":[{"count":0,"href":"https:\/\/www.gomonnewenergy.com\/sk\/wp-json\/wp\/v2\/pages\/2\/revisions"}],"wp:attachment":[{"href":"https:\/\/www.gomonnewenergy.com\/sk\/wp-json\/wp\/v2\/media?parent=2"}],"curies":[{"name":"wp","href":"https:\/\/api.w.org\/{rel}","templated":true}]}}