{"id":5026,"date":"2021-04-05T08:55:02","date_gmt":"2021-04-05T08:55:02","guid":{"rendered":"http:\/\/www.gomonnewenergy.com\/?page_id=5026"},"modified":"2023-02-06T05:10:24","modified_gmt":"2023-02-06T05:10:24","slug":"our-advantage","status":"publish","type":"page","link":"https:\/\/www.gomonnewenergy.com\/pt\/nossa-vantagem","title":{"rendered":"Nossa vantagem"},"content":{"rendered":"<div class=\"gb-container gb-container-302e636c\"><div class=\"gb-inside-container\">\n\n<h3>O tanque de \u00e1gua esmaltado \u00e9 o principal componente dos aquecedores de \u00e1gua<\/h3>\n\n\n\n<p>O revestimento de esmalte \u00e9 uma forma de prote\u00e7\u00e3o anticorrosiva de superf\u00edcies met\u00e1licas. A prote\u00e7\u00e3o esmaltada consiste na cria\u00e7\u00e3o de uma camada cont\u00ednua imperme\u00e1vel, que isola o metal da \u00e1gua. Assim, as caixas d'\u00e1gua esmaltadas demonstram alta resist\u00eancia a todos os tipos de \u00e1gua, especialmente \u00e0 \u00e1gua dura. O revestimento de esmalte \u00e9 criado por meio da aplica\u00e7\u00e3o do material na folha de metal e da queima em um forno a uma temperatura superior a 800 \u00b0C, o que resulta em uma camada de revestimento v\u00edtrea e altamente resistente.<\/p>\n\n\n\n<p>Nossos tanques de \u00e1gua cont\u00eam duas camadas de esmalte. Devido a isso, todos os tanques de \u00e1gua esmaltados est\u00e3o atingindo o mais alto n\u00edvel de prote\u00e7\u00e3o anticorrosiva e vida \u00fatil mais longa do que o padr\u00e3o. Oferecemos esmalte altamente resistente a produtos qu\u00edmicos, bem como esmalte destinado ao contato com \u00e1gua pot\u00e1vel e alimentos.<\/p>\n\n\n\n<p>Todos os produtos da GOMON t\u00eam um ID exclusivo, o que torna nosso processo de produ\u00e7\u00e3o rastre\u00e1vel, garantindo que os produtos da GOMON mere\u00e7am confian\u00e7a.<\/p>\n\n\n\n<p>Para garantir a qualidade dos produtos fabricados, implementamos o sistema de gerenciamento de qualidade de acordo com a norma ISO 9001. Al\u00e9m disso, nossos tanques esmaltados s\u00e3o aprovados por todos os tipos de normas internacionais (CE, WATER MARK, ETL, WRAS, EN12977-3).<\/p>\n\n\n<div class=\"gb-grid-wrapper gb-grid-wrapper-e0edc973\">\n<div class=\"gb-grid-column gb-grid-column-21895bd9\"><div class=\"gb-container gb-container-21895bd9\"><div class=\"gb-inside-container\">\n\n<figure class=\"wp-block-image size-large\"><img loading=\"lazy\" width=\"220\" height=\"200\" src=\"http:\/\/www.gomonnewenergy.com\/wp-content\/uploads\/2021\/04\/CE.jpg\" alt=\"\" class=\"wp-image-5027\"\/><\/figure>\n\n<\/div><\/div><\/div>\n\n<div class=\"gb-grid-column gb-grid-column-877e4e3e\"><div class=\"gb-container gb-container-877e4e3e\"><div class=\"gb-inside-container\">\n\n<figure class=\"wp-block-image size-large\"><img loading=\"lazy\" width=\"220\" height=\"200\" src=\"http:\/\/www.gomonnewenergy.com\/wp-content\/uploads\/2021\/04\/ETL.jpg\" alt=\"\" class=\"wp-image-5028\"\/><\/figure>\n\n<\/div><\/div><\/div>\n\n<div class=\"gb-grid-column gb-grid-column-82a47d7f\"><div class=\"gb-container gb-container-82a47d7f\"><div class=\"gb-inside-container\">\n\n<figure class=\"wp-block-image size-large\"><img loading=\"lazy\" width=\"220\" height=\"200\" src=\"http:\/\/www.gomonnewenergy.com\/wp-content\/uploads\/2021\/04\/SK.jpg\" alt=\"\" class=\"wp-image-5029\"\/><\/figure>\n\n<\/div><\/div><\/div>\n\n<div class=\"gb-grid-column gb-grid-column-27d2d8dd\"><div class=\"gb-container gb-container-27d2d8dd\"><div class=\"gb-inside-container\">\n\n<figure class=\"wp-block-image size-large\"><img loading=\"lazy\" width=\"220\" height=\"200\" src=\"http:\/\/www.gomonnewenergy.com\/wp-content\/uploads\/2021\/04\/Water-Mark.jpg\" alt=\"\" class=\"wp-image-5030\"\/><\/figure>\n\n<\/div><\/div><\/div>\n\n<div class=\"gb-grid-column gb-grid-column-80d94dea\"><div class=\"gb-container gb-container-80d94dea\"><div class=\"gb-inside-container\">\n\n<figure class=\"wp-block-image size-large\"><img loading=\"lazy\" width=\"220\" height=\"200\" src=\"http:\/\/www.gomonnewenergy.com\/wp-content\/uploads\/2021\/04\/Wras.jpg\" alt=\"\" class=\"wp-image-5031\"\/><\/figure>\n\n<\/div><\/div><\/div>\n<\/div>\n<\/div><\/div>\n\n<div class=\"gb-container gb-container-30c28d41\"><div class=\"gb-inside-container\">\n<div class=\"gb-grid-wrapper gb-grid-wrapper-5e92d2e5\">\n<div class=\"gb-grid-column gb-grid-column-0ef17b38\"><div class=\"gb-container gb-container-0ef17b38\"><div class=\"gb-inside-container\">\n\n<figure class=\"wp-block-embed is-type-video is-provider-youtube wp-block-embed-youtube wp-embed-aspect-16-9 wp-has-aspect-ratio\"><div class=\"wp-block-embed__wrapper\">\n<iframe loading=\"lazy\" title=\"Processo de produ\u00e7\u00e3o de tanques de \u00e1gua esmaltados\" width=\"1200\" height=\"675\" src=\"https:\/\/www.youtube.com\/embed\/3Vk71Bd9RnM?feature=oembed\" frameborder=\"0\" allow=\"accelerometer; autoplay; clipboard-write; encrypted-media; gyroscope; picture-in-picture\" allowfullscreen><\/iframe>\n<\/div><\/figure>\n\n<\/div><\/div><\/div>\n\n<div class=\"gb-grid-column gb-grid-column-42745d2a\"><div class=\"gb-container gb-container-42745d2a\"><div class=\"gb-inside-container\">\n\n<figure class=\"wp-block-embed is-type-video is-provider-youtube wp-block-embed-youtube wp-embed-aspect-16-9 wp-has-aspect-ratio\"><div class=\"wp-block-embed__wrapper\">\n<iframe loading=\"lazy\" title=\"Classifica\u00e7\u00e3o do aquecedor de \u00e1gua\" width=\"1200\" height=\"675\" src=\"https:\/\/www.youtube.com\/embed\/coYqmi5wXPk?feature=oembed\" frameborder=\"0\" allow=\"accelerometer; autoplay; clipboard-write; encrypted-media; gyroscope; picture-in-picture\" allowfullscreen><\/iframe>\n<\/div><\/figure>\n\n<\/div><\/div><\/div>\n<\/div>\n<\/div><\/div>","protected":false},"excerpt":{"rendered":"","protected":false},"author":1,"featured_media":0,"parent":0,"menu_order":0,"comment_status":"closed","ping_status":"closed","template":"","meta":{"_generate-full-width-content":""},"aioseo_notices":[],"featured_image_urls":{"full":"","thumbnail":"","medium":"","medium_large":"","large":"","1536x1536":"","2048x2048":"","trp-custom-language-flag":""},"post_excerpt_stackable":"<p>Enamelled Water Tank Is The Core Component Of Water Heaters Enamel coating is a form of an anti-corrosion protection of metal surfaces. The enamel protection consists in creation of an impermeable continuous layer, which isolates the metal from water. Thus the enamelled water tanks demonstrate a high resistance against all kinds of water.especially for hard water. Enamel coating is created by an application of the material on the metal sheet and burning it in a furnace at the temperature higher than 800 \u00b0C, which results in a vitreous, highly resistant coating layer. Our water tanks contain two layers of enamel.&hellip;<\/p>\n","category_list":"","author_info":{"name":"\u521888","url":"https:\/\/www.gomonnewenergy.com\/pt\/author\/liu88"},"comments_num":"0 coment\u00e1rio","_links":{"self":[{"href":"https:\/\/www.gomonnewenergy.com\/pt\/wp-json\/wp\/v2\/pages\/5026"}],"collection":[{"href":"https:\/\/www.gomonnewenergy.com\/pt\/wp-json\/wp\/v2\/pages"}],"about":[{"href":"https:\/\/www.gomonnewenergy.com\/pt\/wp-json\/wp\/v2\/types\/page"}],"author":[{"embeddable":true,"href":"https:\/\/www.gomonnewenergy.com\/pt\/wp-json\/wp\/v2\/users\/1"}],"replies":[{"embeddable":true,"href":"https:\/\/www.gomonnewenergy.com\/pt\/wp-json\/wp\/v2\/comments?post=5026"}],"version-history":[{"count":0,"href":"https:\/\/www.gomonnewenergy.com\/pt\/wp-json\/wp\/v2\/pages\/5026\/revisions"}],"wp:attachment":[{"href":"https:\/\/www.gomonnewenergy.com\/pt\/wp-json\/wp\/v2\/media?parent=5026"}],"curies":[{"name":"wp","href":"https:\/\/api.w.org\/{rel}","templated":true}]}}