{"id":3618,"date":"2020-10-26T20:24:54","date_gmt":"2020-10-26T20:24:54","guid":{"rendered":"https:\/\/gpsites.co\/health\/?page_id=3618"},"modified":"2023-02-06T05:11:11","modified_gmt":"2023-02-06T05:11:11","slug":"manufacturing-center","status":"publish","type":"page","link":"https:\/\/www.gomonnewenergy.com\/pt\/centro-de-fabricacao","title":{"rendered":"Centro de Manufatura"},"content":{"rendered":"<div class=\"gb-container gb-container-58e81fab\"><div class=\"gb-inside-container\">\n\n<p>Possu\u00edmos tr\u00eas grandes oficinas de fabrica\u00e7\u00e3o com linha de produ\u00e7\u00e3o autom\u00e1tica avan\u00e7ada internacional para tanques de \u00e1gua de esmalte de porcelana e montagem de sistemas de aquecimento de \u00e1gua.<\/p>\n\n\n\n<p>A excelente qualidade depende da precis\u00e3o da produ\u00e7\u00e3o!<\/p>\n\n<\/div><\/div>\n\n<div class=\"gb-container gb-container-7a97253e\"><div class=\"gb-inside-container\">\n\n<figure class=\"wp-block-image alignwide size-large\"><img loading=\"lazy\" width=\"1024\" height=\"266\" src=\"http:\/\/www.gomonnewenergy.com\/wp-content\/uploads\/2021\/04\/Manufacturing-Center001-1024x266.jpg\" alt=\"\" class=\"wp-image-4983\" srcset=\"https:\/\/www.gomonnewenergy.com\/wp-content\/uploads\/2021\/04\/Manufacturing-Center001-1024x266.jpg 1024w, https:\/\/www.gomonnewenergy.com\/wp-content\/uploads\/2021\/04\/Manufacturing-Center001-300x78.jpg 300w, https:\/\/www.gomonnewenergy.com\/wp-content\/uploads\/2021\/04\/Manufacturing-Center001-768x200.jpg 768w, https:\/\/www.gomonnewenergy.com\/wp-content\/uploads\/2021\/04\/Manufacturing-Center001.jpg 1200w\" sizes=\"(max-width: 1024px) 100vw, 1024px\" \/><\/figure>\n\n<\/div><\/div>\n\n<div class=\"gb-container gb-container-6497a2ba\"><div class=\"gb-inside-container\">\n<div class=\"gb-grid-wrapper gb-grid-wrapper-e239a030\">\n<div class=\"gb-grid-column gb-grid-column-4f876311\"><div class=\"gb-container gb-container-4f876311\"><div class=\"gb-inside-container\">\n\n<figure class=\"wp-block-image size-large\"><img loading=\"lazy\" width=\"768\" height=\"512\" src=\"http:\/\/www.gomonnewenergy.com\/wp-content\/uploads\/2021\/04\/Manufacturing-Center-01-768x512-1.jpg\" alt=\"\" class=\"wp-image-4984\" srcset=\"https:\/\/www.gomonnewenergy.com\/wp-content\/uploads\/2021\/04\/Manufacturing-Center-01-768x512-1.jpg 768w, https:\/\/www.gomonnewenergy.com\/wp-content\/uploads\/2021\/04\/Manufacturing-Center-01-768x512-1-300x200.jpg 300w\" sizes=\"(max-width: 768px) 100vw, 768px\" \/><\/figure>\n\n<\/div><\/div><\/div>\n\n<div class=\"gb-grid-column gb-grid-column-bb6b46c2\"><div class=\"gb-container gb-container-bb6b46c2\"><div class=\"gb-inside-container\">\n\n<figure class=\"wp-block-image size-large\"><img loading=\"lazy\" width=\"768\" height=\"512\" src=\"http:\/\/www.gomonnewenergy.com\/wp-content\/uploads\/2021\/04\/Manufacturing-Center-02-768x512-1.jpg\" alt=\"\" class=\"wp-image-4985\" srcset=\"https:\/\/www.gomonnewenergy.com\/wp-content\/uploads\/2021\/04\/Manufacturing-Center-02-768x512-1.jpg 768w, https:\/\/www.gomonnewenergy.com\/wp-content\/uploads\/2021\/04\/Manufacturing-Center-02-768x512-1-300x200.jpg 300w\" sizes=\"(max-width: 768px) 100vw, 768px\" \/><\/figure>\n\n<\/div><\/div><\/div>\n<\/div>\n<\/div><\/div>\n\n<div class=\"gb-container gb-container-7c3ebc17\"><div class=\"gb-inside-container\">\n<div class=\"gb-grid-wrapper gb-grid-wrapper-677acafc\">\n<div class=\"gb-grid-column gb-grid-column-3904d77b\"><div class=\"gb-container gb-container-3904d77b\"><div class=\"gb-inside-container\">\n\n<figure class=\"wp-block-image size-large\"><img loading=\"lazy\" width=\"768\" height=\"512\" src=\"http:\/\/www.gomonnewenergy.com\/wp-content\/uploads\/2021\/04\/Manufacturing-Center-03-768x512-1.jpg\" alt=\"\" class=\"wp-image-4986\" srcset=\"https:\/\/www.gomonnewenergy.com\/wp-content\/uploads\/2021\/04\/Manufacturing-Center-03-768x512-1.jpg 768w, https:\/\/www.gomonnewenergy.com\/wp-content\/uploads\/2021\/04\/Manufacturing-Center-03-768x512-1-300x200.jpg 300w\" sizes=\"(max-width: 768px) 100vw, 768px\" \/><\/figure>\n\n<\/div><\/div><\/div>\n\n<div class=\"gb-grid-column gb-grid-column-0e422c1f\"><div class=\"gb-container gb-container-0e422c1f\"><div class=\"gb-inside-container\">\n\n<figure class=\"wp-block-image size-large\"><img loading=\"lazy\" width=\"768\" height=\"512\" src=\"http:\/\/www.gomonnewenergy.com\/wp-content\/uploads\/2021\/04\/Manufacturing-Center-04-768x512-1.jpg\" alt=\"\" class=\"wp-image-4987\" srcset=\"https:\/\/www.gomonnewenergy.com\/wp-content\/uploads\/2021\/04\/Manufacturing-Center-04-768x512-1.jpg 768w, https:\/\/www.gomonnewenergy.com\/wp-content\/uploads\/2021\/04\/Manufacturing-Center-04-768x512-1-300x200.jpg 300w\" sizes=\"(max-width: 768px) 100vw, 768px\" \/><\/figure>\n\n<\/div><\/div><\/div>\n<\/div>\n<\/div><\/div>\n\n<div class=\"gb-container gb-container-738c22bc\"><div class=\"gb-inside-container\">\n<div class=\"gb-grid-wrapper gb-grid-wrapper-6ff8e9c2\">\n<div class=\"gb-grid-column gb-grid-column-ef6df297\"><div class=\"gb-container gb-container-ef6df297\"><div class=\"gb-inside-container\">\n\n<figure class=\"wp-block-image size-large\"><img loading=\"lazy\" width=\"768\" height=\"512\" src=\"http:\/\/www.gomonnewenergy.com\/wp-content\/uploads\/2021\/04\/Manufacturing-Center-05-768x512-1.jpg\" alt=\"\" class=\"wp-image-4988\" srcset=\"https:\/\/www.gomonnewenergy.com\/wp-content\/uploads\/2021\/04\/Manufacturing-Center-05-768x512-1.jpg 768w, https:\/\/www.gomonnewenergy.com\/wp-content\/uploads\/2021\/04\/Manufacturing-Center-05-768x512-1-300x200.jpg 300w\" sizes=\"(max-width: 768px) 100vw, 768px\" \/><\/figure>\n\n<\/div><\/div><\/div>\n\n<div class=\"gb-grid-column gb-grid-column-e5f8bd76\"><div class=\"gb-container gb-container-e5f8bd76\"><div class=\"gb-inside-container\">\n\n<figure class=\"wp-block-image size-large\"><img loading=\"lazy\" width=\"768\" height=\"512\" src=\"http:\/\/www.gomonnewenergy.com\/wp-content\/uploads\/2021\/04\/Manufacturing-Center-06-768x512-1.jpg\" alt=\"\" class=\"wp-image-4989\" srcset=\"https:\/\/www.gomonnewenergy.com\/wp-content\/uploads\/2021\/04\/Manufacturing-Center-06-768x512-1.jpg 768w, https:\/\/www.gomonnewenergy.com\/wp-content\/uploads\/2021\/04\/Manufacturing-Center-06-768x512-1-300x200.jpg 300w\" sizes=\"(max-width: 768px) 100vw, 768px\" \/><\/figure>\n\n<\/div><\/div><\/div>\n<\/div>\n<\/div><\/div>\n\n<div class=\"gb-container gb-container-8398c177\"><div class=\"gb-inside-container\">\n<div class=\"gb-grid-wrapper gb-grid-wrapper-94726c4c\">\n<div class=\"gb-grid-column gb-grid-column-bdbb8dc7\"><div class=\"gb-container gb-container-bdbb8dc7\"><div class=\"gb-inside-container\">\n\n<figure class=\"wp-block-image size-large\"><img loading=\"lazy\" width=\"768\" height=\"512\" src=\"http:\/\/www.gomonnewenergy.com\/wp-content\/uploads\/2021\/04\/Manufacturing-Center-08-768x512-1.jpg\" alt=\"\" class=\"wp-image-4990\" srcset=\"https:\/\/www.gomonnewenergy.com\/wp-content\/uploads\/2021\/04\/Manufacturing-Center-08-768x512-1.jpg 768w, https:\/\/www.gomonnewenergy.com\/wp-content\/uploads\/2021\/04\/Manufacturing-Center-08-768x512-1-300x200.jpg 300w\" sizes=\"(max-width: 768px) 100vw, 768px\" \/><\/figure>\n\n<\/div><\/div><\/div>\n\n<div class=\"gb-grid-column gb-grid-column-2be97005\"><div class=\"gb-container gb-container-2be97005\"><div class=\"gb-inside-container\">\n\n<figure class=\"wp-block-image size-large\"><img loading=\"lazy\" width=\"768\" height=\"512\" src=\"http:\/\/www.gomonnewenergy.com\/wp-content\/uploads\/2021\/04\/Manufacturing-Center-09-768x512-1.jpg\" alt=\"\" class=\"wp-image-4991\" srcset=\"https:\/\/www.gomonnewenergy.com\/wp-content\/uploads\/2021\/04\/Manufacturing-Center-09-768x512-1.jpg 768w, https:\/\/www.gomonnewenergy.com\/wp-content\/uploads\/2021\/04\/Manufacturing-Center-09-768x512-1-300x200.jpg 300w\" sizes=\"(max-width: 768px) 100vw, 768px\" \/><\/figure>\n\n<\/div><\/div><\/div>\n<\/div>\n<\/div><\/div>\n\n<div class=\"gb-container gb-container-ee9fc6fc\"><div class=\"gb-inside-container\">\n<div class=\"gb-grid-wrapper gb-grid-wrapper-f4f3375f\">\n<div class=\"gb-grid-column gb-grid-column-4f41f872\"><div class=\"gb-container gb-container-4f41f872\"><div class=\"gb-inside-container\">\n\n<figure class=\"wp-block-image size-large\"><img loading=\"lazy\" width=\"768\" height=\"512\" src=\"http:\/\/www.gomonnewenergy.com\/wp-content\/uploads\/2021\/04\/Manufacturing-Center-010-768x512-1.jpg\" alt=\"\" class=\"wp-image-4992\" srcset=\"https:\/\/www.gomonnewenergy.com\/wp-content\/uploads\/2021\/04\/Manufacturing-Center-010-768x512-1.jpg 768w, https:\/\/www.gomonnewenergy.com\/wp-content\/uploads\/2021\/04\/Manufacturing-Center-010-768x512-1-300x200.jpg 300w\" sizes=\"(max-width: 768px) 100vw, 768px\" \/><\/figure>\n\n<\/div><\/div><\/div>\n\n<div class=\"gb-grid-column gb-grid-column-5a60803d\"><div class=\"gb-container gb-container-5a60803d\"><div class=\"gb-inside-container\">\n\n<figure class=\"wp-block-image size-large\"><img loading=\"lazy\" width=\"768\" height=\"512\" src=\"http:\/\/www.gomonnewenergy.com\/wp-content\/uploads\/2021\/04\/Manufacturing-Center-07-768x512-1.jpg\" alt=\"\" class=\"wp-image-5001\" srcset=\"https:\/\/www.gomonnewenergy.com\/wp-content\/uploads\/2021\/04\/Manufacturing-Center-07-768x512-1.jpg 768w, https:\/\/www.gomonnewenergy.com\/wp-content\/uploads\/2021\/04\/Manufacturing-Center-07-768x512-1-300x200.jpg 300w\" sizes=\"(max-width: 768px) 100vw, 768px\" \/><\/figure>\n\n<\/div><\/div><\/div>\n<\/div>\n<\/div><\/div>\n\n<div class=\"gb-container gb-container-c4f7c5d6\"><div class=\"gb-inside-container\">\n<div class=\"gb-grid-wrapper gb-grid-wrapper-84c36282\">\n<div class=\"gb-grid-column gb-grid-column-0af7b17a\"><div class=\"gb-container gb-container-0af7b17a\"><div class=\"gb-inside-container\">\n\n<figure class=\"wp-block-image size-large\"><img loading=\"lazy\" width=\"768\" height=\"512\" src=\"http:\/\/www.gomonnewenergy.com\/wp-content\/uploads\/2021\/04\/Manufacturing-Center-011-768x512-1.jpg\" alt=\"\" class=\"wp-image-4993\" srcset=\"https:\/\/www.gomonnewenergy.com\/wp-content\/uploads\/2021\/04\/Manufacturing-Center-011-768x512-1.jpg 768w, https:\/\/www.gomonnewenergy.com\/wp-content\/uploads\/2021\/04\/Manufacturing-Center-011-768x512-1-300x200.jpg 300w\" sizes=\"(max-width: 768px) 100vw, 768px\" \/><\/figure>\n\n<\/div><\/div><\/div>\n\n<div class=\"gb-grid-column gb-grid-column-a53c9705\"><div class=\"gb-container gb-container-a53c9705\"><div class=\"gb-inside-container\">\n\n<figure class=\"wp-block-image size-large\"><img loading=\"lazy\" width=\"768\" height=\"512\" src=\"http:\/\/www.gomonnewenergy.com\/wp-content\/uploads\/2021\/04\/Manufacturing-Center-012-768x512-1.jpg\" alt=\"\" class=\"wp-image-4994\" srcset=\"https:\/\/www.gomonnewenergy.com\/wp-content\/uploads\/2021\/04\/Manufacturing-Center-012-768x512-1.jpg 768w, https:\/\/www.gomonnewenergy.com\/wp-content\/uploads\/2021\/04\/Manufacturing-Center-012-768x512-1-300x200.jpg 300w\" sizes=\"(max-width: 768px) 100vw, 768px\" \/><\/figure>\n\n<\/div><\/div><\/div>\n<\/div>\n<\/div><\/div>","protected":false},"excerpt":{"rendered":"<p>Possu\u00edmos tr\u00eas grandes oficinas de fabrica\u00e7\u00e3o com linha de produ\u00e7\u00e3o autom\u00e1tica avan\u00e7ada internacional para tanques de \u00e1gua de esmalte de porcelana e montagem de sistemas de aquecimento de \u00e1gua. A excelente qualidade depende da precis\u00e3o da produ\u00e7\u00e3o!<\/p>","protected":false},"author":1,"featured_media":0,"parent":0,"menu_order":0,"comment_status":"closed","ping_status":"closed","template":"","meta":{"_generate-full-width-content":"true"},"aioseo_notices":[],"featured_image_urls":{"full":"","thumbnail":"","medium":"","medium_large":"","large":"","1536x1536":"","2048x2048":"","trp-custom-language-flag":""},"post_excerpt_stackable":"<p>We own three big manufacturing workshops with international advanced automatic production line for porcelain enamel water tanks and water heating systems assembly. Excellent quality depends on precision production!<\/p>\n","category_list":"","author_info":{"name":"\u521888","url":"https:\/\/www.gomonnewenergy.com\/pt\/author\/liu88"},"comments_num":"0 coment\u00e1rio","_links":{"self":[{"href":"https:\/\/www.gomonnewenergy.com\/pt\/wp-json\/wp\/v2\/pages\/3618"}],"collection":[{"href":"https:\/\/www.gomonnewenergy.com\/pt\/wp-json\/wp\/v2\/pages"}],"about":[{"href":"https:\/\/www.gomonnewenergy.com\/pt\/wp-json\/wp\/v2\/types\/page"}],"author":[{"embeddable":true,"href":"https:\/\/www.gomonnewenergy.com\/pt\/wp-json\/wp\/v2\/users\/1"}],"replies":[{"embeddable":true,"href":"https:\/\/www.gomonnewenergy.com\/pt\/wp-json\/wp\/v2\/comments?post=3618"}],"version-history":[{"count":0,"href":"https:\/\/www.gomonnewenergy.com\/pt\/wp-json\/wp\/v2\/pages\/3618\/revisions"}],"wp:attachment":[{"href":"https:\/\/www.gomonnewenergy.com\/pt\/wp-json\/wp\/v2\/media?parent=3618"}],"curies":[{"name":"wp","href":"https:\/\/api.w.org\/{rel}","templated":true}]}}