{"id":3578,"date":"2020-10-26T20:05:55","date_gmt":"2020-10-26T20:05:55","guid":{"rendered":"https:\/\/gpsites.co\/health\/?page_id=3578"},"modified":"2023-02-06T05:09:49","modified_gmt":"2023-02-06T05:09:49","slug":"contact","status":"publish","type":"page","link":"https:\/\/www.gomonnewenergy.com\/pt\/contact","title":{"rendered":"Contato"},"content":{"rendered":"<div class=\"gb-container gb-container-078d0115\"><div class=\"gb-inside-container\">\n<div class=\"gb-grid-wrapper gb-grid-wrapper-e33a6424\"><\/div>\n\n\n<p><strong>Jiangsu Gomon New Energy Co.,Ltd<\/strong><\/p>\n\n\n\n<p><strong>Adicionar:<\/strong>&nbsp;No.15, Gomon Road, Xinqiao Industrial Zone, cidade de Jingjiang, prov\u00edncia de Jiangsu, China<\/p>\n\n\n\n<p><strong>E-mail:<\/strong><a href=\"mailto:info@gomonnewenergy.com\">info@gomonnewenergy.com<\/a><\/p>\n\n\n<div class=\"gb-grid-wrapper gb-grid-wrapper-08bd9fb2\">\n<div class=\"gb-grid-column gb-grid-column-2a534b2c\"><div class=\"gb-container gb-container-2a534b2c\"><div class=\"gb-inside-container\"><\/div><\/div><\/div>\n\n<div class=\"gb-grid-column gb-grid-column-30216109\"><div class=\"gb-container gb-container-30216109\"><div class=\"gb-inside-container\"><\/div><\/div><\/div>\n<\/div>\n\n<div class=\"gb-grid-wrapper gb-grid-wrapper-358802fa\">\n<div class=\"gb-grid-column gb-grid-column-bc988ceb\"><div class=\"gb-container gb-container-bc988ceb\"><div class=\"gb-inside-container\">\n<div role=\"form\" class=\"wpcf7\" id=\"wpcf7-f4532-o1\" lang=\"zh-CN\" dir=\"ltr\">\n<div class=\"screen-reader-response\"><p role=\"status\" aria-live=\"polite\" aria-atomic=\"true\"><\/p> <ul><\/ul><\/div>\n<form action=\"\/pt\/wp-json\/wp\/v2\/pages\/3578#wpcf7-f4532-o1\" method=\"post\" class=\"wpcf7-form init\" novalidate=\"novalidate\" data-status=\"init\" data-trp-original-action=\"\/pt\/wp-json\/wp\/v2\/pages\/3578#wpcf7-f4532-o1\">\n<div style=\"display: none;\">\n<input type=\"hidden\" name=\"_wpcf7\" value=\"4532\" \/>\n<input type=\"hidden\" name=\"_wpcf7_version\" value=\"5.6.4\" \/>\n<input type=\"hidden\" name=\"_wpcf7_locale\" value=\"zh_CN\" \/>\n<input type=\"hidden\" name=\"_wpcf7_unit_tag\" value=\"wpcf7-f4532-o1\" \/>\n<input type=\"hidden\" name=\"_wpcf7_container_post\" value=\"0\" \/>\n<input type=\"hidden\" name=\"_wpcf7_posted_data_hash\" value=\"\" \/>\n<\/div>\n<div class=\"hunkcf71\">\n<p class=\"cf7-title\" style=\"font-size:25px;\"><i class=\"fa fa-envelope-o\"><\/i> Formul\u00e1rio de consulta\n<\/p>\n<p><span class=\"wpcf7-form-control-wrap\" data-name=\"your-name\"><input type=\"text\" name=\"your-name\" value=\"\" size=\"40\" class=\"wpcf7-form-control wpcf7-text wpcf7-validates-as-required\" aria-required=\"true\" aria-invalid=\"false\" placeholder=\"Seu nome*\" \/><\/span><\/p>\n<p><span class=\"wpcf7-form-control-wrap\" data-name=\"your-email\"><input type=\"email\" name=\"your-email\" value=\"\" size=\"40\" class=\"wpcf7-form-control wpcf7-text wpcf7-email wpcf7-validates-as-required wpcf7-validates-as-email\" aria-required=\"true\" aria-invalid=\"false\" placeholder=\"Endere\u00e7o de e-mail*\" \/><\/span><\/p>\n<p><span class=\"wpcf7-form-control-wrap\" data-name=\"your-subject\"><input type=\"text\" name=\"your-subject\" value=\"\" size=\"40\" class=\"wpcf7-form-control wpcf7-text wpcf7-validates-as-required\" aria-required=\"true\" aria-invalid=\"false\" placeholder=\"Seu pa\u00eds*\" \/><\/span><\/p>\n<p><span class=\"wpcf7-form-control-wrap\" data-name=\"your-message\"><textarea name=\"your-message\" cols=\"40\" rows=\"10\" class=\"wpcf7-form-control wpcf7-textarea wpcf7-validates-as-required\" aria-required=\"true\" aria-invalid=\"false\" placeholder=\"Para obter as melhores cota\u00e7\u00f5es, recomendamos incluir os seguintes detalhes: -Apresenta\u00e7\u00e3o pessoal -O que voc\u00ea est\u00e1 procurando -Especifica\u00e7\u00f5es necess\u00e1rias -Pergunte sobre pre\u00e7o\/MOQ\"><\/textarea><\/span><\/p>\n<p><input type=\"submit\" value=\"enviar\" class=\"wpcf7-form-control has-spinner wpcf7-submit\" \/><\/p>\n<\/div>\n<div class=\"wpcf7-response-output\" aria-hidden=\"true\"><\/div><input type=\"hidden\" name=\"trp-form-language\" value=\"pt\"\/><\/form><\/div>\n\n<\/div><\/div><\/div>\n\n<div class=\"gb-grid-column gb-grid-column-55fcd999\"><div class=\"gb-container gb-container-55fcd999\"><div class=\"gb-inside-container\"><\/div><\/div><\/div>\n<\/div>\n\n<p><iframe src=\"https:\/\/www.google.com\/maps\/embed?pb=!1m17!1m8!1m3!1d11383.167542083564!2d120.04531653372722!3d31.98161842709942!3m2!1i1024!2i768!4f13.1!4m6!3e6!4m0!4m3!3m2!1d31.985374999999998!2d120.041422!5e0!3m2!1sen!2sus!4v1618646871984!5m2!1sen!2sus\" width=\"1600\" height=\"450\" style=\"border:0;\" allowfullscreen=\"\" loading=\"lazy\"><\/iframe><\/p>\n\n\n\n<p><\/p>\n\n<\/div><\/div>","protected":false},"excerpt":{"rendered":"","protected":false},"author":1,"featured_media":0,"parent":0,"menu_order":0,"comment_status":"closed","ping_status":"closed","template":"","meta":{"_generate-full-width-content":"true"},"aioseo_notices":[],"featured_image_urls":{"full":"","thumbnail":"","medium":"","medium_large":"","large":"","1536x1536":"","2048x2048":"","trp-custom-language-flag":""},"post_excerpt_stackable":"<p>Jiangsu Gomon New Energy Co.,Ltd Add.:&nbsp;No.15, Gomon Road, Xinqiao Industrial Zone, Jingjiang City, Jiangsu Province, China Email:info@gomonnewenergy.com Query Form<\/p>\n","category_list":"","author_info":{"name":"\u521888","url":"https:\/\/www.gomonnewenergy.com\/pt\/author\/liu88"},"comments_num":"0 coment\u00e1rio","_links":{"self":[{"href":"https:\/\/www.gomonnewenergy.com\/pt\/wp-json\/wp\/v2\/pages\/3578"}],"collection":[{"href":"https:\/\/www.gomonnewenergy.com\/pt\/wp-json\/wp\/v2\/pages"}],"about":[{"href":"https:\/\/www.gomonnewenergy.com\/pt\/wp-json\/wp\/v2\/types\/page"}],"author":[{"embeddable":true,"href":"https:\/\/www.gomonnewenergy.com\/pt\/wp-json\/wp\/v2\/users\/1"}],"replies":[{"embeddable":true,"href":"https:\/\/www.gomonnewenergy.com\/pt\/wp-json\/wp\/v2\/comments?post=3578"}],"version-history":[{"count":0,"href":"https:\/\/www.gomonnewenergy.com\/pt\/wp-json\/wp\/v2\/pages\/3578\/revisions"}],"wp:attachment":[{"href":"https:\/\/www.gomonnewenergy.com\/pt\/wp-json\/wp\/v2\/media?parent=3578"}],"curies":[{"name":"wp","href":"https:\/\/api.w.org\/{rel}","templated":true}]}}