{"id":3574,"date":"2020-10-26T20:05:37","date_gmt":"2020-10-26T20:05:37","guid":{"rendered":"https:\/\/gpsites.co\/health\/?page_id=3574"},"modified":"2025-02-21T11:15:26","modified_gmt":"2025-02-21T11:15:26","slug":"electric-water-heater","status":"publish","type":"page","link":"https:\/\/www.gomonnewenergy.com\/pt\/electric-water-heater","title":{"rendered":"Aquecedor de \u00e1gua el\u00e9trico"},"content":{"rendered":"<div class=\"gb-container gb-container-b5a44117\"><div class=\"gb-inside-container\">\n<div class=\"gb-grid-wrapper gb-grid-wrapper-12e6f479\">\n<div class=\"gb-grid-column gb-grid-column-a65911fa\"><div class=\"gb-container gb-container-a65911fa\"><div class=\"gb-inside-container\">\n\n<figure class=\"wp-block-image size-large is-resized\"><a href=\"https:\/\/www.gomonnewenergy.com\/pt\/residential-electric-water-heater.html\/\"><img loading=\"lazy\" src=\"http:\/\/www.gomonnewenergy.com\/wp-content\/uploads\/2021\/04\/Residential-Electric-Water-Heater-768x768-1-300x300.jpg\" alt=\"\" width=\"225\" height=\"225\"\/><\/a><\/figure>\n\n\n\n<h4 class=\"has-small-font-size\"><a href=\"https:\/\/www.gomonnewenergy.com\/pt\/residential-electric-water-heater.html\/\">Aquecedor de \u00e1gua el\u00e9trico residencial<\/a><\/h4>\n\n<\/div><\/div><\/div>\n\n<div class=\"gb-grid-column gb-grid-column-8bc531db\"><div class=\"gb-container gb-container-8bc531db\"><div class=\"gb-inside-container\">\n\n<figure class=\"wp-block-image size-large is-resized\"><a href=\"https:\/\/www.gomonnewenergy.com\/pt\/commercial-electric-water-heater.html\/\"><img loading=\"lazy\" src=\"http:\/\/www.gomonnewenergy.com\/wp-content\/uploads\/2021\/04\/Commercial-Electric-Water-Heater-768x768-2-300x300.jpg\" alt=\"\" width=\"232\" height=\"232\"\/><\/a><\/figure>\n\n\n\n<h4 class=\"has-small-font-size\"><a href=\"https:\/\/www.gomonnewenergy.com\/pt\/commercial-electric-water-heater.html\/\">Aquecedor de \u00e1gua el\u00e9trico comercial<\/a><\/h4>\n\n<\/div><\/div><\/div>\n\n<div class=\"gb-grid-column gb-grid-column-90ec0c8f\"><div class=\"gb-container gb-container-90ec0c8f\"><div class=\"gb-inside-container\">\n<style id=\"kb-image_046be3-9e\">.kb-image_046be3-9e.kb-image-is-ratio-size, .kb-image_046be3-9e .kb-image-is-ratio-size{max-width:179px;width:100%;}.kb-image_046be3-9e{max-width:179px;}.image-is-svg.kb-image_046be3-9e img{width:100%;}<\/style>\n<figure class=\"wp-block-kadence-image kb-image_046be3-9e size-full\"><a href=\"https:\/\/www.gomonnewenergy.com\/pt\/commercial-electric-water-heaters.html\/\" class=\"kb-advanced-image-link\"><img loading=\"lazy\" width=\"260\" height=\"300\" src=\"https:\/\/www.gomonnewenergy.com\/wp-content\/uploads\/2025\/02\/dual-coil-tank01-260x300-1.jpg\" alt=\"\" class=\"kb-img wp-image-8417\" srcset=\"https:\/\/www.gomonnewenergy.com\/wp-content\/uploads\/2025\/02\/dual-coil-tank01-260x300-1.jpg 260w, https:\/\/www.gomonnewenergy.com\/wp-content\/uploads\/2025\/02\/dual-coil-tank01-260x300-1-10x12.jpg 10w\" sizes=\"(max-width: 260px) 100vw, 260px\" \/><\/a><figcaption><a href=\"https:\/\/www.gomonnewenergy.com\/pt\/commercial-electric-water-heaters.html\/\">Aquecedor de \u00e1gua el\u00e9trico comercial<br><\/a><\/figcaption><\/figure>\n\n<\/div><\/div><\/div>\n\n<div class=\"gb-grid-column gb-grid-column-8deb33a4\"><div class=\"gb-container gb-container-8deb33a4\"><div class=\"gb-inside-container\">\n<style id=\"kb-image_491bcc-c4\">.kb-image_491bcc-c4.kb-image-is-ratio-size, .kb-image_491bcc-c4 .kb-image-is-ratio-size{max-width:208px;width:100%;}.kb-image_491bcc-c4{max-width:208px;}.image-is-svg.kb-image_491bcc-c4 img{width:100%;}<\/style>\n<figure class=\"wp-block-kadence-image kb-image_491bcc-c4 size-full\"><a href=\"https:\/\/www.gomonnewenergy.com\/pt\/domestic-electric-water-heater.html\/\" class=\"kb-advanced-image-link\"><img loading=\"lazy\" width=\"478\" height=\"480\" src=\"https:\/\/www.gomonnewenergy.com\/wp-content\/uploads\/2025\/02\/domestic-hot-water-series-02.jpg\" alt=\"\" class=\"kb-img wp-image-8456\" srcset=\"https:\/\/www.gomonnewenergy.com\/wp-content\/uploads\/2025\/02\/domestic-hot-water-series-02.jpg 478w, https:\/\/www.gomonnewenergy.com\/wp-content\/uploads\/2025\/02\/domestic-hot-water-series-02-300x300.jpg 300w, https:\/\/www.gomonnewenergy.com\/wp-content\/uploads\/2025\/02\/domestic-hot-water-series-02-150x150.jpg 150w, https:\/\/www.gomonnewenergy.com\/wp-content\/uploads\/2025\/02\/domestic-hot-water-series-02-12x12.jpg 12w\" sizes=\"(max-width: 478px) 100vw, 478px\" \/><\/a><figcaption><a href=\"https:\/\/www.gomonnewenergy.com\/pt\/domestic-electric-water-heater.html\/\">Aquecedor de \u00e1gua el\u00e9trico dom\u00e9stico<br><\/a><\/figcaption><\/figure>\n\n<\/div><\/div><\/div>\n<\/div>\n\n<div class=\"gb-grid-wrapper gb-grid-wrapper-66ae9bc3\">\n<div class=\"gb-grid-column gb-grid-column-e08776f9\"><div class=\"gb-container gb-container-e08776f9\"><div class=\"gb-inside-container\">\n\n<figure class=\"wp-block-kadence-image kb-image_fa2370-36 size-full\"><a href=\"https:\/\/www.gomonnewenergy.com\/pt\/electric-space-heating-system.html\/\" class=\"kb-advanced-image-link\"><img loading=\"lazy\" width=\"480\" height=\"480\" src=\"https:\/\/www.gomonnewenergy.com\/wp-content\/uploads\/2025\/02\/commercial-room-heating-series-02.jpg\" alt=\"\" class=\"kb-img wp-image-8462\" srcset=\"https:\/\/www.gomonnewenergy.com\/wp-content\/uploads\/2025\/02\/commercial-room-heating-series-02.jpg 480w, https:\/\/www.gomonnewenergy.com\/wp-content\/uploads\/2025\/02\/commercial-room-heating-series-02-300x300.jpg 300w, https:\/\/www.gomonnewenergy.com\/wp-content\/uploads\/2025\/02\/commercial-room-heating-series-02-150x150.jpg 150w, https:\/\/www.gomonnewenergy.com\/wp-content\/uploads\/2025\/02\/commercial-room-heating-series-02-12x12.jpg 12w\" sizes=\"(max-width: 480px) 100vw, 480px\" \/><\/a><figcaption><a href=\"https:\/\/www.gomonnewenergy.com\/pt\/electric-space-heating-system.html\/\">Sistema de aquecimento el\u00e9trico de ambientes<br><\/a><\/figcaption><\/figure>\n\n<\/div><\/div><\/div>\n\n<div class=\"gb-grid-column gb-grid-column-1cd3d5d0\"><div class=\"gb-container gb-container-1cd3d5d0\"><div class=\"gb-inside-container\"><\/div><\/div><\/div>\n\n<div class=\"gb-grid-column gb-grid-column-32374914\"><div class=\"gb-container gb-container-32374914\"><div class=\"gb-inside-container\"><\/div><\/div><\/div>\n\n<div class=\"gb-grid-column gb-grid-column-7ff21b4c\"><div class=\"gb-container gb-container-7ff21b4c\"><div class=\"gb-inside-container\"><\/div><\/div><\/div>\n<\/div>\n<\/div><\/div>\n\n<div class=\"gb-container gb-container-4d77b6d5\"><div class=\"gb-inside-container\">\n\n<p>O aquecimento de \u00e1gua em sua casa requer muita eletricidade. De fato, cerca de 12% do consumo m\u00e9dio de energia de uma resid\u00eancia \u00e9 gasto no aquecimento de \u00e1gua. A quantidade de energia consumida pelo seu aquecedor de \u00e1gua depende n\u00e3o apenas da quantidade de \u00e1gua quente que voc\u00ea usa, mas tamb\u00e9m do tipo de aquecedor de \u00e1gua que voc\u00ea instala. Por isso, quando chegar a hora de instalar um novo aquecedor de \u00e1gua em sua casa, \u00e9 importante comparar v\u00e1rias op\u00e7\u00f5es antes de tomar uma decis\u00e3o final de compra.<\/p>\n\n\n\n<p>L\u00edder do setor em inova\u00e7\u00e3o de aquecedores de \u00e1gua, os aquecedores de \u00e1gua com tanque el\u00e9trico da GOMON s\u00e3o constru\u00eddos com componentes de n\u00edvel comercial para maior durabilidade e confiabilidade. Todos os nossos produtos residenciais com tanque el\u00e9trico foram exaustivamente testados em nossos laborat\u00f3rios para ajudar a garantir um desempenho duradouro, proporcionando tranquilidade para voc\u00ea e sua fam\u00edlia.<\/p>\n\n\n\n<h2>Pr\u00f3s dos aquecedores de \u00e1gua el\u00e9tricos<\/h2>\n\n\n\n<p>H\u00e1 muitas raz\u00f5es pelas quais as resid\u00eancias devem considerar a instala\u00e7\u00e3o de aquecedores de \u00e1gua el\u00e9tricos em vez de aquecedores de \u00e1gua a g\u00e1s; aqui est\u00e3o algumas das maiores vantagens que os aquecedores de \u00e1gua el\u00e9tricos t\u00eam em rela\u00e7\u00e3o \u00e0 concorr\u00eancia:<\/p>\n\n\n\n<h3>Custos iniciais mais baixos<\/h3>\n\n\n\n<p>De todas as op\u00e7\u00f5es de aquecedores de \u00e1gua dispon\u00edveis no mercado atualmente, um aquecedor el\u00e9trico de \u00e1gua provavelmente ser\u00e1 a op\u00e7\u00e3o mais econ\u00f4mica quando se trata de pre\u00e7o inicial.<\/p>\n\n\n\n<p>\u00c9 importante ressaltar que o custo depender\u00e1 em grande parte do tamanho e do tipo de aquecedor de \u00e1gua, independentemente do combust\u00edvel usado para aliment\u00e1-lo. Por exemplo, os aquecedores de \u00e1gua tradicionais com tanque s\u00e3o mais baratos, enquanto os sistemas de \u00e1gua sem tanque e sob demanda tendem a ser mais caros no in\u00edcio. De modo geral, a disparidade de pre\u00e7os entre os tipos de aquecedores de \u00e1gua quente \u00e9, em grande parte, resultado do custo de instala\u00e7\u00e3o.<\/p>\n\n\n\n<p>Os aquecedores de \u00e1gua a g\u00e1s requerem tubula\u00e7\u00e3o adicional e um novo sistema de ventila\u00e7\u00e3o para liberar a exaust\u00e3o proveniente do processo de combust\u00e3o. Por outro lado, os aquecedores de \u00e1gua el\u00e9tricos n\u00e3o exigem essa infraestrutura dom\u00e9stica adicional, portanto, o processo de instala\u00e7\u00e3o \u00e9 mais simples e mais r\u00e1pido. \u00c9 poss\u00edvel que sua resid\u00eancia precise de uma atualiza\u00e7\u00e3o el\u00e9trica antes de instalar um aquecedor el\u00e9trico de \u00e1gua, o que tornaria o processo de instala\u00e7\u00e3o mais caro; no entanto, essas atualiza\u00e7\u00f5es s\u00e3o incomuns na instala\u00e7\u00e3o de um aquecedor el\u00e9trico de \u00e1gua.<\/p>\n\n\n\n<h3>Efici\u00eancia<\/h3>\n\n\n\n<p>A melhor maneira de comparar a efici\u00eancia de v\u00e1rios aquecedores de \u00e1gua \u00e9 observar seus respectivos fatores de energia (EF). Esse n\u00famero avalia a efici\u00eancia de um aquecedor de \u00e1gua na produ\u00e7\u00e3o de \u00e1gua quente, medindo a quantidade de combust\u00edvel ou eletricidade necess\u00e1ria para aquecer a \u00e1gua. Com os n\u00fameros de EF em m\u00e3os, a compara\u00e7\u00e3o da efici\u00eancia de cada tipo de aquecedor de \u00e1gua \u00e9 bastante simples: aquecedores de maior efici\u00eancia ter\u00e3o n\u00fameros de EF mais altos.<\/p>\n\n\n\n<p>Na batalha entre aquecedores de \u00e1gua a g\u00e1s e el\u00e9tricos, os aquecedores de \u00e1gua el\u00e9tricos vencem do ponto de vista da efici\u00eancia. Os aquecedores de \u00e1gua a g\u00e1s convencionais normalmente t\u00eam n\u00fameros de EF que variam de 0,5 a 0,7, enquanto os aquecedores de \u00e1gua el\u00e9tricos podem ter n\u00fameros de EF superiores a 0,9. Em geral, a maior parte da perda de energia dos aquecedores de \u00e1gua a g\u00e1s ocorre durante o processo de ventila\u00e7\u00e3o, que \u00e9 inexistente em um aquecedor de \u00e1gua el\u00e9trico.<\/p>\n\n\n\n<h3>Seguran\u00e7a<\/h3>\n\n\n\n<p>Tanto os aquecedores de \u00e1gua el\u00e9tricos quanto os a g\u00e1s s\u00e3o solu\u00e7\u00f5es seguras para aquecer a \u00e1gua. Dito isso, como acontece com qualquer aparelho movido a gasolina, os aquecedores de \u00e1gua s\u00e3o suscet\u00edveis a vazamentos de g\u00e1s se forem movidos a propano ou g\u00e1s natural. Voc\u00ea pode reduzir esses riscos realizando a manuten\u00e7\u00e3o e as inspe\u00e7\u00f5es adequadas do seu aquecedor de \u00e1gua a g\u00e1s.<\/p>\n\n\n\n<p>Embora os aparelhos el\u00e9tricos tenham suas pr\u00f3prias preocupa\u00e7\u00f5es com a seguran\u00e7a, as chances de ocorrer um vazamento de g\u00e1s s\u00e3o maiores do que as de ocorrer qualquer tipo de problema de seguran\u00e7a el\u00e9trica com um aquecedor de \u00e1gua.<\/p>\n\n\n\n<h3>Disponibilidade<\/h3>\n\n\n\n<p>Quase todas as resid\u00eancias est\u00e3o ligadas \u00e0 rede el\u00e9trica e, como tal, todas t\u00eam uma fonte de eletricidade prontamente dispon\u00edvel (exceto quando a rede el\u00e9trica est\u00e1 inoperante). Isso significa que praticamente qualquer resid\u00eancia pode usar efetivamente um aquecedor el\u00e9trico de \u00e1gua.<\/p>\n\n\n\n<p>Por outro lado, se estiver interessado em instalar um aquecedor de \u00e1gua a g\u00e1s, voc\u00ea precisar\u00e1 garantir que sua casa esteja conectada a uma linha de g\u00e1s natural ou tenha uma fonte de suprimento de propano. Caso contr\u00e1rio, fazer essas atualiza\u00e7\u00f5es com o objetivo de instalar um aquecedor de \u00e1gua a g\u00e1s pode ser caro.<\/p>\n\n\n<div class=\"gb-grid-wrapper gb-grid-wrapper-6200d919\">\n<div class=\"gb-grid-column gb-grid-column-715ac4f0\"><div class=\"gb-container gb-container-715ac4f0\"><div class=\"gb-inside-container\">\n<div role=\"form\" class=\"wpcf7\" id=\"wpcf7-f4532-o1\" lang=\"zh-CN\" dir=\"ltr\">\n<div class=\"screen-reader-response\"><p role=\"status\" aria-live=\"polite\" aria-atomic=\"true\"><\/p> <ul><\/ul><\/div>\n<form action=\"\/pt\/wp-json\/wp\/v2\/pages\/3574#wpcf7-f4532-o1\" method=\"post\" class=\"wpcf7-form init\" novalidate=\"novalidate\" data-status=\"init\" data-trp-original-action=\"\/pt\/wp-json\/wp\/v2\/pages\/3574#wpcf7-f4532-o1\">\n<div style=\"display: none;\">\n<input type=\"hidden\" name=\"_wpcf7\" value=\"4532\" \/>\n<input type=\"hidden\" name=\"_wpcf7_version\" value=\"5.6.4\" \/>\n<input type=\"hidden\" name=\"_wpcf7_locale\" value=\"zh_CN\" \/>\n<input type=\"hidden\" name=\"_wpcf7_unit_tag\" value=\"wpcf7-f4532-o1\" \/>\n<input type=\"hidden\" name=\"_wpcf7_container_post\" value=\"0\" \/>\n<input type=\"hidden\" name=\"_wpcf7_posted_data_hash\" value=\"\" \/>\n<\/div>\n<div class=\"hunkcf71\">\n<p class=\"cf7-title\" style=\"font-size:25px;\"><i class=\"fa fa-envelope-o\"><\/i> Formul\u00e1rio de consulta\n<\/p>\n<p><span class=\"wpcf7-form-control-wrap\" data-name=\"your-name\"><input type=\"text\" name=\"your-name\" value=\"\" size=\"40\" class=\"wpcf7-form-control wpcf7-text wpcf7-validates-as-required\" aria-required=\"true\" aria-invalid=\"false\" placeholder=\"Seu nome*\" \/><\/span><\/p>\n<p><span class=\"wpcf7-form-control-wrap\" data-name=\"your-email\"><input type=\"email\" name=\"your-email\" value=\"\" size=\"40\" class=\"wpcf7-form-control wpcf7-text wpcf7-email wpcf7-validates-as-required wpcf7-validates-as-email\" aria-required=\"true\" aria-invalid=\"false\" placeholder=\"Endere\u00e7o de e-mail*\" \/><\/span><\/p>\n<p><span class=\"wpcf7-form-control-wrap\" data-name=\"your-subject\"><input type=\"text\" name=\"your-subject\" value=\"\" size=\"40\" class=\"wpcf7-form-control wpcf7-text wpcf7-validates-as-required\" aria-required=\"true\" aria-invalid=\"false\" placeholder=\"Seu pa\u00eds*\" \/><\/span><\/p>\n<p><span class=\"wpcf7-form-control-wrap\" data-name=\"your-message\"><textarea name=\"your-message\" cols=\"40\" rows=\"10\" class=\"wpcf7-form-control wpcf7-textarea wpcf7-validates-as-required\" aria-required=\"true\" aria-invalid=\"false\" placeholder=\"Para obter as melhores cota\u00e7\u00f5es, recomendamos incluir os seguintes detalhes: -Apresenta\u00e7\u00e3o pessoal -O que voc\u00ea est\u00e1 procurando -Especifica\u00e7\u00f5es necess\u00e1rias -Pergunte sobre pre\u00e7o\/MOQ\"><\/textarea><\/span><\/p>\n<p><input type=\"submit\" value=\"enviar\" class=\"wpcf7-form-control has-spinner wpcf7-submit\" \/><\/p>\n<\/div>\n<div class=\"wpcf7-response-output\" aria-hidden=\"true\"><\/div><input type=\"hidden\" name=\"trp-form-language\" value=\"pt\"\/><\/form><\/div>\n\n<\/div><\/div><\/div>\n\n<div class=\"gb-grid-column gb-grid-column-5d72775c\"><div class=\"gb-container gb-container-5d72775c\"><div class=\"gb-inside-container\"><\/div><\/div><\/div>\n\n<div class=\"gb-grid-column gb-grid-column-d052de79\"><div class=\"gb-container gb-container-d052de79\"><div class=\"gb-inside-container\"><\/div><\/div><\/div>\n<\/div>\n<\/div><\/div>\n\n\n<p><\/p>","protected":false},"excerpt":{"rendered":"","protected":false},"author":1,"featured_media":0,"parent":0,"menu_order":0,"comment_status":"closed","ping_status":"closed","template":"","meta":{"_generate-full-width-content":"true"},"aioseo_notices":[],"featured_image_urls":{"full":"","thumbnail":"","medium":"","medium_large":"","large":"","1536x1536":"","2048x2048":"","trp-custom-language-flag":""},"post_excerpt_stackable":"<p>Residential Electric Water Heater Commercial Electric Water Heater Commercial Electric Water Heater Domestic Electric Water Heater Electric Space Heating System Heating water in your house requires a lot of electricity. In fact, roughly 12 percent of an average home\u2019s energy consumption is spent heating water. How much energy your own water heater consumes depends not only on how much hot water you use but also on the type of water heater you install. As such, when it\u2019s time to install a new water heater in your home, it\u2019s important to compare multiple options before making a final purchasing decision. An&hellip;<\/p>\n","category_list":"","author_info":{"name":"\u521888","url":"https:\/\/www.gomonnewenergy.com\/pt\/author\/liu88"},"comments_num":"0 coment\u00e1rio","_links":{"self":[{"href":"https:\/\/www.gomonnewenergy.com\/pt\/wp-json\/wp\/v2\/pages\/3574"}],"collection":[{"href":"https:\/\/www.gomonnewenergy.com\/pt\/wp-json\/wp\/v2\/pages"}],"about":[{"href":"https:\/\/www.gomonnewenergy.com\/pt\/wp-json\/wp\/v2\/types\/page"}],"author":[{"embeddable":true,"href":"https:\/\/www.gomonnewenergy.com\/pt\/wp-json\/wp\/v2\/users\/1"}],"replies":[{"embeddable":true,"href":"https:\/\/www.gomonnewenergy.com\/pt\/wp-json\/wp\/v2\/comments?post=3574"}],"version-history":[{"count":0,"href":"https:\/\/www.gomonnewenergy.com\/pt\/wp-json\/wp\/v2\/pages\/3574\/revisions"}],"wp:attachment":[{"href":"https:\/\/www.gomonnewenergy.com\/pt\/wp-json\/wp\/v2\/media?parent=3574"}],"curies":[{"name":"wp","href":"https:\/\/api.w.org\/{rel}","templated":true}]}}