{"id":3,"date":"2021-04-03T12:50:13","date_gmt":"2021-04-03T12:50:13","guid":{"rendered":"http:\/\/www.gomonnewenergy.com\/?page_id=3"},"modified":"2023-02-06T05:10:53","modified_gmt":"2023-02-06T05:10:53","slug":"about-us","status":"publish","type":"page","link":"https:\/\/www.gomonnewenergy.com\/pt\/sobre-nos","title":{"rendered":"Sobre n\u00f3s"},"content":{"rendered":"<div class=\"gb-container gb-container-f86c0fe2\"><div class=\"gb-inside-container\">\n\n<p>A Jiangsu Gomon New Energy Co. Ltd \u00e9 a principal subsidi\u00e1ria do Gomon Group. Fundada em 1998, h\u00e1 mais de 20 anos n\u00e3o s\u00f3 aperfei\u00e7oamos nossa experi\u00eancia, processos e sistemas na fabrica\u00e7\u00e3o de tanques de \u00e1gua esmaltada pressurizada, energia solar e produtos de energia do ar adequados para nossos clientes no novo setor de energia, mas tamb\u00e9m com uma ideia: criar uma vida boa e verde de baixo carbono para a humanidade.<\/p>\n\n<\/div><\/div>\n\n<div class=\"gb-container gb-container-3a46a0f8\"><div class=\"gb-inside-container\">\n<div class=\"gb-grid-wrapper gb-grid-wrapper-f30cde85\">\n<div class=\"gb-grid-column gb-grid-column-40a1411e\"><div class=\"gb-container gb-container-40a1411e\"><div class=\"gb-inside-container\">\n\n<h2><\/h2>\n\n\n\n<figure class=\"wp-block-embed is-type-video is-provider-youtube wp-block-embed-youtube wp-embed-aspect-16-9 wp-has-aspect-ratio\"><div class=\"wp-block-embed__wrapper\">\n<iframe loading=\"lazy\" title=\"Introdu\u00e7\u00e3o ao Gomon\" width=\"1200\" height=\"675\" src=\"https:\/\/www.youtube.com\/embed\/jG9zcPF-LwY?feature=oembed\" frameborder=\"0\" allow=\"accelerometer; autoplay; clipboard-write; encrypted-media; gyroscope; picture-in-picture\" allowfullscreen><\/iframe>\n<\/div><\/figure>\n\n<\/div><\/div><\/div>\n\n<div class=\"gb-grid-column gb-grid-column-887b2d8a\"><div class=\"gb-container gb-container-887b2d8a\"><div class=\"gb-inside-container\">\n\n<p>Possu\u00edmos o Laborat\u00f3rio CNAS e o Laborat\u00f3rio de diferen\u00e7a de entalpia da bomba de calor de fonte de ar, juntamente com uma linha de produ\u00e7\u00e3o totalmente autom\u00e1tica e outras instala\u00e7\u00f5es de \u00faltima gera\u00e7\u00e3o para atender melhor aos nossos clientes e \u00e0s suas necessidades.<\/p>\n\n\n\n<p>Estamos em total conformidade com os padr\u00f5es do setor, pois somos certificados pela CE, SOLAR MARK, WATER MARK e ETL e conhecidos em todo o mundo por nossos excepcionais sistemas de gerenciamento de qualidade e pela miss\u00e3o de melhoria cont\u00ednua em nossas opera\u00e7\u00f5es de fabrica\u00e7\u00e3o. \u00c9 essa ades\u00e3o rigorosa ao mais exigente sistema de controle de qualidade que resulta na satisfa\u00e7\u00e3o e na confian\u00e7a do cliente.<\/p>\n\n<\/div><\/div><\/div>\n<\/div>\n\n\n<p>Com o aumento da concorr\u00eancia global e maiores expectativas de melhor qualidade, confiabilidade, desempenho, entrega e custos mais baixos, nossos esfor\u00e7os se concentram na melhoria cont\u00ednua e na inova\u00e7\u00e3o. Do ponto de vista das necessidades do cliente, nosso impulso \u00e9 fornecer solu\u00e7\u00f5es para o cliente - melhores, mais r\u00e1pidas e mais baratas. Estamos muito dispostos a ser seu parceiro cooperativo permanente, confi\u00e1vel e fidedigno.<\/p>\n\n\n\n<p>Esperamos sinceramente sua visita, orienta\u00e7\u00e3o e negocia\u00e7\u00e3o.<\/p>\n\n<\/div><\/div>\n\n<div class=\"gb-container gb-container-86921549\"><div class=\"gb-inside-container\">\n<div class=\"gb-grid-wrapper gb-grid-wrapper-37bdee99\"><\/div>\n\n\n<figure class=\"wp-block-image alignwide size-large\"><img loading=\"lazy\" width=\"1024\" height=\"458\" src=\"http:\/\/www.gomonnewenergy.com\/wp-content\/uploads\/2021\/04\/About-Us-1024x458.jpg\" alt=\"\" class=\"wp-image-4969\" srcset=\"https:\/\/www.gomonnewenergy.com\/wp-content\/uploads\/2021\/04\/About-Us-1024x458.jpg 1024w, https:\/\/www.gomonnewenergy.com\/wp-content\/uploads\/2021\/04\/About-Us-300x134.jpg 300w, https:\/\/www.gomonnewenergy.com\/wp-content\/uploads\/2021\/04\/About-Us-768x344.jpg 768w, https:\/\/www.gomonnewenergy.com\/wp-content\/uploads\/2021\/04\/About-Us.jpg 1200w\" sizes=\"(max-width: 1024px) 100vw, 1024px\" \/><\/figure>\n\n<\/div><\/div>","protected":false},"excerpt":{"rendered":"<p>Jiangsu Gomon New Energy Co. Ltd is the core subsidiary of Gomon Group. Founded in 1998, For over 20 years we not only have honed our expertise, processes, and systems in the manufacturing pressurized enamelled water tanks, solar energy and air energy products suitable for our customers in the new energy industry, but also with &#8230; <a title=\"Sobre n\u00f3s\" class=\"read-more\" href=\"https:\/\/www.gomonnewenergy.com\/pt\/sobre-nos\" aria-label=\"More on About Us\">Leia mais<\/a><\/p>","protected":false},"author":1,"featured_media":0,"parent":0,"menu_order":0,"comment_status":"closed","ping_status":"open","template":"","meta":{"_generate-full-width-content":""},"aioseo_notices":[],"featured_image_urls":{"full":"","thumbnail":"","medium":"","medium_large":"","large":"","1536x1536":"","2048x2048":"","trp-custom-language-flag":""},"post_excerpt_stackable":"<p>Jiangsu Gomon New Energy Co. Ltd is the core subsidiary of Gomon Group. Founded in 1998, For over 20 years we not only have honed our expertise, processes, and systems in the manufacturing pressurized enamelled water tanks, solar energy and air energy products suitable for our customers in the new energy industry, but also with an idea\u2014To create a low-carbon green good life for mankind. We own CNAS Laboratory and Air source heat pump enthalpy difference Laboratory ,together with fully automatic production line and other more state-of-the-art facilities to better serve our customers and their needs. We are fully compliant&hellip;<\/p>\n","category_list":"","author_info":{"name":"\u521888","url":"https:\/\/www.gomonnewenergy.com\/pt\/author\/liu88"},"comments_num":"0 coment\u00e1rio","_links":{"self":[{"href":"https:\/\/www.gomonnewenergy.com\/pt\/wp-json\/wp\/v2\/pages\/3"}],"collection":[{"href":"https:\/\/www.gomonnewenergy.com\/pt\/wp-json\/wp\/v2\/pages"}],"about":[{"href":"https:\/\/www.gomonnewenergy.com\/pt\/wp-json\/wp\/v2\/types\/page"}],"author":[{"embeddable":true,"href":"https:\/\/www.gomonnewenergy.com\/pt\/wp-json\/wp\/v2\/users\/1"}],"replies":[{"embeddable":true,"href":"https:\/\/www.gomonnewenergy.com\/pt\/wp-json\/wp\/v2\/comments?post=3"}],"version-history":[{"count":0,"href":"https:\/\/www.gomonnewenergy.com\/pt\/wp-json\/wp\/v2\/pages\/3\/revisions"}],"wp:attachment":[{"href":"https:\/\/www.gomonnewenergy.com\/pt\/wp-json\/wp\/v2\/media?parent=3"}],"curies":[{"name":"wp","href":"https:\/\/api.w.org\/{rel}","templated":true}]}}