{"id":2,"date":"2021-04-03T12:50:13","date_gmt":"2021-04-03T12:50:13","guid":{"rendered":"http:\/\/www.gomonnewenergy.com\/?page_id=2"},"modified":"2024-12-05T13:17:16","modified_gmt":"2024-12-05T13:17:16","slug":"heat-pump-water-heater","status":"publish","type":"page","link":"https:\/\/www.gomonnewenergy.com\/pt\/aquecedor-de-agua-com-bomba-de-calor","title":{"rendered":"Aquecedor de \u00e1gua com bomba de calor"},"content":{"rendered":"<div class=\"gb-container gb-container-a6134bd1\"><div class=\"gb-inside-container\">\n<div class=\"gb-grid-wrapper gb-grid-wrapper-3660c808\">\n<div class=\"gb-grid-column gb-grid-column-ee52e0a5\"><div class=\"gb-container gb-container-ee52e0a5\"><div class=\"gb-inside-container\">\n\n<figure class=\"wp-block-image size-full\"><a href=\"https:\/\/www.gomonnewenergy.com\/pt\/krs35a-vd-series-all-in-one-heat-pump-water-heater-ce-certified.html\/\"><img loading=\"lazy\" width=\"768\" height=\"768\" src=\"https:\/\/www.gomonnewenergy.com\/wp-content\/uploads\/2024\/08\/KRS38A-Series-All-In-One-Heat-Pump-Water-Heater-768x768-1.jpg\" alt=\"\" class=\"wp-image-8058\" srcset=\"https:\/\/www.gomonnewenergy.com\/wp-content\/uploads\/2024\/08\/KRS38A-Series-All-In-One-Heat-Pump-Water-Heater-768x768-1.jpg 768w, https:\/\/www.gomonnewenergy.com\/wp-content\/uploads\/2024\/08\/KRS38A-Series-All-In-One-Heat-Pump-Water-Heater-768x768-1-300x300.jpg 300w, https:\/\/www.gomonnewenergy.com\/wp-content\/uploads\/2024\/08\/KRS38A-Series-All-In-One-Heat-Pump-Water-Heater-768x768-1-150x150.jpg 150w, https:\/\/www.gomonnewenergy.com\/wp-content\/uploads\/2024\/08\/KRS38A-Series-All-In-One-Heat-Pump-Water-Heater-768x768-1-12x12.jpg 12w\" sizes=\"(max-width: 768px) 100vw, 768px\" \/><\/a><\/figure>\n\n\n\n<p><a previewlistener=\"true\" href=\"https:\/\/www.gomonnewenergy.com\/pt\/krs35a-vd-series-all-in-one-heat-pump-water-heater-ce-certified.html\/\">Bomba de calor multifuncional s\u00e9rie KRS35A-VD (certifica\u00e7\u00e3o CE)<\/a><\/p>\n\n\n\n<figure class=\"wp-block-image size-large\"><a href=\"https:\/\/www.gomonnewenergy.com\/pt\/krs118b-series-all-in-one-heat-pump-water-heater.html\/\"><img src=\"http:\/\/www.gomonnewenergy.com\/wp-content\/uploads\/2021\/04\/KRS118B-Series-All-In-One-Heat-Pump-Water-Heater-768x768-1.jpg\" alt=\"\"\/><\/a><\/figure>\n\n\n\n<h4><a href=\"https:\/\/www.gomonnewenergy.com\/pt\/krs118b-series-all-in-one-heat-pump-water-heater.html\/\">Aquecedor de \u00e1gua com bomba de calor All In One S\u00e9rie KRS118B<\/a><\/h4>\n\n<\/div><\/div><\/div>\n\n<div class=\"gb-grid-column gb-grid-column-0a0c60d0\"><div class=\"gb-container gb-container-0a0c60d0\"><div class=\"gb-inside-container\">\n\n<figure class=\"wp-block-image size-large\"><a href=\"https:\/\/www.gomonnewenergy.com\/pt\/krs38a-series-all-in-one-heat-pump-water-heater.html\/\"><img src=\"http:\/\/www.gomonnewenergy.com\/wp-content\/uploads\/2021\/04\/KRS38A-Series-All-In-One-Heat-Pump-Water-Heater-768x768-1.jpg\" alt=\"\"\/><\/a><\/figure>\n\n\n\n<h4><a href=\"https:\/\/www.gomonnewenergy.com\/pt\/krs38a-series-all-in-one-heat-pump-water-heater.html\/\">Aquecedor de \u00e1gua com bomba de calor All In One S\u00e9rie KRS38A<\/a><\/h4>\n\n\n\n<figure class=\"wp-block-image size-large is-resized\"><a href=\"https:\/\/www.gomonnewenergy.com\/pt\/krs16e-series-wall-mounted-heat-pump-water-heater.html\/\"><img loading=\"lazy\" src=\"http:\/\/www.gomonnewenergy.com\/wp-content\/uploads\/2021\/05\/%E6%9C%AA%E6%A0%87%E9%A2%98-1-1-768x768.jpg\" alt=\"\" width=\"235\" height=\"235\"\/><\/a><\/figure>\n\n\n\n<h2 class=\"gb-headline gb-headline-d0457a0c gb-headline-text\"><\/h2>\n\n\n\n<p class=\"has-text-align-left\"><a href=\"https:\/\/www.gomonnewenergy.com\/pt\/krs16e-series-wall-mounted-heat-pump-water-heater.html\/\" target=\"_blank\" rel=\"noreferrer noopener\">Aquecedor de \u00e1gua com bomba de calor de parede da s\u00e9rie KRS16E<\/a><\/p>\n\n<\/div><\/div><\/div>\n\n<div class=\"gb-grid-column gb-grid-column-50742dc0\"><div class=\"gb-container gb-container-50742dc0\"><div class=\"gb-inside-container\">\n\n<figure class=\"wp-block-image size-large\"><a href=\"https:\/\/www.gomonnewenergy.com\/pt\/krs35a-series-all-in-one-heat-pump-water-heater.html\/\"><img src=\"http:\/\/www.gomonnewenergy.com\/wp-content\/uploads\/2021\/05\/01-768x768.jpg\" alt=\"\"\/><\/a><\/figure>\n\n\n\n<p><a href=\"https:\/\/www.gomonnewenergy.com\/pt\/krs35a-series-all-in-one-heat-pump-water-heater.html\/\" target=\"_blank\" rel=\"noreferrer noopener\">Aquecedor de \u00e1gua com bomba de calor All In One S\u00e9rie KRS35A<\/a><\/p>\n\n\n\n<p><\/p>\n\n\n\n<figure class=\"wp-block-image size-large is-resized\"><a href=\"https:\/\/www.gomonnewenergy.com\/pt\/krs60a-300v-series-all-in-one-heat-pump-water-mark.html\/\"><img loading=\"lazy\" src=\"https:\/\/www.gomonnewenergy.com\/wp-content\/uploads\/2024\/12\/\u5fae\u4fe1\u56fe\u7247_20241205203818-1-scaled-e1733404574671-1001x1024.jpg\" alt=\"\" class=\"wp-image-8106\" width=\"221\" height=\"226\" srcset=\"https:\/\/www.gomonnewenergy.com\/wp-content\/uploads\/2024\/12\/\u5fae\u4fe1\u56fe\u7247_20241205203818-1-scaled-e1733404574671-1001x1024.jpg 1001w, https:\/\/www.gomonnewenergy.com\/wp-content\/uploads\/2024\/12\/\u5fae\u4fe1\u56fe\u7247_20241205203818-1-scaled-e1733404574671-293x300.jpg 293w, https:\/\/www.gomonnewenergy.com\/wp-content\/uploads\/2024\/12\/\u5fae\u4fe1\u56fe\u7247_20241205203818-1-scaled-e1733404574671-768x786.jpg 768w, https:\/\/www.gomonnewenergy.com\/wp-content\/uploads\/2024\/12\/\u5fae\u4fe1\u56fe\u7247_20241205203818-1-scaled-e1733404574671-1501x1536.jpg 1501w, https:\/\/www.gomonnewenergy.com\/wp-content\/uploads\/2024\/12\/\u5fae\u4fe1\u56fe\u7247_20241205203818-1-scaled-e1733404574671-12x12.jpg 12w, https:\/\/www.gomonnewenergy.com\/wp-content\/uploads\/2024\/12\/\u5fae\u4fe1\u56fe\u7247_20241205203818-1-scaled-e1733404574671.jpg 1619w\" sizes=\"(max-width: 221px) 100vw, 221px\" \/><\/a><\/figure>\n\n\n\n<h2><\/h2>\n\n\n\n<h4><a href=\"https:\/\/www.gomonnewenergy.com\/pt\/krs60a-300v-series-all-in-one-heat-pump-water-mark.html\/\">Marca d'\u00e1gua da bomba de calor multifuncional da s\u00e9rie KRS60A-300V<\/a><\/h4>\n\n<\/div><\/div><\/div>\n\n<div class=\"gb-grid-column gb-grid-column-d263c028\"><div class=\"gb-container gb-container-d263c028\"><div class=\"gb-inside-container\">\n\n<figure class=\"wp-block-image size-large\"><a href=\"https:\/\/www.gomonnewenergy.com\/pt\/krs75a-series-all-in-one-heat-pump-water-heater.html\/\"><img src=\"http:\/\/www.gomonnewenergy.com\/wp-content\/uploads\/2021\/05\/%E6%9C%AA%E6%A0%87%E9%A2%98-2-768x768.jpg\" alt=\"\"\/><\/a><\/figure>\n\n\n\n<p><a href=\"https:\/\/www.gomonnewenergy.com\/pt\/krs75a-series-all-in-one-heat-pump-water-heater.html\/\" target=\"_blank\" rel=\"noreferrer noopener\">Aquecedor de \u00e1gua com bomba de calor All In One da s\u00e9rie KRS75A<\/a><\/p>\n\n<\/div><\/div><\/div>\n<\/div>\n<\/div><\/div>\n\n<div class=\"gb-container gb-container-ff1caef3\"><div class=\"gb-inside-container\">\n\n<p>Geralmente \u00e9 mais f\u00e1cil mover algo do que fazer algo. Aplicando esse princ\u00edpio, os aquecedores de \u00e1gua com bomba de calor usam eletricidade para mover o calor de um lugar para outro em vez de gerar calor diretamente.<\/p>\n\n\n\n<p>Para entender o conceito de bombas de calor, imagine uma geladeira funcionando ao contr\u00e1rio. Enquanto um refrigerador retira o calor de uma caixa fechada e o expele para o ar ao redor, um aquecedor de \u00e1gua com bomba de calor retira o calor do ar ao redor e o transfere para a \u00e1gua em um tanque fechado.<\/p>\n\n\n\n<p>Durante os per\u00edodos de alta demanda de \u00e1gua quente, os aquecedores de \u00e1gua com bomba de calor mudam automaticamente para o aquecimento por resist\u00eancia el\u00e9trica padr\u00e3o (por isso s\u00e3o frequentemente chamados de aquecedores de \u00e1gua quente \"h\u00edbridos\").<\/p>\n\n\n\n<h2>Como funciona o aquecedor de \u00e1gua com bomba de calor<\/h2>\n\n\n\n<p>Os aquecedores de \u00e1gua com bomba de calor usam eletricidade para mover o calor de um lugar para outro em vez de gerar calor diretamente. Portanto, eles podem ser duas a tr\u00eas vezes mais eficientes em termos de energia do que os aquecedores de \u00e1gua por resist\u00eancia el\u00e9trica convencionais. Para mover o calor, as bombas de calor funcionam como uma geladeira ao contr\u00e1rio.<\/p>\n\n\n\n<p>Enquanto um refrigerador retira o calor de dentro de uma caixa e o despeja no ambiente ao redor, um aquecedor de \u00e1gua aut\u00f4nomo com bomba de calor de fonte de ar retira o calor do ar ao redor e o despeja - a uma temperatura mais alta - em um tanque para aquecer a \u00e1gua. \u00c9 poss\u00edvel adquirir um sistema aut\u00f4nomo de aquecimento de \u00e1gua com bomba de calor como uma unidade integrada com um tanque de armazenamento de \u00e1gua embutido e elementos de aquecimento de resist\u00eancia de reserva. Tamb\u00e9m \u00e9 poss\u00edvel adaptar uma bomba de calor para funcionar com um aquecedor de \u00e1gua de armazenamento convencional existente.<\/p>\n\n\n\n<p>Os aquecedores de \u00e1gua com bomba de calor devem ser instalados em locais que permane\u00e7am na faixa de 40\u00ba-90\u00baF (4,4\u00ba-32,2\u00baC) durante todo o ano e que ofere\u00e7am pelo menos 28,3 metros c\u00fabicos (1.000 p\u00e9s c\u00fabicos) de espa\u00e7o de ar ao redor do aquecedor de \u00e1gua. O ar frio da exaust\u00e3o pode ser liberado para o ambiente ou para o exterior. Instale-os em um espa\u00e7o com excesso de calor, como uma sala de forno. Os aquecedores de \u00e1gua com bomba de calor n\u00e3o funcionar\u00e3o de forma eficiente em um espa\u00e7o frio. Eles tendem a resfriar os espa\u00e7os em que est\u00e3o instalados. Voc\u00ea tamb\u00e9m pode instalar um sistema de bomba de calor com fonte de ar que combine aquecimento, resfriamento e aquecimento de \u00e1gua. Esses sistemas combinados extraem o calor do ar externo no inverno e do ar interno no ver\u00e3o. Como eles removem o calor do ar, qualquer tipo de sistema de bomba de calor com fonte de ar funciona com mais efici\u00eancia em um clima quente.<\/p>\n\n\n\n<p>Os propriet\u00e1rios de resid\u00eancias instalam principalmente bombas de calor geot\u00e9rmicas - que extraem calor do solo durante o inverno e do ar interno durante o ver\u00e3o - para aquecer e resfriar suas casas. Para o aquecimento de \u00e1gua, voc\u00ea pode adicionar um superaquecedor a um sistema de bomba de calor geot\u00e9rmica. Um dessuperaquecedor \u00e9 um pequeno trocador de calor auxiliar que usa gases superaquecidos do compressor da bomba de calor para aquecer a \u00e1gua. Em seguida, essa \u00e1gua quente circula por um tubo at\u00e9 o tanque do aquecedor de \u00e1gua de armazenamento da resid\u00eancia.<\/p>\n\n\n\n<p><strong>Voc\u00ea pode gostar<\/strong>: <a href=\"https:\/\/www.gomonnewenergy.com\/pt\/integrated-heat-pump-water-heater.html\/\">aquecedor de \u00e1gua com bomba de calor integrada<\/a>, <a href=\"https:\/\/www.gomonnewenergy.com\/pt\/domestic-hot-heat-pump-water-heater.html\/\">esse aquecedor de \u00e1gua com bomba de calor dom\u00e9stico<\/a>, <a href=\"https:\/\/www.gomonnewenergy.com\/pt\/all-in-one-heat-pump-water-heater.html\/\">Aquecedor de \u00e1gua com bomba de calor tudo em um<\/a><\/p>\n\n\n\n<p>Os superaquecedores tamb\u00e9m est\u00e3o dispon\u00edveis para aquecedores de \u00e1gua sem tanque ou do tipo de demanda. No ver\u00e3o, o superaquecedor usa o excesso de calor que, de outra forma, seria expelido para o solo. Portanto, quando a bomba de calor geot\u00e9rmica funciona com frequ\u00eancia durante o ver\u00e3o, ela pode aquecer toda a \u00e1gua.<\/p>\n\n\n\n<p>Durante o outono, o inverno e a primavera - quando o superaquecedor n\u00e3o estiver produzindo tanto calor em excesso - voc\u00ea precisar\u00e1 contar mais com o aquecedor de \u00e1gua de armazenamento ou de demanda para aquecer a \u00e1gua. Alguns fabricantes tamb\u00e9m oferecem sistemas de bomba de calor geot\u00e9rmica de fun\u00e7\u00e3o tripla, que fornecem aquecimento, resfriamento e \u00e1gua quente. Eles usam um trocador de calor separado para atender a todas as necessidades de \u00e1gua quente de uma resid\u00eancia.<\/p>\n\n\n<div class=\"gb-grid-wrapper gb-grid-wrapper-34a89ead\">\n<div class=\"gb-grid-column gb-grid-column-4f6f793a\"><div class=\"gb-container gb-container-4f6f793a\"><div class=\"gb-inside-container\">\n<div role=\"form\" class=\"wpcf7\" id=\"wpcf7-f4532-o1\" lang=\"zh-CN\" dir=\"ltr\">\n<div class=\"screen-reader-response\"><p role=\"status\" aria-live=\"polite\" aria-atomic=\"true\"><\/p> <ul><\/ul><\/div>\n<form action=\"\/pt\/wp-json\/wp\/v2\/pages\/2#wpcf7-f4532-o1\" method=\"post\" class=\"wpcf7-form init\" novalidate=\"novalidate\" data-status=\"init\" data-trp-original-action=\"\/pt\/wp-json\/wp\/v2\/pages\/2#wpcf7-f4532-o1\">\n<div style=\"display: none;\">\n<input type=\"hidden\" name=\"_wpcf7\" value=\"4532\" \/>\n<input type=\"hidden\" name=\"_wpcf7_version\" value=\"5.6.4\" \/>\n<input type=\"hidden\" name=\"_wpcf7_locale\" value=\"zh_CN\" \/>\n<input type=\"hidden\" name=\"_wpcf7_unit_tag\" value=\"wpcf7-f4532-o1\" \/>\n<input type=\"hidden\" name=\"_wpcf7_container_post\" value=\"0\" \/>\n<input type=\"hidden\" name=\"_wpcf7_posted_data_hash\" value=\"\" \/>\n<\/div>\n<div class=\"hunkcf71\">\n<p class=\"cf7-title\" style=\"font-size:25px;\"><i class=\"fa fa-envelope-o\"><\/i> Formul\u00e1rio de consulta\n<\/p>\n<p><span class=\"wpcf7-form-control-wrap\" data-name=\"your-name\"><input type=\"text\" name=\"your-name\" value=\"\" size=\"40\" class=\"wpcf7-form-control wpcf7-text wpcf7-validates-as-required\" aria-required=\"true\" aria-invalid=\"false\" placeholder=\"Seu nome*\" \/><\/span><\/p>\n<p><span class=\"wpcf7-form-control-wrap\" data-name=\"your-email\"><input type=\"email\" name=\"your-email\" value=\"\" size=\"40\" class=\"wpcf7-form-control wpcf7-text wpcf7-email wpcf7-validates-as-required wpcf7-validates-as-email\" aria-required=\"true\" aria-invalid=\"false\" placeholder=\"Endere\u00e7o de e-mail*\" \/><\/span><\/p>\n<p><span class=\"wpcf7-form-control-wrap\" data-name=\"your-subject\"><input type=\"text\" name=\"your-subject\" value=\"\" size=\"40\" class=\"wpcf7-form-control wpcf7-text wpcf7-validates-as-required\" aria-required=\"true\" aria-invalid=\"false\" placeholder=\"Seu pa\u00eds*\" \/><\/span><\/p>\n<p><span class=\"wpcf7-form-control-wrap\" data-name=\"your-message\"><textarea name=\"your-message\" cols=\"40\" rows=\"10\" class=\"wpcf7-form-control wpcf7-textarea wpcf7-validates-as-required\" aria-required=\"true\" aria-invalid=\"false\" placeholder=\"Para obter as melhores cota\u00e7\u00f5es, recomendamos incluir os seguintes detalhes: -Apresenta\u00e7\u00e3o pessoal -O que voc\u00ea est\u00e1 procurando -Especifica\u00e7\u00f5es necess\u00e1rias -Pergunte sobre pre\u00e7o\/MOQ\"><\/textarea><\/span><\/p>\n<p><input type=\"submit\" value=\"enviar\" class=\"wpcf7-form-control has-spinner wpcf7-submit\" \/><\/p>\n<\/div>\n<div class=\"wpcf7-response-output\" aria-hidden=\"true\"><\/div><input type=\"hidden\" name=\"trp-form-language\" value=\"pt\"\/><\/form><\/div>\n\n<\/div><\/div><\/div>\n\n<div class=\"gb-grid-column gb-grid-column-692e151e\"><div class=\"gb-container gb-container-692e151e\"><div class=\"gb-inside-container\"><\/div><\/div><\/div>\n\n<div class=\"gb-grid-column gb-grid-column-c9a6bbd0\"><div class=\"gb-container gb-container-c9a6bbd0\"><div class=\"gb-inside-container\"><\/div><\/div><\/div>\n<\/div>\n<\/div><\/div>","protected":false},"excerpt":{"rendered":"","protected":false},"author":1,"featured_media":0,"parent":0,"menu_order":0,"comment_status":"closed","ping_status":"open","template":"","meta":{"_generate-full-width-content":""},"aioseo_notices":[],"featured_image_urls":{"full":"","thumbnail":"","medium":"","medium_large":"","large":"","1536x1536":"","2048x2048":"","trp-custom-language-flag":""},"post_excerpt_stackable":"<p>KRS35A-VD Series All In One Heat Pump (CE Certified) KRS118B Series All In One Heat Pump Water Heater KRS38A Series All In One Heat Pump Water Heater KRS16E Series Wall Mounted Heat Pump Water Heater KRS35A Series All In One Heat Pump Water Heater KRS60A-300V Series All In One Heat Pump Water Mark KRS75A Series All In One Heat Pump Water Heater It&#8217;s generally easier to move something than to make something. Putting that principle to use, Heat Pump Water Heaters use electricity to move heat from one place to another instead of generating heat directly. To understand the concept&hellip;<\/p>\n","category_list":"","author_info":{"name":"\u521888","url":"https:\/\/www.gomonnewenergy.com\/pt\/author\/liu88"},"comments_num":"0 coment\u00e1rio","_links":{"self":[{"href":"https:\/\/www.gomonnewenergy.com\/pt\/wp-json\/wp\/v2\/pages\/2"}],"collection":[{"href":"https:\/\/www.gomonnewenergy.com\/pt\/wp-json\/wp\/v2\/pages"}],"about":[{"href":"https:\/\/www.gomonnewenergy.com\/pt\/wp-json\/wp\/v2\/types\/page"}],"author":[{"embeddable":true,"href":"https:\/\/www.gomonnewenergy.com\/pt\/wp-json\/wp\/v2\/users\/1"}],"replies":[{"embeddable":true,"href":"https:\/\/www.gomonnewenergy.com\/pt\/wp-json\/wp\/v2\/comments?post=2"}],"version-history":[{"count":0,"href":"https:\/\/www.gomonnewenergy.com\/pt\/wp-json\/wp\/v2\/pages\/2\/revisions"}],"wp:attachment":[{"href":"https:\/\/www.gomonnewenergy.com\/pt\/wp-json\/wp\/v2\/media?parent=2"}],"curies":[{"name":"wp","href":"https:\/\/api.w.org\/{rel}","templated":true}]}}