{"id":3595,"date":"2020-10-26T20:13:41","date_gmt":"2020-10-26T20:13:41","guid":{"rendered":"https:\/\/gpsites.co\/health\/?page_id=3595"},"modified":"2022-10-05T13:56:00","modified_gmt":"2022-10-05T13:56:00","slug":"solar-water-heater","status":"publish","type":"page","link":"https:\/\/www.gomonnewenergy.com\/it\/scaldabagno-solare","title":{"rendered":"Scaldabagno solare"},"content":{"rendered":"<div class=\"wp-block-columns are-vertically-aligned-center\">\n<div class=\"wp-block-column is-vertically-aligned-center\" style=\"flex-basis:100%\"><\/div>\n<\/div>\n\n\n<div class=\"gb-container gb-container-7003298b\"><div class=\"gb-inside-container\">\n\n<div class=\"wp-block-columns\">\n<div class=\"wp-block-column\"><div class=\"gb-grid-wrapper gb-grid-wrapper-009cb668\">\n<div class=\"gb-grid-column gb-grid-column-5625a35a\"><div class=\"gb-container gb-container-5625a35a\"><div class=\"gb-inside-container\">\n\n<figure class=\"wp-block-image size-large\"><a href=\"https:\/\/www.gomonnewenergy.com\/it\/compact-heat-pipe-solar-water-heater.html\/\"><img src=\"http:\/\/www.gomonnewenergy.com\/wp-content\/uploads\/2021\/04\/Compact-Heat-Pipe-Solar-Water-Heater.jpg\" alt=\"\"\/><\/a><\/figure>\n\n\n\n<h4><a href=\"https:\/\/www.gomonnewenergy.com\/it\/compact-heat-pipe-solar-water-heater.html\/\">Scaldacqua solare compatto a tubi di calore<\/a><\/h4>\n\n<\/div><\/div><\/div>\n\n<div class=\"gb-grid-column gb-grid-column-dcd3cbf5\"><div class=\"gb-container gb-container-dcd3cbf5\"><div class=\"gb-inside-container\">\n\n<figure class=\"wp-block-image size-large\"><a href=\"https:\/\/www.gomonnewenergy.com\/it\/open-loop-flat-panel-solar-water-heater.html\/\"><img src=\"http:\/\/www.gomonnewenergy.com\/wp-content\/uploads\/2021\/04\/Open-Loop-Flat-Panel-Solar-Water-Heater-1.jpg\" alt=\"\"\/><\/a><\/figure>\n\n\n\n<h4><a href=\"https:\/\/www.gomonnewenergy.com\/it\/open-loop-flat-panel-solar-water-heater.html\/\">Scaldabagno solare a pannello piatto a circuito aperto<\/a><\/h4>\n\n<\/div><\/div><\/div>\n\n<div class=\"gb-grid-column gb-grid-column-b2247a0d\"><div class=\"gb-container gb-container-b2247a0d\"><div class=\"gb-inside-container\">\n\n<figure class=\"wp-block-image size-large\"><a href=\"https:\/\/www.gomonnewenergy.com\/it\/closed-loop-flat-panel-solar-water-heater.html\/\"><img src=\"http:\/\/www.gomonnewenergy.com\/wp-content\/uploads\/2021\/04\/Closed-Loop-Flat-Panel-Solar-Water-Heater-2-768x768-1.jpg\" alt=\"\"\/><\/a><\/figure>\n\n\n\n<h4><a href=\"https:\/\/www.gomonnewenergy.com\/it\/closed-loop-flat-panel-solar-water-heater.html\/\">Scaldabagno solare a pannello piatto a ciclo chiuso<\/a><\/h4>\n\n<\/div><\/div><\/div>\n\n<div class=\"gb-grid-column gb-grid-column-b3e6a3b4\"><div class=\"gb-container gb-container-b3e6a3b4\"><div class=\"gb-inside-container\"><\/div><\/div><\/div>\n<\/div><\/div>\n<\/div>\n\n<\/div><\/div>\n\n<div class=\"gb-container gb-container-904034e1\"><div class=\"gb-inside-container\">\n\n<p>Lo scaldacqua solare \u00e8 la conversione della luce solare in calore per il riscaldamento dell'acqua mediante un collettore solare termico. \u00c8 disponibile una variet\u00e0 di configurazioni a costi variabili per fornire soluzioni in climi e latitudini diversi. Gli scaldacqua solari sono ampiamente utilizzati per applicazioni residenziali e per alcune applicazioni industriali.<\/p>\n\n\n\n<p>L'installazione di uno scaldacqua solare \u00e8 un metodo molto diffuso tra i proprietari di casa per ridurre la bolletta elettrica. Questi sistemi utilizzano l'energia rinnovabile per ridurre il fabbisogno di energia di rete, fornendo al contempo elevati volumi di acqua calda.<\/p>\n\n\n\n<h2>Che cos'\u00e8 uno scaldacqua solare?<\/h2>\n\n\n\n<p>A differenza degli scaldacqua tradizionali, gli scaldacqua solari non utilizzano l'energia della rete per riscaldare l'acqua. Al contrario, questi apparecchi ad alta efficienza utilizzano collettori solari dedicati sul tetto dell'abitazione per attingere energia dal sole. L'energia solare raccolta viene poi utilizzata per riscaldare l'acqua di casa.<\/p>\n\n\n\n<p>Gli scaldacqua solari sono stati estremamente popolari in passato perch\u00e9 riducono la bolletta elettrica e consentono di riscaldare l'acqua con energia pulita. I collettori solari riscaldano direttamente l'acqua e non forniscono altra energia solare alla casa.<\/p>\n\n\n\n<p>Pi\u00f9 di recente, si \u00e8 optato per gli scaldacqua a pompa di calore elettrica, abbinati a sistemi di pannelli solari domestici. Le pompe di calore elettriche utilizzano l'energia di rete per riscaldare l'acqua, tuttavia, se abbinate a un sistema solare domestico, sono in grado di funzionare ancora con l'elettricit\u00e0 solare.<\/p>\n\n\n\n<p>Se non siete in grado di installare un sistema solare domestico completo, o se avete una casa non collegata alla rete, uno scaldacqua solare indipendente pu\u00f2 essere un'ottima opzione.<\/p>\n\n\n\n<h2>Come funzionano gli scaldacqua solari?<\/h2>\n\n\n\n<p>I sistemi solari di riscaldamento dell'acqua possono produrre una quantit\u00e0 di acqua calda sufficiente a soddisfare la maggior parte del fabbisogno giornaliero di acqua calda sanitaria.<\/p>\n\n\n\n<p>Esistono due tipi principali di scaldacqua solari per uso residenziale e commerciale:<\/p>\n\n\n\n<ul><li>Scaldacqua solari attivi<\/li><li>Scaldacqua solari passivi<\/li><\/ul>\n\n\n\n<p>Ognuna di queste funziona in modo diverso e consiste in apparecchiature diverse.<\/p>\n\n\n\n<h3>Scaldacqua solari attivi<\/h3>\n\n\n\n<p>Gli scaldacqua solari attivi utilizzano una pompa per far circolare l'acqua calda dai collettori solari, o assorbitori, fino all'abitazione. Di solito vengono installati in aree con climi pi\u00f9 freddi, in quanto l'acqua viene immagazzinata in un serbatoio che pu\u00f2 essere tenuto in casa per evitare il congelamento.<\/p>\n\n\n\n<p>Esistono due tipi diversi di scaldacqua solari attivi:<\/p>\n\n\n\n<ul><li>Sistemi attivi diretti, in cui l'acqua viene riscaldata direttamente nei collettori e poi inviata ai rubinetti e ai soffioni della doccia. I collettori solari sono solitamente tubi di metallo o di vetro.<\/li><li>Sistemi indiretti attivi, in cui un fluido di trasferimento del calore, come il glicole propilenico, viene riscaldato all'interno dei collettori solari e poi trasferisce il calore all'acqua di alimentazione con uno scambiatore di calore in un sistema a ciclo chiuso. Si verifica una certa perdita di calore mentre il fluido di trasferimento circola nel sistema.<\/li><\/ul>\n\n\n\n<h3>Scaldacqua solari passivi<\/h3>\n\n\n\n<p>Gli scaldacqua solari passivi non utilizzano pompe di circolazione per spostare l'acqua calda. Si affidano invece alla convezione come sistema di circolazione, dove l'acqua pi\u00f9 calda sale in superficie e l'acqua fredda affonda, per far circolare l'acqua.<\/p>\n\n\n\n<p>I sistemi solari passivi sono di solito pi\u00f9 economici di quelli attivi, in quanto non richiedono attrezzature speciali per pompare l'acqua.<\/p>\n\n\n\n<p>Esistono due tipi principali di scaldacqua solari passivi:<\/p>\n\n\n\n<ul><li>Gli scaldacqua solari a collettore integrale sono grandi serbatoi di stoccaggio dell'acqua nera integrati in una scatola isolata con una parte superiore che lascia passare la luce del sole. La luce solare riscalda l'acqua direttamente nei serbatoi neri, che poi fluisce nell'impianto idraulico quando si ha bisogno di acqua calda.<\/li><li>I sistemi passivi a termosifone utilizzano collettori metallici a piastra piatta per riscaldare piccoli lotti di acqua sul tetto. Quando si aprono le valvole dell'acqua calda, l'acqua calda nella parte superiore del collettore scende dal tetto ai rubinetti. Di solito sono progettati per contenere 40 galloni d'acqua.<\/li><\/ul>\n\n\n\n<p>Molti sistemi passivi includono un riscaldatore senza serbatoio come fonte di energia di riserva, che pu\u00f2 essere a gas o elettrico.<\/p>\n\n\n\n<h2>Serbatoi di accumulo e collettori solari<\/h2>\n\n\n\n<p>La maggior parte degli scaldacqua solari richiede un serbatoio di accumulo ben isolato. Gli accumulatori solari hanno un'uscita e un ingresso aggiuntivi collegati al collettore. Nei sistemi a due serbatoi, lo scaldacqua solare preriscalda l'acqua prima che entri nello scaldacqua tradizionale. Nei sistemi a un serbatoio, il riscaldatore di riserva \u00e8 combinato con l'accumulo solare in un unico serbatoio.<\/p>\n\n\n\n<p>Per le applicazioni residenziali si utilizzano tre tipi di collettori solari:<\/p>\n\n\n\n<h3>Collettore piatto<\/h3>\n\n\n\n<p>I collettori piani vetrati sono scatole isolate e protette dalle intemperie che contengono una piastra assorbente scura sotto una o pi\u00f9 coperture in vetro o plastica (polimero). I collettori piani non vetrati - tipicamente utilizzati per il riscaldamento delle piscine solari - hanno una piastra assorbente scura, in metallo o polimero, senza copertura o involucro.<\/p>\n\n\n\n<h3>Sistemi integrali collettore-stoccaggio<\/h3>\n\n\n\n<p>Conosciuti anche come sistemi ICS o batch, sono caratterizzati da uno o pi\u00f9 serbatoi o tubi neri in una scatola isolata e vetrata. L'acqua fredda passa prima attraverso il collettore solare, che la preriscalda. L'acqua passa poi allo scaldacqua convenzionale di riserva, fornendo una fonte affidabile di acqua calda. Questi impianti devono essere installati solo in climi miti e freddi, perch\u00e9 le tubature esterne potrebbero congelare in caso di freddo intenso.<\/p>\n\n\n\n<h3>Collettori solari a tubi evacuati<\/h3>\n\n\n\n<p>Sono caratterizzati da file parallele di tubi di vetro trasparenti. Ogni tubo contiene un tubo esterno in vetro e un tubo assorbitore in metallo collegato a un'aletta. Il rivestimento dell'aletta assorbe l'energia solare ma inibisce la perdita di calore per irraggiamento. Questi collettori sono utilizzati pi\u00f9 frequentemente nelle applicazioni commerciali statunitensi.<\/p>\n\n\n\n<p>I sistemi solari di riscaldamento dell'acqua richiedono quasi sempre un sistema di backup per le giornate nuvolose e i periodi di maggiore richiesta. Gli scaldacqua ad accumulo convenzionali di solito forniscono un sistema di backup e possono gi\u00e0 far parte del pacchetto del sistema solare. Un sistema di backup pu\u00f2 anche far parte del collettore solare, come ad esempio i serbatoi sul tetto dei sistemi a termosifone. Poich\u00e9 un sistema di accumulo con collettore integrale immagazzina gi\u00e0 l'acqua calda oltre a raccogliere il calore solare, pu\u00f2 essere abbinato a uno scaldacqua tankless o a richiesta per il backup.<\/p>\n\n\n\n<h2>Guida all'acquisto<\/h2>\n\n\n\n<p>Quando si sceglie un sistema di riscaldamento solare dell'acqua per la propria casa, ci sono diversi aspetti da considerare.<\/p>\n\n\n\n<h3>Capacit\u00e0 del sistema<\/h3>\n\n\n\n<p>Il sistema scelto deve soddisfare le vostre esigenze. Ad esempio, se avete un fabbisogno regolare di 500 galloni d'acqua al giorno, assicuratevi che il sistema scelto sia in grado di soddisfare queste e altre esigenze.<\/p>\n\n\n\n<h3>Facilit\u00e0 d'uso<\/h3>\n\n\n\n<p>Quando scegliete un sistema, verificate che sia facile da configurare, utilizzare e mantenere. Questo vi aiuter\u00e0 a evitare problemi dopo l'acquisto.<\/p>\n\n\n\n<h3>Durata<\/h3>\n\n\n\n<p>Poich\u00e9 i riscaldatori a energia solare vengono installati all'esterno, devono essere resistenti e realizzati con materiali di qualit\u00e0. Scegliete quindi un prodotto che vi offra il miglior rapporto qualit\u00e0-prezzo e che sia in grado di resistere ai capricci della natura.<\/p>\n\n\n<div class=\"gb-grid-wrapper gb-grid-wrapper-befc55a6\">\n<div class=\"gb-grid-column gb-grid-column-904a8fb0\"><div class=\"gb-container gb-container-904a8fb0\"><div class=\"gb-inside-container\">\n<div role=\"form\" class=\"wpcf7\" id=\"wpcf7-f4532-o1\" lang=\"zh-CN\" dir=\"ltr\">\n<div class=\"screen-reader-response\"><p role=\"status\" aria-live=\"polite\" aria-atomic=\"true\"><\/p> <ul><\/ul><\/div>\n<form action=\"\/it\/wp-json\/wp\/v2\/pages\/3595#wpcf7-f4532-o1\" method=\"post\" class=\"wpcf7-form init\" novalidate=\"novalidate\" data-status=\"init\" data-trp-original-action=\"\/it\/wp-json\/wp\/v2\/pages\/3595#wpcf7-f4532-o1\">\n<div style=\"display: none;\">\n<input type=\"hidden\" name=\"_wpcf7\" value=\"4532\" \/>\n<input type=\"hidden\" name=\"_wpcf7_version\" value=\"5.6.4\" \/>\n<input type=\"hidden\" name=\"_wpcf7_locale\" value=\"zh_CN\" \/>\n<input type=\"hidden\" name=\"_wpcf7_unit_tag\" value=\"wpcf7-f4532-o1\" \/>\n<input type=\"hidden\" name=\"_wpcf7_container_post\" value=\"0\" \/>\n<input type=\"hidden\" name=\"_wpcf7_posted_data_hash\" value=\"\" \/>\n<\/div>\n<div class=\"hunkcf71\">\n<p class=\"cf7-title\" style=\"font-size:25px;\"><i class=\"fa fa-envelope-o\"><\/i> Modulo di richiesta\n<\/p>\n<p><span class=\"wpcf7-form-control-wrap\" data-name=\"your-name\"><input type=\"text\" name=\"your-name\" value=\"\" size=\"40\" class=\"wpcf7-form-control wpcf7-text wpcf7-validates-as-required\" aria-required=\"true\" aria-invalid=\"false\" placeholder=\"Il tuo nome*\" \/><\/span><\/p>\n<p><span class=\"wpcf7-form-control-wrap\" data-name=\"your-email\"><input type=\"email\" name=\"your-email\" value=\"\" size=\"40\" class=\"wpcf7-form-control wpcf7-text wpcf7-email wpcf7-validates-as-required wpcf7-validates-as-email\" aria-required=\"true\" aria-invalid=\"false\" placeholder=\"Indirizzo e-mail*\" \/><\/span><\/p>\n<p><span class=\"wpcf7-form-control-wrap\" data-name=\"your-subject\"><input type=\"text\" name=\"your-subject\" value=\"\" size=\"40\" class=\"wpcf7-form-control wpcf7-text wpcf7-validates-as-required\" aria-required=\"true\" aria-invalid=\"false\" placeholder=\"Il tuo Paese*\" \/><\/span><\/p>\n<p><span class=\"wpcf7-form-control-wrap\" data-name=\"your-message\"><textarea name=\"your-message\" cols=\"40\" rows=\"10\" class=\"wpcf7-form-control wpcf7-textarea wpcf7-validates-as-required\" aria-required=\"true\" aria-invalid=\"false\" placeholder=\"Per ottenere le migliori quotazioni, si consiglia di includere i seguenti dettagli: -Presentazione personale -Cosa state cercando -Specifiche richieste -Richiesta di prezzo\/MOQ\"><\/textarea><\/span><\/p>\n<p><input type=\"submit\" value=\"presentare\" class=\"wpcf7-form-control has-spinner wpcf7-submit\" \/><\/p>\n<\/div>\n<div class=\"wpcf7-response-output\" aria-hidden=\"true\"><\/div><input type=\"hidden\" name=\"trp-form-language\" value=\"it\"\/><\/form><\/div>\n\n<\/div><\/div><\/div>\n\n<div class=\"gb-grid-column gb-grid-column-ecfdefd8\"><div class=\"gb-container gb-container-ecfdefd8\"><div class=\"gb-inside-container\"><\/div><\/div><\/div>\n\n<div class=\"gb-grid-column gb-grid-column-19540064\"><div class=\"gb-container gb-container-19540064\"><div class=\"gb-inside-container\"><\/div><\/div><\/div>\n<\/div>\n<\/div><\/div>","protected":false},"excerpt":{"rendered":"","protected":false},"author":1,"featured_media":0,"parent":0,"menu_order":0,"comment_status":"closed","ping_status":"closed","template":"","meta":{"_generate-full-width-content":"true"},"aioseo_notices":[],"featured_image_urls":{"full":"","thumbnail":"","medium":"","medium_large":"","large":"","1536x1536":"","2048x2048":"","trp-custom-language-flag":""},"post_excerpt_stackable":"<p>Compact Heat Pipe Solar Water Heater Open Loop Flat Panel Solar Water Heater Closed Loop Flat Panel Solar Water Heater Solar Water Heater is the conversion of sunlight into heat for water heating using a solar thermal collector. A variety of configurations is available at varying cost to provide solutions in different climates and latitudes. Solar Water Heaters are widely used for residential and some industrial applications. Installing a solar water heater is one popular method for homeowners to reduce their electric bill. These systems use renewable energy to reduce the need for grid power while delivering high volumes of&hellip;<\/p>\n","category_list":"","author_info":{"name":"\u521888","url":"https:\/\/www.gomonnewenergy.com\/it\/author\/liu88"},"comments_num":"0 commenti","_links":{"self":[{"href":"https:\/\/www.gomonnewenergy.com\/it\/wp-json\/wp\/v2\/pages\/3595"}],"collection":[{"href":"https:\/\/www.gomonnewenergy.com\/it\/wp-json\/wp\/v2\/pages"}],"about":[{"href":"https:\/\/www.gomonnewenergy.com\/it\/wp-json\/wp\/v2\/types\/page"}],"author":[{"embeddable":true,"href":"https:\/\/www.gomonnewenergy.com\/it\/wp-json\/wp\/v2\/users\/1"}],"replies":[{"embeddable":true,"href":"https:\/\/www.gomonnewenergy.com\/it\/wp-json\/wp\/v2\/comments?post=3595"}],"version-history":[{"count":0,"href":"https:\/\/www.gomonnewenergy.com\/it\/wp-json\/wp\/v2\/pages\/3595\/revisions"}],"wp:attachment":[{"href":"https:\/\/www.gomonnewenergy.com\/it\/wp-json\/wp\/v2\/media?parent=3595"}],"curies":[{"name":"wp","href":"https:\/\/api.w.org\/{rel}","templated":true}]}}