{"id":3,"date":"2021-04-03T12:50:13","date_gmt":"2021-04-03T12:50:13","guid":{"rendered":"http:\/\/www.gomonnewenergy.com\/?page_id=3"},"modified":"2023-02-06T05:10:53","modified_gmt":"2023-02-06T05:10:53","slug":"about-us","status":"publish","type":"page","link":"https:\/\/www.gomonnewenergy.com\/it\/chi-siamo","title":{"rendered":"Chi siamo"},"content":{"rendered":"<div class=\"gb-container gb-container-f86c0fe2\"><div class=\"gb-inside-container\">\n\n<p>Jiangsu Gomon New Energy Co. Ltd \u00e8 la filiale principale del Gruppo Gomon. Fondata nel 1998, da oltre 20 anni non solo abbiamo affinato le nostre competenze, i nostri processi e i nostri sistemi nella produzione di serbatoi d'acqua smaltati in pressione, di prodotti per l'energia solare e per l'energia dell'aria adatti ai nostri clienti nel settore delle nuove energie, ma anche con un'idea: creare una buona vita verde a basse emissioni di carbonio per l'umanit\u00e0.<\/p>\n\n<\/div><\/div>\n\n<div class=\"gb-container gb-container-3a46a0f8\"><div class=\"gb-inside-container\">\n<div class=\"gb-grid-wrapper gb-grid-wrapper-f30cde85\">\n<div class=\"gb-grid-column gb-grid-column-40a1411e\"><div class=\"gb-container gb-container-40a1411e\"><div class=\"gb-inside-container\">\n\n<h2><\/h2>\n\n\n\n<figure class=\"wp-block-embed is-type-video is-provider-youtube wp-block-embed-youtube wp-embed-aspect-16-9 wp-has-aspect-ratio\"><div class=\"wp-block-embed__wrapper\">\n<iframe loading=\"lazy\" title=\"Introduzione di Gomon\" width=\"1200\" height=\"675\" src=\"https:\/\/www.youtube.com\/embed\/jG9zcPF-LwY?feature=oembed\" frameborder=\"0\" allow=\"accelerometer; autoplay; clipboard-write; encrypted-media; gyroscope; picture-in-picture\" allowfullscreen><\/iframe>\n<\/div><\/figure>\n\n<\/div><\/div><\/div>\n\n<div class=\"gb-grid-column gb-grid-column-887b2d8a\"><div class=\"gb-container gb-container-887b2d8a\"><div class=\"gb-inside-container\">\n\n<p>Possediamo un laboratorio CNAS e un laboratorio per la differenza di entalpia della pompa di calore a sorgente d'aria, insieme a una linea di produzione completamente automatica e ad altre strutture all'avanguardia per servire meglio i nostri clienti e le loro esigenze.<\/p>\n\n\n\n<p>Siamo pienamente conformi agli standard del settore, in quanto certificati CE, SOLAR MARK, WATER MARK ed ETL, e siamo conosciuti in tutto il mondo per i nostri eccezionali sistemi di gestione della qualit\u00e0 e per la missione di miglioramento continuo delle nostre operazioni di produzione. \u00c8 questa rigorosa adesione ai pi\u00f9 esigenti sistemi di controllo della qualit\u00e0 che si traduce nella soddisfazione e nella fiducia dei clienti.<\/p>\n\n<\/div><\/div><\/div>\n<\/div>\n\n\n<p>Con l'aumento della concorrenza globale e le maggiori aspettative di miglioramento della qualit\u00e0, dell'affidabilit\u00e0, delle prestazioni, delle consegne e dei costi, i nostri sforzi si concentrano sul miglioramento continuo e sull'innovazione. Dal punto di vista delle esigenze dei clienti, il nostro obiettivo \u00e8 quello di fornire loro soluzioni migliori, pi\u00f9 veloci e pi\u00f9 economiche.<\/p>\n\n\n\n<p>Attendiamo con ansia la vostra visita, la vostra guida e la vostra negoziazione.<\/p>\n\n<\/div><\/div>\n\n<div class=\"gb-container gb-container-86921549\"><div class=\"gb-inside-container\">\n<div class=\"gb-grid-wrapper gb-grid-wrapper-37bdee99\"><\/div>\n\n\n<figure class=\"wp-block-image alignwide size-large\"><img loading=\"lazy\" width=\"1024\" height=\"458\" src=\"http:\/\/www.gomonnewenergy.com\/wp-content\/uploads\/2021\/04\/About-Us-1024x458.jpg\" alt=\"\" class=\"wp-image-4969\" srcset=\"https:\/\/www.gomonnewenergy.com\/wp-content\/uploads\/2021\/04\/About-Us-1024x458.jpg 1024w, https:\/\/www.gomonnewenergy.com\/wp-content\/uploads\/2021\/04\/About-Us-300x134.jpg 300w, https:\/\/www.gomonnewenergy.com\/wp-content\/uploads\/2021\/04\/About-Us-768x344.jpg 768w, https:\/\/www.gomonnewenergy.com\/wp-content\/uploads\/2021\/04\/About-Us.jpg 1200w\" sizes=\"(max-width: 1024px) 100vw, 1024px\" \/><\/figure>\n\n<\/div><\/div>","protected":false},"excerpt":{"rendered":"<p>Jiangsu Gomon New Energy Co. Ltd is the core subsidiary of Gomon Group. Founded in 1998, For over 20 years we not only have honed our expertise, processes, and systems in the manufacturing pressurized enamelled water tanks, solar energy and air energy products suitable for our customers in the new energy industry, but also with &#8230; <a title=\"Chi siamo\" class=\"read-more\" href=\"https:\/\/www.gomonnewenergy.com\/it\/chi-siamo\" aria-label=\"More on About Us\">Leggi tutto<\/a><\/p>","protected":false},"author":1,"featured_media":0,"parent":0,"menu_order":0,"comment_status":"closed","ping_status":"open","template":"","meta":{"_generate-full-width-content":""},"aioseo_notices":[],"featured_image_urls":{"full":"","thumbnail":"","medium":"","medium_large":"","large":"","1536x1536":"","2048x2048":"","trp-custom-language-flag":""},"post_excerpt_stackable":"<p>Jiangsu Gomon New Energy Co. Ltd is the core subsidiary of Gomon Group. Founded in 1998, For over 20 years we not only have honed our expertise, processes, and systems in the manufacturing pressurized enamelled water tanks, solar energy and air energy products suitable for our customers in the new energy industry, but also with an idea\u2014To create a low-carbon green good life for mankind. We own CNAS Laboratory and Air source heat pump enthalpy difference Laboratory ,together with fully automatic production line and other more state-of-the-art facilities to better serve our customers and their needs. We are fully compliant&hellip;<\/p>\n","category_list":"","author_info":{"name":"\u521888","url":"https:\/\/www.gomonnewenergy.com\/it\/author\/liu88"},"comments_num":"0 commenti","_links":{"self":[{"href":"https:\/\/www.gomonnewenergy.com\/it\/wp-json\/wp\/v2\/pages\/3"}],"collection":[{"href":"https:\/\/www.gomonnewenergy.com\/it\/wp-json\/wp\/v2\/pages"}],"about":[{"href":"https:\/\/www.gomonnewenergy.com\/it\/wp-json\/wp\/v2\/types\/page"}],"author":[{"embeddable":true,"href":"https:\/\/www.gomonnewenergy.com\/it\/wp-json\/wp\/v2\/users\/1"}],"replies":[{"embeddable":true,"href":"https:\/\/www.gomonnewenergy.com\/it\/wp-json\/wp\/v2\/comments?post=3"}],"version-history":[{"count":0,"href":"https:\/\/www.gomonnewenergy.com\/it\/wp-json\/wp\/v2\/pages\/3\/revisions"}],"wp:attachment":[{"href":"https:\/\/www.gomonnewenergy.com\/it\/wp-json\/wp\/v2\/media?parent=3"}],"curies":[{"name":"wp","href":"https:\/\/api.w.org\/{rel}","templated":true}]}}