{"id":2,"date":"2021-04-03T12:50:13","date_gmt":"2021-04-03T12:50:13","guid":{"rendered":"http:\/\/www.gomonnewenergy.com\/?page_id=2"},"modified":"2024-12-05T13:17:16","modified_gmt":"2024-12-05T13:17:16","slug":"heat-pump-water-heater","status":"publish","type":"page","link":"https:\/\/www.gomonnewenergy.com\/it\/scaldacqua-a-pompa-di-calore","title":{"rendered":"Scaldacqua a pompa di calore"},"content":{"rendered":"<div class=\"gb-container gb-container-a6134bd1\"><div class=\"gb-inside-container\">\n<div class=\"gb-grid-wrapper gb-grid-wrapper-3660c808\">\n<div class=\"gb-grid-column gb-grid-column-ee52e0a5\"><div class=\"gb-container gb-container-ee52e0a5\"><div class=\"gb-inside-container\">\n\n<figure class=\"wp-block-image size-full\"><a href=\"https:\/\/www.gomonnewenergy.com\/it\/krs35a-vd-series-all-in-one-heat-pump-water-heater-ce-certified.html\/\"><img loading=\"lazy\" width=\"768\" height=\"768\" src=\"https:\/\/www.gomonnewenergy.com\/wp-content\/uploads\/2024\/08\/KRS38A-Series-All-In-One-Heat-Pump-Water-Heater-768x768-1.jpg\" alt=\"\" class=\"wp-image-8058\" srcset=\"https:\/\/www.gomonnewenergy.com\/wp-content\/uploads\/2024\/08\/KRS38A-Series-All-In-One-Heat-Pump-Water-Heater-768x768-1.jpg 768w, https:\/\/www.gomonnewenergy.com\/wp-content\/uploads\/2024\/08\/KRS38A-Series-All-In-One-Heat-Pump-Water-Heater-768x768-1-300x300.jpg 300w, https:\/\/www.gomonnewenergy.com\/wp-content\/uploads\/2024\/08\/KRS38A-Series-All-In-One-Heat-Pump-Water-Heater-768x768-1-150x150.jpg 150w, https:\/\/www.gomonnewenergy.com\/wp-content\/uploads\/2024\/08\/KRS38A-Series-All-In-One-Heat-Pump-Water-Heater-768x768-1-12x12.jpg 12w\" sizes=\"(max-width: 768px) 100vw, 768px\" \/><\/a><\/figure>\n\n\n\n<p><a previewlistener=\"true\" href=\"https:\/\/www.gomonnewenergy.com\/it\/krs35a-vd-series-all-in-one-heat-pump-water-heater-ce-certified.html\/\">Pompa di calore All In One serie KRS35A-VD (certificata CE)<\/a><\/p>\n\n\n\n<figure class=\"wp-block-image size-large\"><a href=\"https:\/\/www.gomonnewenergy.com\/it\/krs118b-series-all-in-one-heat-pump-water-heater.html\/\"><img src=\"http:\/\/www.gomonnewenergy.com\/wp-content\/uploads\/2021\/04\/KRS118B-Series-All-In-One-Heat-Pump-Water-Heater-768x768-1.jpg\" alt=\"\"\/><\/a><\/figure>\n\n\n\n<h4><a href=\"https:\/\/www.gomonnewenergy.com\/it\/krs118b-series-all-in-one-heat-pump-water-heater.html\/\">Scaldacqua a pompa di calore All In One serie KRS118B<\/a><\/h4>\n\n<\/div><\/div><\/div>\n\n<div class=\"gb-grid-column gb-grid-column-0a0c60d0\"><div class=\"gb-container gb-container-0a0c60d0\"><div class=\"gb-inside-container\">\n\n<figure class=\"wp-block-image size-large\"><a href=\"https:\/\/www.gomonnewenergy.com\/it\/krs38a-series-all-in-one-heat-pump-water-heater.html\/\"><img src=\"http:\/\/www.gomonnewenergy.com\/wp-content\/uploads\/2021\/04\/KRS38A-Series-All-In-One-Heat-Pump-Water-Heater-768x768-1.jpg\" alt=\"\"\/><\/a><\/figure>\n\n\n\n<h4><a href=\"https:\/\/www.gomonnewenergy.com\/it\/krs38a-series-all-in-one-heat-pump-water-heater.html\/\">Scaldacqua a pompa di calore All In One serie KRS38A<\/a><\/h4>\n\n\n\n<figure class=\"wp-block-image size-large is-resized\"><a href=\"https:\/\/www.gomonnewenergy.com\/it\/krs16e-series-wall-mounted-heat-pump-water-heater.html\/\"><img loading=\"lazy\" src=\"http:\/\/www.gomonnewenergy.com\/wp-content\/uploads\/2021\/05\/%E6%9C%AA%E6%A0%87%E9%A2%98-1-1-768x768.jpg\" alt=\"\" width=\"235\" height=\"235\"\/><\/a><\/figure>\n\n\n\n<h2 class=\"gb-headline gb-headline-d0457a0c gb-headline-text\"><\/h2>\n\n\n\n<p class=\"has-text-align-left\"><a href=\"https:\/\/www.gomonnewenergy.com\/it\/krs16e-series-wall-mounted-heat-pump-water-heater.html\/\" target=\"_blank\" rel=\"noreferrer noopener\">Scaldacqua a pompa di calore a parete serie KRS16E<\/a><\/p>\n\n<\/div><\/div><\/div>\n\n<div class=\"gb-grid-column gb-grid-column-50742dc0\"><div class=\"gb-container gb-container-50742dc0\"><div class=\"gb-inside-container\">\n\n<figure class=\"wp-block-image size-large\"><a href=\"https:\/\/www.gomonnewenergy.com\/it\/krs35a-series-all-in-one-heat-pump-water-heater.html\/\"><img src=\"http:\/\/www.gomonnewenergy.com\/wp-content\/uploads\/2021\/05\/01-768x768.jpg\" alt=\"\"\/><\/a><\/figure>\n\n\n\n<p><a href=\"https:\/\/www.gomonnewenergy.com\/it\/krs35a-series-all-in-one-heat-pump-water-heater.html\/\" target=\"_blank\" rel=\"noreferrer noopener\">Scaldacqua a pompa di calore All In One serie KRS35A<\/a><\/p>\n\n\n\n<p><\/p>\n\n\n\n<figure class=\"wp-block-image size-large is-resized\"><a href=\"https:\/\/www.gomonnewenergy.com\/it\/krs60a-300v-series-all-in-one-heat-pump-water-mark.html\/\"><img loading=\"lazy\" src=\"https:\/\/www.gomonnewenergy.com\/wp-content\/uploads\/2024\/12\/\u5fae\u4fe1\u56fe\u7247_20241205203818-1-scaled-e1733404574671-1001x1024.jpg\" alt=\"\" class=\"wp-image-8106\" width=\"221\" height=\"226\" srcset=\"https:\/\/www.gomonnewenergy.com\/wp-content\/uploads\/2024\/12\/\u5fae\u4fe1\u56fe\u7247_20241205203818-1-scaled-e1733404574671-1001x1024.jpg 1001w, https:\/\/www.gomonnewenergy.com\/wp-content\/uploads\/2024\/12\/\u5fae\u4fe1\u56fe\u7247_20241205203818-1-scaled-e1733404574671-293x300.jpg 293w, https:\/\/www.gomonnewenergy.com\/wp-content\/uploads\/2024\/12\/\u5fae\u4fe1\u56fe\u7247_20241205203818-1-scaled-e1733404574671-768x786.jpg 768w, https:\/\/www.gomonnewenergy.com\/wp-content\/uploads\/2024\/12\/\u5fae\u4fe1\u56fe\u7247_20241205203818-1-scaled-e1733404574671-1501x1536.jpg 1501w, https:\/\/www.gomonnewenergy.com\/wp-content\/uploads\/2024\/12\/\u5fae\u4fe1\u56fe\u7247_20241205203818-1-scaled-e1733404574671-12x12.jpg 12w, https:\/\/www.gomonnewenergy.com\/wp-content\/uploads\/2024\/12\/\u5fae\u4fe1\u56fe\u7247_20241205203818-1-scaled-e1733404574671.jpg 1619w\" sizes=\"(max-width: 221px) 100vw, 221px\" \/><\/a><\/figure>\n\n\n\n<h2><\/h2>\n\n\n\n<h4><a href=\"https:\/\/www.gomonnewenergy.com\/it\/krs60a-300v-series-all-in-one-heat-pump-water-mark.html\/\">Serie KRS60A-300V Pompa di calore All In One Water Mark<\/a><\/h4>\n\n<\/div><\/div><\/div>\n\n<div class=\"gb-grid-column gb-grid-column-d263c028\"><div class=\"gb-container gb-container-d263c028\"><div class=\"gb-inside-container\">\n\n<figure class=\"wp-block-image size-large\"><a href=\"https:\/\/www.gomonnewenergy.com\/it\/krs75a-series-all-in-one-heat-pump-water-heater.html\/\"><img src=\"http:\/\/www.gomonnewenergy.com\/wp-content\/uploads\/2021\/05\/%E6%9C%AA%E6%A0%87%E9%A2%98-2-768x768.jpg\" alt=\"\"\/><\/a><\/figure>\n\n\n\n<p><a href=\"https:\/\/www.gomonnewenergy.com\/it\/krs75a-series-all-in-one-heat-pump-water-heater.html\/\" target=\"_blank\" rel=\"noreferrer noopener\">Scaldacqua a pompa di calore All In One serie KRS75A<\/a><\/p>\n\n<\/div><\/div><\/div>\n<\/div>\n<\/div><\/div>\n\n<div class=\"gb-container gb-container-ff1caef3\"><div class=\"gb-inside-container\">\n\n<p>In genere \u00e8 pi\u00f9 facile spostare qualcosa che produrre qualcosa. Mettendo in pratica questo principio, gli scaldacqua a pompa di calore utilizzano l'elettricit\u00e0 per spostare il calore da un luogo all'altro invece di generarlo direttamente.<\/p>\n\n\n\n<p>Per capire il concetto di pompa di calore, immaginate un frigorifero che funziona al contrario. Mentre un frigorifero rimuove il calore da una scatola chiusa ed espelle il calore all'aria circostante, uno scaldacqua a pompa di calore prende il calore dall'aria circostante e lo trasferisce all'acqua in un serbatoio chiuso.<\/p>\n\n\n\n<p>Durante i periodi di elevata richiesta di acqua calda, gli scaldacqua a pompa di calore passano automaticamente al riscaldamento elettrico a resistenza standard (per questo vengono spesso definiti scaldacqua \"ibridi\").<\/p>\n\n\n\n<h2>Come funziona lo scaldacqua a pompa di calore<\/h2>\n\n\n\n<p>Gli scaldacqua a pompa di calore utilizzano l'elettricit\u00e0 per spostare il calore da un luogo all'altro invece di generarlo direttamente. Pertanto, possono essere da due a tre volte pi\u00f9 efficienti dal punto di vista energetico rispetto ai tradizionali scaldacqua a resistenza elettrica. Per spostare il calore, le pompe di calore funzionano come un frigorifero al contrario.<\/p>\n\n\n\n<p>Mentre un frigorifero preleva il calore dall'interno di una scatola e lo scarica nell'ambiente circostante, uno scaldacqua a pompa di calore autonomo preleva il calore dall'aria circostante e lo scarica - a una temperatura pi\u00f9 elevata - in un serbatoio per riscaldare l'acqua. \u00c8 possibile acquistare un sistema di riscaldamento dell'acqua a pompa di calore indipendente come unit\u00e0 integrata con un serbatoio di accumulo dell'acqua e resistenze di riserva. \u00c8 anche possibile installare una pompa di calore in un secondo momento, in modo che funzioni con uno scaldacqua convenzionale gi\u00e0 esistente.<\/p>\n\n\n\n<p>Gli scaldacqua a pompa di calore devono essere installati in luoghi che rimangano nell'intervallo 40\u00ba-90\u00baF (4,4\u00ba-32,2\u00baC) tutto l'anno e che offrano almeno 1.000 piedi cubi (28,3 metri cubi) di spazio d'aria intorno allo scaldacqua. L'aria fredda di scarico pu\u00f2 essere convogliata nella stanza o all'esterno. Installare gli scaldacqua a pompa di calore in uno spazio con eccesso di calore, come ad esempio la stanza del forno. Gli scaldacqua a pompa di calore non funzionano in modo efficiente in uno spazio freddo. Tendono a raffreddare gli spazi in cui si trovano. \u00c8 anche possibile installare un sistema a pompa di calore a sorgente d'aria che combina riscaldamento, raffreddamento e riscaldamento dell'acqua. Questi sistemi combinati estraggono il calore dall'aria esterna in inverno e dall'aria interna in estate. Poich\u00e9 rimuovono il calore dall'aria, qualsiasi tipo di sistema a pompa di calore a sorgente d'aria funziona in modo pi\u00f9 efficiente in un clima caldo.<\/p>\n\n\n\n<p>I proprietari di case installano principalmente pompe di calore geotermiche - che prelevano il calore dal terreno durante l'inverno e dall'aria interna durante l'estate - per riscaldare e raffreddare le loro abitazioni. Per il riscaldamento dell'acqua, \u00e8 possibile aggiungere un desurriscaldatore a un sistema a pompa di calore geotermica. Il desurriscaldatore \u00e8 un piccolo scambiatore di calore ausiliario che utilizza i gas surriscaldati del compressore della pompa di calore per riscaldare l'acqua. L'acqua calda circola poi attraverso un tubo fino al serbatoio di accumulo dell'abitazione.<\/p>\n\n\n\n<p><strong>Potrebbe piacerti<\/strong>: <a href=\"https:\/\/www.gomonnewenergy.com\/it\/integrated-heat-pump-water-heater.html\/\">Scaldacqua integrato a pompa di calore<\/a>, <a href=\"https:\/\/www.gomonnewenergy.com\/it\/domestic-hot-heat-pump-water-heater.html\/\">questo scaldacqua domestico a pompa di calore<\/a>, <a href=\"https:\/\/www.gomonnewenergy.com\/it\/all-in-one-heat-pump-water-heater.html\/\">Scaldacqua a pompa di calore all in one<\/a><\/p>\n\n\n\n<p>I desurriscaldatori sono disponibili anche per gli scaldacqua di tipo tankless o a richiesta. In estate, il desurriscaldatore utilizza il calore in eccesso che altrimenti verrebbe espulso al suolo. Pertanto, quando la pompa di calore geotermica funziona frequentemente durante l'estate, pu\u00f2 riscaldare tutta l'acqua.<\/p>\n\n\n\n<p>Durante l'autunno, l'inverno e la primavera, quando il desurriscaldatore non produce tanto calore in eccesso, sar\u00e0 necessario affidarsi maggiormente allo scaldacqua ad accumulo o a richiesta per riscaldare l'acqua. Alcuni produttori offrono anche sistemi a pompa di calore geotermica a tripla funzione, che forniscono riscaldamento, raffreddamento e acqua calda. Utilizzano uno scambiatore di calore separato per soddisfare tutte le esigenze di acqua calda di una famiglia.<\/p>\n\n\n<div class=\"gb-grid-wrapper gb-grid-wrapper-34a89ead\">\n<div class=\"gb-grid-column gb-grid-column-4f6f793a\"><div class=\"gb-container gb-container-4f6f793a\"><div class=\"gb-inside-container\">\n<div role=\"form\" class=\"wpcf7\" id=\"wpcf7-f4532-o1\" lang=\"zh-CN\" dir=\"ltr\">\n<div class=\"screen-reader-response\"><p role=\"status\" aria-live=\"polite\" aria-atomic=\"true\"><\/p> <ul><\/ul><\/div>\n<form action=\"\/it\/wp-json\/wp\/v2\/pages\/2#wpcf7-f4532-o1\" method=\"post\" class=\"wpcf7-form init\" novalidate=\"novalidate\" data-status=\"init\" data-trp-original-action=\"\/it\/wp-json\/wp\/v2\/pages\/2#wpcf7-f4532-o1\">\n<div style=\"display: none;\">\n<input type=\"hidden\" name=\"_wpcf7\" value=\"4532\" \/>\n<input type=\"hidden\" name=\"_wpcf7_version\" value=\"5.6.4\" \/>\n<input type=\"hidden\" name=\"_wpcf7_locale\" value=\"zh_CN\" \/>\n<input type=\"hidden\" name=\"_wpcf7_unit_tag\" value=\"wpcf7-f4532-o1\" \/>\n<input type=\"hidden\" name=\"_wpcf7_container_post\" value=\"0\" \/>\n<input type=\"hidden\" name=\"_wpcf7_posted_data_hash\" value=\"\" \/>\n<\/div>\n<div class=\"hunkcf71\">\n<p class=\"cf7-title\" style=\"font-size:25px;\"><i class=\"fa fa-envelope-o\"><\/i> Modulo di richiesta\n<\/p>\n<p><span class=\"wpcf7-form-control-wrap\" data-name=\"your-name\"><input type=\"text\" name=\"your-name\" value=\"\" size=\"40\" class=\"wpcf7-form-control wpcf7-text wpcf7-validates-as-required\" aria-required=\"true\" aria-invalid=\"false\" placeholder=\"Il tuo nome*\" \/><\/span><\/p>\n<p><span class=\"wpcf7-form-control-wrap\" data-name=\"your-email\"><input type=\"email\" name=\"your-email\" value=\"\" size=\"40\" class=\"wpcf7-form-control wpcf7-text wpcf7-email wpcf7-validates-as-required wpcf7-validates-as-email\" aria-required=\"true\" aria-invalid=\"false\" placeholder=\"Indirizzo e-mail*\" \/><\/span><\/p>\n<p><span class=\"wpcf7-form-control-wrap\" data-name=\"your-subject\"><input type=\"text\" name=\"your-subject\" value=\"\" size=\"40\" class=\"wpcf7-form-control wpcf7-text wpcf7-validates-as-required\" aria-required=\"true\" aria-invalid=\"false\" placeholder=\"Il tuo Paese*\" \/><\/span><\/p>\n<p><span class=\"wpcf7-form-control-wrap\" data-name=\"your-message\"><textarea name=\"your-message\" cols=\"40\" rows=\"10\" class=\"wpcf7-form-control wpcf7-textarea wpcf7-validates-as-required\" aria-required=\"true\" aria-invalid=\"false\" placeholder=\"Per ottenere le migliori quotazioni, si consiglia di includere i seguenti dettagli: -Presentazione personale -Cosa state cercando -Specifiche richieste -Richiesta di prezzo\/MOQ\"><\/textarea><\/span><\/p>\n<p><input type=\"submit\" value=\"presentare\" class=\"wpcf7-form-control has-spinner wpcf7-submit\" \/><\/p>\n<\/div>\n<div class=\"wpcf7-response-output\" aria-hidden=\"true\"><\/div><input type=\"hidden\" name=\"trp-form-language\" value=\"it\"\/><\/form><\/div>\n\n<\/div><\/div><\/div>\n\n<div class=\"gb-grid-column gb-grid-column-692e151e\"><div class=\"gb-container gb-container-692e151e\"><div class=\"gb-inside-container\"><\/div><\/div><\/div>\n\n<div class=\"gb-grid-column gb-grid-column-c9a6bbd0\"><div class=\"gb-container gb-container-c9a6bbd0\"><div class=\"gb-inside-container\"><\/div><\/div><\/div>\n<\/div>\n<\/div><\/div>","protected":false},"excerpt":{"rendered":"","protected":false},"author":1,"featured_media":0,"parent":0,"menu_order":0,"comment_status":"closed","ping_status":"open","template":"","meta":{"_generate-full-width-content":""},"aioseo_notices":[],"featured_image_urls":{"full":"","thumbnail":"","medium":"","medium_large":"","large":"","1536x1536":"","2048x2048":"","trp-custom-language-flag":""},"post_excerpt_stackable":"<p>KRS35A-VD Series All In One Heat Pump (CE Certified) KRS118B Series All In One Heat Pump Water Heater KRS38A Series All In One Heat Pump Water Heater KRS16E Series Wall Mounted Heat Pump Water Heater KRS35A Series All In One Heat Pump Water Heater KRS60A-300V Series All In One Heat Pump Water Mark KRS75A Series All In One Heat Pump Water Heater It&#8217;s generally easier to move something than to make something. Putting that principle to use, Heat Pump Water Heaters use electricity to move heat from one place to another instead of generating heat directly. To understand the concept&hellip;<\/p>\n","category_list":"","author_info":{"name":"\u521888","url":"https:\/\/www.gomonnewenergy.com\/it\/author\/liu88"},"comments_num":"0 commenti","_links":{"self":[{"href":"https:\/\/www.gomonnewenergy.com\/it\/wp-json\/wp\/v2\/pages\/2"}],"collection":[{"href":"https:\/\/www.gomonnewenergy.com\/it\/wp-json\/wp\/v2\/pages"}],"about":[{"href":"https:\/\/www.gomonnewenergy.com\/it\/wp-json\/wp\/v2\/types\/page"}],"author":[{"embeddable":true,"href":"https:\/\/www.gomonnewenergy.com\/it\/wp-json\/wp\/v2\/users\/1"}],"replies":[{"embeddable":true,"href":"https:\/\/www.gomonnewenergy.com\/it\/wp-json\/wp\/v2\/comments?post=2"}],"version-history":[{"count":0,"href":"https:\/\/www.gomonnewenergy.com\/it\/wp-json\/wp\/v2\/pages\/2\/revisions"}],"wp:attachment":[{"href":"https:\/\/www.gomonnewenergy.com\/it\/wp-json\/wp\/v2\/media?parent=2"}],"curies":[{"name":"wp","href":"https:\/\/api.w.org\/{rel}","templated":true}]}}