{"id":5026,"date":"2021-04-05T08:55:02","date_gmt":"2021-04-05T08:55:02","guid":{"rendered":"http:\/\/www.gomonnewenergy.com\/?page_id=5026"},"modified":"2023-02-06T05:10:24","modified_gmt":"2023-02-06T05:10:24","slug":"our-advantage","status":"publish","type":"page","link":"https:\/\/www.gomonnewenergy.com\/fr\/notre-avantage","title":{"rendered":"Nos avantages"},"content":{"rendered":"<div class=\"gb-container gb-container-302e636c\"><div class=\"gb-inside-container\">\n\n<h3>Le r\u00e9servoir d'eau \u00e9maill\u00e9 est l'\u00e9l\u00e9ment central des chauffe-eau<\/h3>\n\n\n\n<p>L'\u00e9maillage est une forme de protection anticorrosion des surfaces m\u00e9talliques. La protection par l'\u00e9mail consiste en la cr\u00e9ation d'une couche continue imperm\u00e9able, qui isole le m\u00e9tal de l'eau. Les r\u00e9servoirs d'eau \u00e9maill\u00e9s pr\u00e9sentent donc une r\u00e9sistance \u00e9lev\u00e9e \u00e0 tous les types d'eau, en particulier \u00e0 l'eau dure. La couche d'\u00e9mail est cr\u00e9\u00e9e par l'application du mat\u00e9riau sur la t\u00f4le et sa cuisson dans un four \u00e0 une temp\u00e9rature sup\u00e9rieure \u00e0 800 \u00b0C, ce qui donne une couche de rev\u00eatement vitreuse et tr\u00e8s r\u00e9sistante.<\/p>\n\n\n\n<p>Nos r\u00e9servoirs d'eau contiennent deux couches d'\u00e9mail. De ce fait, tous les r\u00e9servoirs d'eau \u00e9maill\u00e9s atteignent le plus haut niveau de protection anticorrosion et une dur\u00e9e de vie plus longue que la norme. Nous proposons des \u00e9maux tr\u00e8s r\u00e9sistants aux produits chimiques ainsi que des \u00e9maux destin\u00e9s \u00e0 entrer en contact avec l'eau potable et les aliments.<\/p>\n\n\n\n<p>Tous les produits GOMON ont un num\u00e9ro d'identification unique, ce qui rend notre processus de production tra\u00e7able et garantit que les produits GOMON m\u00e9ritent la confiance.<\/p>\n\n\n\n<p>Pour garantir la qualit\u00e9 des produits fabriqu\u00e9s, nous avons mis en place un syst\u00e8me de gestion de la qualit\u00e9 conforme \u00e0 la norme ISO 9001. En outre, nos r\u00e9servoirs \u00e9maill\u00e9s sont approuv\u00e9s par toutes sortes de normes internationales (CE\u3001WATER MARK\u3001ETL\u3001WRAS\u3001EN12977-3).<\/p>\n\n\n<div class=\"gb-grid-wrapper gb-grid-wrapper-e0edc973\">\n<div class=\"gb-grid-column gb-grid-column-21895bd9\"><div class=\"gb-container gb-container-21895bd9\"><div class=\"gb-inside-container\">\n\n<figure class=\"wp-block-image size-large\"><img loading=\"lazy\" width=\"220\" height=\"200\" src=\"http:\/\/www.gomonnewenergy.com\/wp-content\/uploads\/2021\/04\/CE.jpg\" alt=\"\" class=\"wp-image-5027\"\/><\/figure>\n\n<\/div><\/div><\/div>\n\n<div class=\"gb-grid-column gb-grid-column-877e4e3e\"><div class=\"gb-container gb-container-877e4e3e\"><div class=\"gb-inside-container\">\n\n<figure class=\"wp-block-image size-large\"><img loading=\"lazy\" width=\"220\" height=\"200\" src=\"http:\/\/www.gomonnewenergy.com\/wp-content\/uploads\/2021\/04\/ETL.jpg\" alt=\"\" class=\"wp-image-5028\"\/><\/figure>\n\n<\/div><\/div><\/div>\n\n<div class=\"gb-grid-column gb-grid-column-82a47d7f\"><div class=\"gb-container gb-container-82a47d7f\"><div class=\"gb-inside-container\">\n\n<figure class=\"wp-block-image size-large\"><img loading=\"lazy\" width=\"220\" height=\"200\" src=\"http:\/\/www.gomonnewenergy.com\/wp-content\/uploads\/2021\/04\/SK.jpg\" alt=\"\" class=\"wp-image-5029\"\/><\/figure>\n\n<\/div><\/div><\/div>\n\n<div class=\"gb-grid-column gb-grid-column-27d2d8dd\"><div class=\"gb-container gb-container-27d2d8dd\"><div class=\"gb-inside-container\">\n\n<figure class=\"wp-block-image size-large\"><img loading=\"lazy\" width=\"220\" height=\"200\" src=\"http:\/\/www.gomonnewenergy.com\/wp-content\/uploads\/2021\/04\/Water-Mark.jpg\" alt=\"\" class=\"wp-image-5030\"\/><\/figure>\n\n<\/div><\/div><\/div>\n\n<div class=\"gb-grid-column gb-grid-column-80d94dea\"><div class=\"gb-container gb-container-80d94dea\"><div class=\"gb-inside-container\">\n\n<figure class=\"wp-block-image size-large\"><img loading=\"lazy\" width=\"220\" height=\"200\" src=\"http:\/\/www.gomonnewenergy.com\/wp-content\/uploads\/2021\/04\/Wras.jpg\" alt=\"\" class=\"wp-image-5031\"\/><\/figure>\n\n<\/div><\/div><\/div>\n<\/div>\n<\/div><\/div>\n\n<div class=\"gb-container gb-container-30c28d41\"><div class=\"gb-inside-container\">\n<div class=\"gb-grid-wrapper gb-grid-wrapper-5e92d2e5\">\n<div class=\"gb-grid-column gb-grid-column-0ef17b38\"><div class=\"gb-container gb-container-0ef17b38\"><div class=\"gb-inside-container\">\n\n<figure class=\"wp-block-embed is-type-video is-provider-youtube wp-block-embed-youtube wp-embed-aspect-16-9 wp-has-aspect-ratio\"><div class=\"wp-block-embed__wrapper\">\n<iframe loading=\"lazy\" title=\"Processus de production des r\u00e9servoirs d&#039;eau \u00e9maill\u00e9e\" width=\"1200\" height=\"675\" src=\"https:\/\/www.youtube.com\/embed\/3Vk71Bd9RnM?feature=oembed\" frameborder=\"0\" allow=\"accelerometer; autoplay; clipboard-write; encrypted-media; gyroscope; picture-in-picture\" allowfullscreen><\/iframe>\n<\/div><\/figure>\n\n<\/div><\/div><\/div>\n\n<div class=\"gb-grid-column gb-grid-column-42745d2a\"><div class=\"gb-container gb-container-42745d2a\"><div class=\"gb-inside-container\">\n\n<figure class=\"wp-block-embed is-type-video is-provider-youtube wp-block-embed-youtube wp-embed-aspect-16-9 wp-has-aspect-ratio\"><div class=\"wp-block-embed__wrapper\">\n<iframe loading=\"lazy\" title=\"Classification des chauffe-eau\" width=\"1200\" height=\"675\" src=\"https:\/\/www.youtube.com\/embed\/coYqmi5wXPk?feature=oembed\" frameborder=\"0\" allow=\"accelerometer; autoplay; clipboard-write; encrypted-media; gyroscope; picture-in-picture\" allowfullscreen><\/iframe>\n<\/div><\/figure>\n\n<\/div><\/div><\/div>\n<\/div>\n<\/div><\/div>","protected":false},"excerpt":{"rendered":"","protected":false},"author":1,"featured_media":0,"parent":0,"menu_order":0,"comment_status":"closed","ping_status":"closed","template":"","meta":{"_generate-full-width-content":""},"aioseo_notices":[],"featured_image_urls":{"full":"","thumbnail":"","medium":"","medium_large":"","large":"","1536x1536":"","2048x2048":"","trp-custom-language-flag":""},"post_excerpt_stackable":"<p>Enamelled Water Tank Is The Core Component Of Water Heaters Enamel coating is a form of an anti-corrosion protection of metal surfaces. The enamel protection consists in creation of an impermeable continuous layer, which isolates the metal from water. Thus the enamelled water tanks demonstrate a high resistance against all kinds of water.especially for hard water. Enamel coating is created by an application of the material on the metal sheet and burning it in a furnace at the temperature higher than 800 \u00b0C, which results in a vitreous, highly resistant coating layer. Our water tanks contain two layers of enamel.\u2026<\/p>\n","category_list":"","author_info":{"name":"\u521888","url":"https:\/\/www.gomonnewenergy.com\/fr\/author\/liu88"},"comments_num":"0 commentaire","_links":{"self":[{"href":"https:\/\/www.gomonnewenergy.com\/fr\/wp-json\/wp\/v2\/pages\/5026"}],"collection":[{"href":"https:\/\/www.gomonnewenergy.com\/fr\/wp-json\/wp\/v2\/pages"}],"about":[{"href":"https:\/\/www.gomonnewenergy.com\/fr\/wp-json\/wp\/v2\/types\/page"}],"author":[{"embeddable":true,"href":"https:\/\/www.gomonnewenergy.com\/fr\/wp-json\/wp\/v2\/users\/1"}],"replies":[{"embeddable":true,"href":"https:\/\/www.gomonnewenergy.com\/fr\/wp-json\/wp\/v2\/comments?post=5026"}],"version-history":[{"count":0,"href":"https:\/\/www.gomonnewenergy.com\/fr\/wp-json\/wp\/v2\/pages\/5026\/revisions"}],"wp:attachment":[{"href":"https:\/\/www.gomonnewenergy.com\/fr\/wp-json\/wp\/v2\/media?parent=5026"}],"curies":[{"name":"wp","href":"https:\/\/api.w.org\/{rel}","templated":true}]}}