{"id":3595,"date":"2020-10-26T20:13:41","date_gmt":"2020-10-26T20:13:41","guid":{"rendered":"https:\/\/gpsites.co\/health\/?page_id=3595"},"modified":"2022-10-05T13:56:00","modified_gmt":"2022-10-05T13:56:00","slug":"solar-water-heater","status":"publish","type":"page","link":"https:\/\/www.gomonnewenergy.com\/fr\/chauffe-eau-solaire","title":{"rendered":"Chauffe-eau solaire"},"content":{"rendered":"<div class=\"wp-block-columns are-vertically-aligned-center\">\n<div class=\"wp-block-column is-vertically-aligned-center\" style=\"flex-basis:100%\"><\/div>\n<\/div>\n\n\n<div class=\"gb-container gb-container-7003298b\"><div class=\"gb-inside-container\">\n\n<div class=\"wp-block-columns\">\n<div class=\"wp-block-column\"><div class=\"gb-grid-wrapper gb-grid-wrapper-009cb668\">\n<div class=\"gb-grid-column gb-grid-column-5625a35a\"><div class=\"gb-container gb-container-5625a35a\"><div class=\"gb-inside-container\">\n\n<figure class=\"wp-block-image size-large\"><a href=\"https:\/\/www.gomonnewenergy.com\/fr\/compact-heat-pipe-solar-water-heater.html\/\"><img src=\"http:\/\/www.gomonnewenergy.com\/wp-content\/uploads\/2021\/04\/Compact-Heat-Pipe-Solar-Water-Heater.jpg\" alt=\"\"\/><\/a><\/figure>\n\n\n\n<h4><a href=\"https:\/\/www.gomonnewenergy.com\/fr\/compact-heat-pipe-solar-water-heater.html\/\">Chauffe-eau solaire compact \u00e0 caloducs<\/a><\/h4>\n\n<\/div><\/div><\/div>\n\n<div class=\"gb-grid-column gb-grid-column-dcd3cbf5\"><div class=\"gb-container gb-container-dcd3cbf5\"><div class=\"gb-inside-container\">\n\n<figure class=\"wp-block-image size-large\"><a href=\"https:\/\/www.gomonnewenergy.com\/fr\/open-loop-flat-panel-solar-water-heater.html\/\"><img src=\"http:\/\/www.gomonnewenergy.com\/wp-content\/uploads\/2021\/04\/Open-Loop-Flat-Panel-Solar-Water-Heater-1.jpg\" alt=\"\"\/><\/a><\/figure>\n\n\n\n<h4><a href=\"https:\/\/www.gomonnewenergy.com\/fr\/open-loop-flat-panel-solar-water-heater.html\/\">Chauffe-eau solaire \u00e0 panneaux plats en boucle ouverte<\/a><\/h4>\n\n<\/div><\/div><\/div>\n\n<div class=\"gb-grid-column gb-grid-column-b2247a0d\"><div class=\"gb-container gb-container-b2247a0d\"><div class=\"gb-inside-container\">\n\n<figure class=\"wp-block-image size-large\"><a href=\"https:\/\/www.gomonnewenergy.com\/fr\/closed-loop-flat-panel-solar-water-heater.html\/\"><img src=\"http:\/\/www.gomonnewenergy.com\/wp-content\/uploads\/2021\/04\/Closed-Loop-Flat-Panel-Solar-Water-Heater-2-768x768-1.jpg\" alt=\"\"\/><\/a><\/figure>\n\n\n\n<h4><a href=\"https:\/\/www.gomonnewenergy.com\/fr\/closed-loop-flat-panel-solar-water-heater.html\/\">Chauffe-eau solaire \u00e0 panneaux plats en boucle ferm\u00e9e<\/a><\/h4>\n\n<\/div><\/div><\/div>\n\n<div class=\"gb-grid-column gb-grid-column-b3e6a3b4\"><div class=\"gb-container gb-container-b3e6a3b4\"><div class=\"gb-inside-container\"><\/div><\/div><\/div>\n<\/div><\/div>\n<\/div>\n\n<\/div><\/div>\n\n<div class=\"gb-container gb-container-904034e1\"><div class=\"gb-inside-container\">\n\n<p>Le chauffe-eau solaire est la conversion de la lumi\u00e8re du soleil en chaleur pour le chauffage de l'eau \u00e0 l'aide d'un capteur solaire thermique. Une vari\u00e9t\u00e9 de configurations est disponible \u00e0 des co\u00fbts variables pour fournir des solutions dans diff\u00e9rents climats et latitudes. Les chauffe-eau solaires sont largement utilis\u00e9s pour les applications r\u00e9sidentielles et certaines applications industrielles.<\/p>\n\n\n\n<p>L'installation d'un chauffe-eau solaire est l'une des m\u00e9thodes les plus utilis\u00e9es par les propri\u00e9taires pour r\u00e9duire leur facture d'\u00e9lectricit\u00e9. Ces syst\u00e8mes utilisent l'\u00e9nergie renouvelable pour r\u00e9duire les besoins en \u00e9lectricit\u00e9 du r\u00e9seau tout en fournissant de grandes quantit\u00e9s d'eau chaude.<\/p>\n\n\n\n<h2>Qu'est-ce qu'un chauffe-eau solaire ?<\/h2>\n\n\n\n<p>Contrairement aux chauffe-eau traditionnels, les chauffe-eau solaires n'utilisent pas l'\u00e9nergie du r\u00e9seau pour chauffer l'eau. Au contraire, ces appareils \u00e0 haut rendement utilisent des capteurs solaires install\u00e9s sur votre toit pour capter l'\u00e9nergie du soleil. L'\u00e9nergie solaire recueillie est ensuite utilis\u00e9e pour chauffer l'eau de votre maison.<\/p>\n\n\n\n<p>Les chauffe-eau solaires ont \u00e9t\u00e9 extr\u00eamement populaires dans le pass\u00e9 parce qu'ils r\u00e9duisent votre facture d'\u00e9lectricit\u00e9 et vous permettent de chauffer votre eau avec de l'\u00e9nergie propre. Les capteurs solaires chauffent directement l'eau et ne fournissent aucune autre \u00e9nergie solaire \u00e0 votre maison.<\/p>\n\n\n\n<p>Plus r\u00e9cemment, les gens ont opt\u00e9 pour des chauffe-eau \u00e9lectriques \u00e0 pompe \u00e0 chaleur, qui sont associ\u00e9s \u00e0 des syst\u00e8mes de panneaux solaires domestiques. Les pompes \u00e0 chaleur \u00e9lectriques utilisent l'\u00e9nergie du r\u00e9seau pour chauffer l'eau, mais lorsqu'elles sont associ\u00e9es \u00e0 un syst\u00e8me solaire domestique, elles peuvent continuer \u00e0 fonctionner \u00e0 l'\u00e9lectricit\u00e9 solaire.<\/p>\n\n\n\n<p>Si vous n'\u00eates pas en mesure d'installer un syst\u00e8me solaire complet, ou si vous avez une maison hors r\u00e9seau, un chauffe-eau solaire autonome peut \u00eatre une excellente option.<\/p>\n\n\n\n<h2>Comment fonctionnent les chauffe-eau solaires ?<\/h2>\n\n\n\n<p>Les syst\u00e8mes de chauffage solaire de l'eau peuvent produire suffisamment d'eau chaude pour r\u00e9pondre \u00e0 la plupart de vos besoins quotidiens en eau chaude domestique.<\/p>\n\n\n\n<p>Il existe deux principaux types de chauffe-eau solaires disponibles pour un usage r\u00e9sidentiel ou commercial :<\/p>\n\n\n\n<ul><li>Chauffe-eau solaires actifs<\/li><li>Chauffe-eau solaires passifs<\/li><\/ul>\n\n\n\n<p>Chacun d'entre eux fonctionne diff\u00e9remment et se compose d'\u00e9quipements diff\u00e9rents.<\/p>\n\n\n\n<h3>Chauffe-eau solaires actifs<\/h3>\n\n\n\n<p>Les chauffe-eau solaires actifs utilisent une pompe pour faire circuler l'eau chaude des capteurs solaires, ou absorbeurs, jusqu'\u00e0 votre maison. Ces chauffe-eau sont g\u00e9n\u00e9ralement install\u00e9s dans des r\u00e9gions au climat plus froid, car l'eau est stock\u00e9e dans un r\u00e9servoir qui peut \u00eatre gard\u00e9 \u00e0 l'int\u00e9rieur pour \u00e9viter le gel.<\/p>\n\n\n\n<p>Il existe deux types de chauffe-eau solaires actifs :<\/p>\n\n\n\n<ul><li>Les syst\u00e8mes actifs directs, o\u00f9 l'eau est chauff\u00e9e directement dans les collecteurs, puis achemin\u00e9e vers les robinets et les pommes de douche. Les capteurs solaires sont g\u00e9n\u00e9ralement des tubes en m\u00e9tal ou en verre.<\/li><li>Les syst\u00e8mes indirects actifs, dans lesquels un fluide caloporteur, comme le propyl\u00e8ne glycol, est chauff\u00e9 dans les capteurs solaires, puis transf\u00e8re la chaleur \u00e0 l'eau \u00e0 l'aide d'un \u00e9changeur de chaleur dans un syst\u00e8me en boucle ferm\u00e9e. Une certaine perte de chaleur se produit lorsque le fluide de transfert circule dans le syst\u00e8me.<\/li><\/ul>\n\n\n\n<h3>Chauffe-eau solaires passifs<\/h3>\n\n\n\n<p>Les chauffe-eau solaires passifs n'utilisent pas de pompes de circulation pour acheminer l'eau chaude. Ils s'appuient plut\u00f4t sur la convection comme syst\u00e8me de circulation, o\u00f9 l'eau chaude monte \u00e0 la surface et l'eau froide descend, afin de faire circuler l'eau.<\/p>\n\n\n\n<p>Les syst\u00e8mes solaires passifs sont g\u00e9n\u00e9ralement moins chers que les syst\u00e8mes actifs, car ils ne n\u00e9cessitent pas d'\u00e9quipement sp\u00e9cial pour pomper l'eau.<\/p>\n\n\n\n<p>Il existe deux types principaux de chauffe-eau solaires passifs :<\/p>\n\n\n\n<ul><li>Les chauffe-eau solaires \u00e0 collecteur int\u00e9gral sont de grands r\u00e9servoirs d'eau noire int\u00e9gr\u00e9s dans un bo\u00eetier isol\u00e9 dont le couvercle laisse passer la lumi\u00e8re du soleil. La lumi\u00e8re du soleil chauffe l'eau directement dans les r\u00e9servoirs noirs, qui s'\u00e9coule ensuite dans votre syst\u00e8me de plomberie lorsque vous avez besoin d'eau chaude.<\/li><li>Les syst\u00e8mes passifs \u00e0 thermosiphon utilisent des collecteurs plats m\u00e9talliques pour chauffer de petites quantit\u00e9s d'eau sur votre toit. Lorsque vous ouvrez vos vannes d'eau chaude, l'eau chaude contenue dans la partie sup\u00e9rieure du collecteur s'\u00e9coule de votre toit vers vos robinets. Ces syst\u00e8mes sont g\u00e9n\u00e9ralement con\u00e7us pour contenir 40 gallons d'eau.<\/li><\/ul>\n\n\n\n<p>De nombreux syst\u00e8mes passifs comprennent un chauffe-eau sans r\u00e9servoir comme source d'\u00e9nergie de secours, qui peut \u00eatre au gaz ou \u00e0 l'\u00e9lectricit\u00e9.<\/p>\n\n\n\n<h2>R\u00e9servoirs de stockage et capteurs solaires<\/h2>\n\n\n\n<p>La plupart des chauffe-eau solaires n\u00e9cessitent un r\u00e9servoir de stockage bien isol\u00e9. Les r\u00e9servoirs de stockage solaires sont dot\u00e9s d'une sortie et d'une entr\u00e9e suppl\u00e9mentaires reli\u00e9es au collecteur. Dans les syst\u00e8mes \u00e0 deux r\u00e9servoirs, le chauffe-eau solaire pr\u00e9chauffe l'eau avant qu'elle n'entre dans le chauffe-eau classique. Dans les syst\u00e8mes \u00e0 un r\u00e9servoir, le chauffe-eau d'appoint est combin\u00e9 au ballon solaire dans un seul r\u00e9servoir.<\/p>\n\n\n\n<p>Trois types de capteurs solaires sont utilis\u00e9s pour les applications r\u00e9sidentielles :<\/p>\n\n\n\n<h3>Collecteur plat<\/h3>\n\n\n\n<p>Les capteurs plans vitr\u00e9s sont des bo\u00eetiers isol\u00e9s et \u00e9tanches qui contiennent une plaque absorbante fonc\u00e9e sous un ou plusieurs couvercles en verre ou en plastique (polym\u00e8re). Les capteurs plans non vitr\u00e9s - g\u00e9n\u00e9ralement utilis\u00e9s pour le chauffage solaire des piscines - ont une plaque absorbante fonc\u00e9e, en m\u00e9tal ou en polym\u00e8re, sans couvercle ni enceinte.<\/p>\n\n\n\n<h3>Syst\u00e8mes int\u00e9graux de collecte et de stockage<\/h3>\n\n\n\n<p>\u00c9galement connus sous le nom d'ICS ou de syst\u00e8mes discontinus, ils comportent un ou plusieurs r\u00e9servoirs ou tubes noirs dans un caisson isol\u00e9 et vitr\u00e9. L'eau froide passe d'abord par le capteur solaire, qui pr\u00e9chauffe l'eau. L'eau est ensuite achemin\u00e9e vers le chauffe-eau d'appoint conventionnel, ce qui constitue une source fiable d'eau chaude. Les chauffe-eau solaires ne doivent \u00eatre install\u00e9s que dans les r\u00e9gions o\u00f9 le gel est l\u00e9ger, car les tuyaux ext\u00e9rieurs risquent de geler par temps tr\u00e8s froid.<\/p>\n\n\n\n<h3>Capteurs solaires \u00e0 tubes sous vide<\/h3>\n\n\n\n<p>Ils comportent des rang\u00e9es parall\u00e8les de tubes en verre transparent. Chaque tube contient un tube ext\u00e9rieur en verre et un tube absorbeur en m\u00e9tal fix\u00e9 \u00e0 une ailette. Le rev\u00eatement de l'ailette absorbe l'\u00e9nergie solaire mais emp\u00eache les pertes de chaleur par rayonnement. Ces capteurs sont plus fr\u00e9quemment utilis\u00e9s dans les applications commerciales aux \u00c9tats-Unis.<\/p>\n\n\n\n<p>Les syst\u00e8mes de chauffage solaire de l'eau n\u00e9cessitent presque toujours un syst\u00e8me d'appoint pour les jours nuageux et les p\u00e9riodes de forte demande. Les chauffe-eau \u00e0 accumulation conventionnels fournissent g\u00e9n\u00e9ralement un appoint et peuvent d\u00e9j\u00e0 faire partie de l'ensemble du syst\u00e8me solaire. Un syst\u00e8me d'appoint peut \u00e9galement faire partie du capteur solaire, comme les r\u00e9servoirs en toiture des syst\u00e8mes \u00e0 thermosiphon. \u00c9tant donn\u00e9 qu'un syst\u00e8me de stockage \u00e0 capteur int\u00e9gr\u00e9 stocke d\u00e9j\u00e0 de l'eau chaude en plus de la chaleur solaire, il peut \u00eatre associ\u00e9 \u00e0 un chauffe-eau sans r\u00e9servoir ou \u00e0 un chauffe-eau \u00e0 la demande pour l'appoint.<\/p>\n\n\n\n<h2>Guide d'achat<\/h2>\n\n\n\n<p>Lorsque vous choisissez un syst\u00e8me de chauffage solaire de l'eau pour votre maison, vous devez tenir compte de plusieurs \u00e9l\u00e9ments.<\/p>\n\n\n\n<h3>Capacit\u00e9 du syst\u00e8me<\/h3>\n\n\n\n<p>Le syst\u00e8me que vous choisissez doit r\u00e9pondre \u00e0 vos besoins. Par exemple, si vous avez r\u00e9guli\u00e8rement besoin de 500 gallons d'eau par jour, assurez-vous que le syst\u00e8me que vous choisissez peut r\u00e9pondre \u00e0 ces besoins et plus encore.<\/p>\n\n\n\n<h3>Facilit\u00e9 d'utilisation<\/h3>\n\n\n\n<p>Lorsque vous choisissez un syst\u00e8me, v\u00e9rifiez qu'il est facile \u00e0 installer, \u00e0 utiliser et \u00e0 entretenir. Vous \u00e9viterez ainsi des probl\u00e8mes apr\u00e8s l'achat.<\/p>\n\n\n\n<h3>Durabilit\u00e9<\/h3>\n\n\n\n<p>Les chauffages solaires \u00e9tant install\u00e9s \u00e0 l'ext\u00e9rieur, ils doivent \u00eatre durables et fabriqu\u00e9s avec des mat\u00e9riaux de qualit\u00e9. Choisissez donc un produit qui vous offre le meilleur rapport qualit\u00e9-prix tout en \u00e9tant \u00e9quip\u00e9 pour r\u00e9sister aux al\u00e9as de la nature.<\/p>\n\n\n<div class=\"gb-grid-wrapper gb-grid-wrapper-befc55a6\">\n<div class=\"gb-grid-column gb-grid-column-904a8fb0\"><div class=\"gb-container gb-container-904a8fb0\"><div class=\"gb-inside-container\">\n<div role=\"form\" class=\"wpcf7\" id=\"wpcf7-f4532-o1\" lang=\"zh-CN\" dir=\"ltr\">\n<div class=\"screen-reader-response\"><p role=\"status\" aria-live=\"polite\" aria-atomic=\"true\"><\/p> <ul><\/ul><\/div>\n<form action=\"\/fr\/wp-json\/wp\/v2\/pages\/3595#wpcf7-f4532-o1\" method=\"post\" class=\"wpcf7-form init\" novalidate=\"novalidate\" data-status=\"init\" data-trp-original-action=\"\/fr\/wp-json\/wp\/v2\/pages\/3595#wpcf7-f4532-o1\">\n<div style=\"display: none;\">\n<input type=\"hidden\" name=\"_wpcf7\" value=\"4532\" \/>\n<input type=\"hidden\" name=\"_wpcf7_version\" value=\"5.6.4\" \/>\n<input type=\"hidden\" name=\"_wpcf7_locale\" value=\"zh_CN\" \/>\n<input type=\"hidden\" name=\"_wpcf7_unit_tag\" value=\"wpcf7-f4532-o1\" \/>\n<input type=\"hidden\" name=\"_wpcf7_container_post\" value=\"0\" \/>\n<input type=\"hidden\" name=\"_wpcf7_posted_data_hash\" value=\"\" \/>\n<\/div>\n<div class=\"hunkcf71\">\n<p class=\"cf7-title\" style=\"font-size:25px;\"><i class=\"fa fa-envelope-o\"><\/i> Formulaire de requ\u00eate\n<\/p>\n<p><span class=\"wpcf7-form-control-wrap\" data-name=\"your-name\"><input type=\"text\" name=\"your-name\" value=\"\" size=\"40\" class=\"wpcf7-form-control wpcf7-text wpcf7-validates-as-required\" aria-required=\"true\" aria-invalid=\"false\" placeholder=\"Votre nom*\" \/><\/span><\/p>\n<p><span class=\"wpcf7-form-control-wrap\" data-name=\"your-email\"><input type=\"email\" name=\"your-email\" value=\"\" size=\"40\" class=\"wpcf7-form-control wpcf7-text wpcf7-email wpcf7-validates-as-required wpcf7-validates-as-email\" aria-required=\"true\" aria-invalid=\"false\" placeholder=\"Adresse \u00e9lectronique*\" \/><\/span><\/p>\n<p><span class=\"wpcf7-form-control-wrap\" data-name=\"your-subject\"><input type=\"text\" name=\"your-subject\" value=\"\" size=\"40\" class=\"wpcf7-form-control wpcf7-text wpcf7-validates-as-required\" aria-required=\"true\" aria-invalid=\"false\" placeholder=\"Votre pays*\" \/><\/span><\/p>\n<p><span class=\"wpcf7-form-control-wrap\" data-name=\"your-message\"><textarea name=\"your-message\" cols=\"40\" rows=\"10\" class=\"wpcf7-form-control wpcf7-textarea wpcf7-validates-as-required\" aria-required=\"true\" aria-invalid=\"false\" placeholder=\"Pour obtenir les meilleurs devis, nous vous recommandons d&#039;inclure les d\u00e9tails suivants : -Pr\u00e9sentation de soi -Que recherchez-vous -Sp\u00e9cifications requises -Demande de prix\/QMT\"><\/textarea><\/span><\/p>\n<p><input type=\"submit\" value=\"soumettre\" class=\"wpcf7-form-control has-spinner wpcf7-submit\" \/><\/p>\n<\/div>\n<div class=\"wpcf7-response-output\" aria-hidden=\"true\"><\/div><input type=\"hidden\" name=\"trp-form-language\" value=\"fr\"\/><\/form><\/div>\n\n<\/div><\/div><\/div>\n\n<div class=\"gb-grid-column gb-grid-column-ecfdefd8\"><div class=\"gb-container gb-container-ecfdefd8\"><div class=\"gb-inside-container\"><\/div><\/div><\/div>\n\n<div class=\"gb-grid-column gb-grid-column-19540064\"><div class=\"gb-container gb-container-19540064\"><div class=\"gb-inside-container\"><\/div><\/div><\/div>\n<\/div>\n<\/div><\/div>","protected":false},"excerpt":{"rendered":"","protected":false},"author":1,"featured_media":0,"parent":0,"menu_order":0,"comment_status":"closed","ping_status":"closed","template":"","meta":{"_generate-full-width-content":"true"},"aioseo_notices":[],"featured_image_urls":{"full":"","thumbnail":"","medium":"","medium_large":"","large":"","1536x1536":"","2048x2048":"","trp-custom-language-flag":""},"post_excerpt_stackable":"<p>Compact Heat Pipe Solar Water Heater Open Loop Flat Panel Solar Water Heater Closed Loop Flat Panel Solar Water Heater Solar Water Heater is the conversion of sunlight into heat for water heating using a solar thermal collector. A variety of configurations is available at varying cost to provide solutions in different climates and latitudes. Solar Water Heaters are widely used for residential and some industrial applications. Installing a solar water heater is one popular method for homeowners to reduce their electric bill. These systems use renewable energy to reduce the need for grid power while delivering high volumes of\u2026<\/p>\n","category_list":"","author_info":{"name":"\u521888","url":"https:\/\/www.gomonnewenergy.com\/fr\/author\/liu88"},"comments_num":"0 commentaire","_links":{"self":[{"href":"https:\/\/www.gomonnewenergy.com\/fr\/wp-json\/wp\/v2\/pages\/3595"}],"collection":[{"href":"https:\/\/www.gomonnewenergy.com\/fr\/wp-json\/wp\/v2\/pages"}],"about":[{"href":"https:\/\/www.gomonnewenergy.com\/fr\/wp-json\/wp\/v2\/types\/page"}],"author":[{"embeddable":true,"href":"https:\/\/www.gomonnewenergy.com\/fr\/wp-json\/wp\/v2\/users\/1"}],"replies":[{"embeddable":true,"href":"https:\/\/www.gomonnewenergy.com\/fr\/wp-json\/wp\/v2\/comments?post=3595"}],"version-history":[{"count":0,"href":"https:\/\/www.gomonnewenergy.com\/fr\/wp-json\/wp\/v2\/pages\/3595\/revisions"}],"wp:attachment":[{"href":"https:\/\/www.gomonnewenergy.com\/fr\/wp-json\/wp\/v2\/media?parent=3595"}],"curies":[{"name":"wp","href":"https:\/\/api.w.org\/{rel}","templated":true}]}}