{"id":3576,"date":"2020-10-26T20:05:47","date_gmt":"2020-10-26T20:05:47","guid":{"rendered":"https:\/\/gpsites.co\/health\/?page_id=3576"},"modified":"2021-09-06T08:18:51","modified_gmt":"2021-09-06T08:18:51","slug":"products","status":"publish","type":"page","link":"https:\/\/www.gomonnewenergy.com\/fr\/produits","title":{"rendered":"Produits"},"content":{"rendered":"<div class=\"gb-container gb-container-15b5e61f\"><div class=\"gb-inside-container\">\n<div class=\"gb-container gb-container-33170895\"><div class=\"gb-inside-container\">\n<div class=\"gb-grid-wrapper gb-grid-wrapper-b1a8f4f3\">\n<div class=\"gb-grid-column gb-grid-column-143677e1\"><div class=\"gb-container gb-container-143677e1\"><div class=\"gb-inside-container\">\n\n<figure class=\"wp-block-image size-large\"><a href=\"https:\/\/www.gomonnewenergy.com\/fr\/compact-heat-pipe-solar-water-heater.html\/\"><img loading=\"lazy\" width=\"800\" height=\"800\" src=\"http:\/\/www.gomonnewenergy.com\/wp-content\/uploads\/2021\/04\/Compact-Heat-Pipe-Solar-Water-Heater.jpg\" alt=\"\" class=\"wp-image-4638\" srcset=\"https:\/\/www.gomonnewenergy.com\/wp-content\/uploads\/2021\/04\/Compact-Heat-Pipe-Solar-Water-Heater.jpg 800w, https:\/\/www.gomonnewenergy.com\/wp-content\/uploads\/2021\/04\/Compact-Heat-Pipe-Solar-Water-Heater-300x300.jpg 300w, https:\/\/www.gomonnewenergy.com\/wp-content\/uploads\/2021\/04\/Compact-Heat-Pipe-Solar-Water-Heater-150x150.jpg 150w, https:\/\/www.gomonnewenergy.com\/wp-content\/uploads\/2021\/04\/Compact-Heat-Pipe-Solar-Water-Heater-768x768.jpg 768w\" sizes=\"(max-width: 800px) 100vw, 800px\" \/><\/a><\/figure>\n\n\n\n<h4><a href=\"https:\/\/www.gomonnewenergy.com\/fr\/compact-heat-pipe-solar-water-heater.html\/\">Chauffe-eau solaire compact \u00e0 caloducs<\/a><\/h4>\n\n<\/div><\/div><\/div>\n\n<div class=\"gb-grid-column gb-grid-column-b3f0d8b5\"><div class=\"gb-container gb-container-b3f0d8b5\"><div class=\"gb-inside-container\">\n\n<figure class=\"wp-block-image size-large\"><a href=\"https:\/\/www.gomonnewenergy.com\/fr\/open-loop-flat-panel-solar-water-heater.html\/\"><img loading=\"lazy\" width=\"800\" height=\"800\" src=\"http:\/\/www.gomonnewenergy.com\/wp-content\/uploads\/2021\/04\/Open-Loop-Flat-Panel-Solar-Water-Heater-1.jpg\" alt=\"\" class=\"wp-image-4739\" srcset=\"https:\/\/www.gomonnewenergy.com\/wp-content\/uploads\/2021\/04\/Open-Loop-Flat-Panel-Solar-Water-Heater-1.jpg 800w, https:\/\/www.gomonnewenergy.com\/wp-content\/uploads\/2021\/04\/Open-Loop-Flat-Panel-Solar-Water-Heater-1-300x300.jpg 300w, https:\/\/www.gomonnewenergy.com\/wp-content\/uploads\/2021\/04\/Open-Loop-Flat-Panel-Solar-Water-Heater-1-150x150.jpg 150w, https:\/\/www.gomonnewenergy.com\/wp-content\/uploads\/2021\/04\/Open-Loop-Flat-Panel-Solar-Water-Heater-1-768x768.jpg 768w\" sizes=\"(max-width: 800px) 100vw, 800px\" \/><\/a><\/figure>\n\n\n\n<h4><a href=\"https:\/\/www.gomonnewenergy.com\/fr\/open-loop-flat-panel-solar-water-heater.html\/\">Chauffe-eau solaire \u00e0 panneaux plats en boucle ouverte<\/a><\/h4>\n\n<\/div><\/div><\/div>\n\n<div class=\"gb-grid-column gb-grid-column-1b19b0d7\"><div class=\"gb-container gb-container-1b19b0d7\"><div class=\"gb-inside-container\">\n\n<figure class=\"wp-block-image size-large\"><a href=\"https:\/\/www.gomonnewenergy.com\/fr\/closed-loop-flat-panel-solar-water-heater.html\/\"><img loading=\"lazy\" width=\"768\" height=\"768\" src=\"http:\/\/www.gomonnewenergy.com\/wp-content\/uploads\/2021\/04\/Closed-Loop-Flat-Panel-Solar-Water-Heater-2-768x768-1.jpg\" alt=\"\" class=\"wp-image-4798\" srcset=\"https:\/\/www.gomonnewenergy.com\/wp-content\/uploads\/2021\/04\/Closed-Loop-Flat-Panel-Solar-Water-Heater-2-768x768-1.jpg 768w, https:\/\/www.gomonnewenergy.com\/wp-content\/uploads\/2021\/04\/Closed-Loop-Flat-Panel-Solar-Water-Heater-2-768x768-1-300x300.jpg 300w, https:\/\/www.gomonnewenergy.com\/wp-content\/uploads\/2021\/04\/Closed-Loop-Flat-Panel-Solar-Water-Heater-2-768x768-1-150x150.jpg 150w\" sizes=\"(max-width: 768px) 100vw, 768px\" \/><\/a><\/figure>\n\n\n\n<h4><a href=\"https:\/\/www.gomonnewenergy.com\/fr\/closed-loop-flat-panel-solar-water-heater.html\/\">Chauffe-eau solaire \u00e0 panneaux plats en boucle ferm\u00e9e<\/a><\/h4>\n\n<\/div><\/div><\/div>\n<\/div>\n\n<div class=\"gb-grid-wrapper gb-grid-wrapper-5b868d21\">\n<div class=\"gb-grid-column gb-grid-column-68bff6c9\"><div class=\"gb-container gb-container-68bff6c9\"><div class=\"gb-inside-container\">\n\n<figure class=\"wp-block-image size-large\"><a href=\"https:\/\/www.gomonnewenergy.com\/fr\/residential-electric-water-heater.html\/\"><img loading=\"lazy\" width=\"768\" height=\"768\" src=\"http:\/\/www.gomonnewenergy.com\/wp-content\/uploads\/2021\/04\/Residential-Electric-Water-Heater-768x768-1.jpg\" alt=\"\" class=\"wp-image-4832\" srcset=\"https:\/\/www.gomonnewenergy.com\/wp-content\/uploads\/2021\/04\/Residential-Electric-Water-Heater-768x768-1.jpg 768w, https:\/\/www.gomonnewenergy.com\/wp-content\/uploads\/2021\/04\/Residential-Electric-Water-Heater-768x768-1-300x300.jpg 300w, https:\/\/www.gomonnewenergy.com\/wp-content\/uploads\/2021\/04\/Residential-Electric-Water-Heater-768x768-1-150x150.jpg 150w\" sizes=\"(max-width: 768px) 100vw, 768px\" \/><\/a><\/figure>\n\n\n\n<h4><a href=\"https:\/\/www.gomonnewenergy.com\/fr\/residential-electric-water-heater.html\/\">Chauffe-eau \u00e9lectrique r\u00e9sidentiel<\/a><\/h4>\n\n<\/div><\/div><\/div>\n\n<div class=\"gb-grid-column gb-grid-column-8fc4a6f0\"><div class=\"gb-container gb-container-8fc4a6f0\"><div class=\"gb-inside-container\">\n\n<figure class=\"wp-block-image size-large\"><a href=\"https:\/\/www.gomonnewenergy.com\/fr\/commercial-electric-water-heater.html\/\"><img loading=\"lazy\" width=\"768\" height=\"768\" src=\"http:\/\/www.gomonnewenergy.com\/wp-content\/uploads\/2021\/04\/Commercial-Electric-Water-Heater-768x768-1.jpg\" alt=\"\" class=\"wp-image-4856\" srcset=\"https:\/\/www.gomonnewenergy.com\/wp-content\/uploads\/2021\/04\/Commercial-Electric-Water-Heater-768x768-1.jpg 768w, https:\/\/www.gomonnewenergy.com\/wp-content\/uploads\/2021\/04\/Commercial-Electric-Water-Heater-768x768-1-300x300.jpg 300w, https:\/\/www.gomonnewenergy.com\/wp-content\/uploads\/2021\/04\/Commercial-Electric-Water-Heater-768x768-1-150x150.jpg 150w\" sizes=\"(max-width: 768px) 100vw, 768px\" \/><\/a><\/figure>\n\n\n\n<h4><a href=\"https:\/\/www.gomonnewenergy.com\/fr\/commercial-electric-water-heater.html\/\">Chauffe-eau \u00e9lectrique commercial<\/a><\/h4>\n\n<\/div><\/div><\/div>\n\n<div class=\"gb-grid-column gb-grid-column-69393ced\"><div class=\"gb-container gb-container-69393ced\"><div class=\"gb-inside-container\">\n\n<figure class=\"wp-block-image size-large\"><a href=\"https:\/\/www.gomonnewenergy.com\/fr\/krs38a-series-all-in-one-heat-pump-water-heater.html\/\"><img loading=\"lazy\" width=\"768\" height=\"768\" src=\"http:\/\/www.gomonnewenergy.com\/wp-content\/uploads\/2021\/04\/KRS38A-Series-All-In-One-Heat-Pump-Water-Heater-768x768-1.jpg\" alt=\"\" class=\"wp-image-4874\" srcset=\"https:\/\/www.gomonnewenergy.com\/wp-content\/uploads\/2021\/04\/KRS38A-Series-All-In-One-Heat-Pump-Water-Heater-768x768-1.jpg 768w, https:\/\/www.gomonnewenergy.com\/wp-content\/uploads\/2021\/04\/KRS38A-Series-All-In-One-Heat-Pump-Water-Heater-768x768-1-300x300.jpg 300w, https:\/\/www.gomonnewenergy.com\/wp-content\/uploads\/2021\/04\/KRS38A-Series-All-In-One-Heat-Pump-Water-Heater-768x768-1-150x150.jpg 150w\" sizes=\"(max-width: 768px) 100vw, 768px\" \/><\/a><\/figure>\n\n\n\n<h4><a href=\"https:\/\/www.gomonnewenergy.com\/fr\/krs38a-series-all-in-one-heat-pump-water-heater.html\/\">Chauffe-eau \u00e0 pompe \u00e0 chaleur tout-en-un de la s\u00e9rie KRS38A<\/a><\/h4>\n\n<\/div><\/div><\/div>\n<\/div>\n\n<div class=\"gb-grid-wrapper gb-grid-wrapper-fa6b9992\">\n<div class=\"gb-grid-column gb-grid-column-466af281\"><div class=\"gb-container gb-container-466af281\"><div class=\"gb-inside-container\">\n\n<figure class=\"wp-block-image size-large\"><a href=\"https:\/\/www.gomonnewenergy.com\/fr\/krs118b-series-all-in-one-heat-pump-water-heater.html\/\"><img loading=\"lazy\" width=\"768\" height=\"768\" src=\"http:\/\/www.gomonnewenergy.com\/wp-content\/uploads\/2021\/04\/KRS118B-Series-All-In-One-Heat-Pump-Water-Heater-2-768x768-1.jpg\" alt=\"\" class=\"wp-image-4911\" srcset=\"https:\/\/www.gomonnewenergy.com\/wp-content\/uploads\/2021\/04\/KRS118B-Series-All-In-One-Heat-Pump-Water-Heater-2-768x768-1.jpg 768w, https:\/\/www.gomonnewenergy.com\/wp-content\/uploads\/2021\/04\/KRS118B-Series-All-In-One-Heat-Pump-Water-Heater-2-768x768-1-300x300.jpg 300w, https:\/\/www.gomonnewenergy.com\/wp-content\/uploads\/2021\/04\/KRS118B-Series-All-In-One-Heat-Pump-Water-Heater-2-768x768-1-150x150.jpg 150w\" sizes=\"(max-width: 768px) 100vw, 768px\" \/><\/a><\/figure>\n\n\n\n<h4><a href=\"https:\/\/www.gomonnewenergy.com\/fr\/krs118b-series-all-in-one-heat-pump-water-heater.html\/\">Chauffe-eau \u00e0 pompe \u00e0 chaleur tout-en-un de la s\u00e9rie KRS118B<\/a><\/h4>\n\n<\/div><\/div><\/div>\n\n<div class=\"gb-grid-column gb-grid-column-aa00cec1\"><div class=\"gb-container gb-container-aa00cec1\"><div class=\"gb-inside-container\">\n\n<figure class=\"wp-block-image size-large\"><img src=\"http:\/\/www.gomonnewenergy.com\/wp-content\/uploads\/2021\/05\/01-768x768.jpg\" alt=\"\"\/><\/figure>\n\n\n\n<p><a rel=\"noreferrer noopener\" href=\"https:\/\/www.gomonnewenergy.com\/fr\/krs35a-series-all-in-one-heat-pump-water-heater.html\/\" target=\"_blank\">Chauffe-eau \u00e0 pompe \u00e0 chaleur tout-en-un de la s\u00e9rie KRS35A<\/a><\/p>\n\n<\/div><\/div><\/div>\n\n<div class=\"gb-grid-column gb-grid-column-179266aa\"><div class=\"gb-container gb-container-179266aa\"><div class=\"gb-inside-container\">\n\n<figure class=\"wp-block-image size-large\"><img src=\"http:\/\/www.gomonnewenergy.com\/wp-content\/uploads\/2021\/05\/%E6%9C%AA%E6%A0%87%E9%A2%98-2-768x768.jpg\" alt=\"\"\/><\/figure>\n\n\n\n<p><a rel=\"noreferrer noopener\" href=\"https:\/\/www.gomonnewenergy.com\/fr\/krs75a-series-all-in-one-heat-pump-water-heater.html\/\" target=\"_blank\">Chauffe-eau \u00e0 pompe \u00e0 chaleur tout-en-un de la s\u00e9rie KRS75A<\/a><\/p>\n\n<\/div><\/div><\/div>\n<\/div>\n\n<div class=\"gb-grid-wrapper gb-grid-wrapper-f1e0a505\">\n<div class=\"gb-grid-column gb-grid-column-468121ca\"><div class=\"gb-container gb-container-468121ca\"><div class=\"gb-inside-container\">\n\n<figure class=\"wp-block-image size-large\"><img src=\"http:\/\/www.gomonnewenergy.com\/wp-content\/uploads\/2021\/05\/%E6%9C%AA%E6%A0%87%E9%A2%98-1-1-768x768.jpg\" alt=\"\"\/><\/figure>\n\n\n\n<p><a rel=\"noreferrer noopener\" href=\"https:\/\/www.gomonnewenergy.com\/fr\/krs16e-series-wall-mounted-heat-pump-water-heater.html\/\" target=\"_blank\">Chauffe-eau \u00e0 pompe \u00e0 chaleur mural de la s\u00e9rie KRS16E<\/a><\/p>\n\n<\/div><\/div><\/div>\n\n<div class=\"gb-grid-column gb-grid-column-26b59015\"><div class=\"gb-container gb-container-26b59015\"><div class=\"gb-inside-container\"><\/div><\/div><\/div>\n\n<div class=\"gb-grid-column gb-grid-column-92c42bec\"><div class=\"gb-container gb-container-92c42bec\"><div class=\"gb-inside-container\"><\/div><\/div><\/div>\n<\/div>\n<\/div><\/div>\n<\/div><\/div>","protected":false},"excerpt":{"rendered":"","protected":false},"author":1,"featured_media":0,"parent":0,"menu_order":0,"comment_status":"closed","ping_status":"closed","template":"","meta":{"_generate-full-width-content":"true"},"aioseo_notices":[],"featured_image_urls":{"full":"","thumbnail":"","medium":"","medium_large":"","large":"","1536x1536":"","2048x2048":"","trp-custom-language-flag":""},"post_excerpt_stackable":"<p>Compact Heat Pipe Solar Water Heater Open Loop Flat Panel Solar Water Heater Closed Loop Flat Panel Solar Water Heater Residential Electric Water Heater Commercial Electric Water Heater KRS38A Series All In One Heat Pump Water Heater KRS118B Series All In One Heat Pump Water Heater KRS35A Series All In One Heat Pump Water Heater KRS75A Series All In One Heat Pump Water Heater KRS16E Series Wall Mounted Heat Pump Water Heater<\/p>\n","category_list":"","author_info":{"name":"\u521888","url":"https:\/\/www.gomonnewenergy.com\/fr\/author\/liu88"},"comments_num":"0 commentaire","_links":{"self":[{"href":"https:\/\/www.gomonnewenergy.com\/fr\/wp-json\/wp\/v2\/pages\/3576"}],"collection":[{"href":"https:\/\/www.gomonnewenergy.com\/fr\/wp-json\/wp\/v2\/pages"}],"about":[{"href":"https:\/\/www.gomonnewenergy.com\/fr\/wp-json\/wp\/v2\/types\/page"}],"author":[{"embeddable":true,"href":"https:\/\/www.gomonnewenergy.com\/fr\/wp-json\/wp\/v2\/users\/1"}],"replies":[{"embeddable":true,"href":"https:\/\/www.gomonnewenergy.com\/fr\/wp-json\/wp\/v2\/comments?post=3576"}],"version-history":[{"count":0,"href":"https:\/\/www.gomonnewenergy.com\/fr\/wp-json\/wp\/v2\/pages\/3576\/revisions"}],"wp:attachment":[{"href":"https:\/\/www.gomonnewenergy.com\/fr\/wp-json\/wp\/v2\/media?parent=3576"}],"curies":[{"name":"wp","href":"https:\/\/api.w.org\/{rel}","templated":true}]}}