{"id":3,"date":"2021-04-03T12:50:13","date_gmt":"2021-04-03T12:50:13","guid":{"rendered":"http:\/\/www.gomonnewenergy.com\/?page_id=3"},"modified":"2023-02-06T05:10:53","modified_gmt":"2023-02-06T05:10:53","slug":"about-us","status":"publish","type":"page","link":"https:\/\/www.gomonnewenergy.com\/fr\/a-propos-de-nous","title":{"rendered":"\u00c0 propos de nous"},"content":{"rendered":"<div class=\"gb-container gb-container-f86c0fe2\"><div class=\"gb-inside-container\">\n\n<p>Jiangsu Gomon New Energy Co. Ltd est la principale filiale du groupe Gomon. Fond\u00e9e en 1998, depuis plus de 20 ans, nous avons non seulement perfectionn\u00e9 notre expertise, nos processus et nos syst\u00e8mes dans la fabrication de r\u00e9servoirs d'eau \u00e9maill\u00e9e sous pression, de produits d'\u00e9nergie solaire et d'\u00e9nergie a\u00e9rienne adapt\u00e9s \u00e0 nos clients de l'industrie des nouvelles \u00e9nergies, mais aussi avec une id\u00e9e : cr\u00e9er une bonne vie verte \u00e0 faible \u00e9mission de carbone pour l'humanit\u00e9.<\/p>\n\n<\/div><\/div>\n\n<div class=\"gb-container gb-container-3a46a0f8\"><div class=\"gb-inside-container\">\n<div class=\"gb-grid-wrapper gb-grid-wrapper-f30cde85\">\n<div class=\"gb-grid-column gb-grid-column-40a1411e\"><div class=\"gb-container gb-container-40a1411e\"><div class=\"gb-inside-container\">\n\n<h2><\/h2>\n\n\n\n<figure class=\"wp-block-embed is-type-video is-provider-youtube wp-block-embed-youtube wp-embed-aspect-16-9 wp-has-aspect-ratio\"><div class=\"wp-block-embed__wrapper\">\n<iframe loading=\"lazy\" title=\"Introduction de Gomon\" width=\"1200\" height=\"675\" src=\"https:\/\/www.youtube.com\/embed\/jG9zcPF-LwY?feature=oembed\" frameborder=\"0\" allow=\"accelerometer; autoplay; clipboard-write; encrypted-media; gyroscope; picture-in-picture\" allowfullscreen><\/iframe>\n<\/div><\/figure>\n\n<\/div><\/div><\/div>\n\n<div class=\"gb-grid-column gb-grid-column-887b2d8a\"><div class=\"gb-container gb-container-887b2d8a\"><div class=\"gb-inside-container\">\n\n<p>Nous poss\u00e9dons un laboratoire CNAS et un laboratoire de diff\u00e9rence d'enthalpie pour les pompes \u00e0 chaleur \u00e0 air, ainsi qu'une ligne de production enti\u00e8rement automatique et d'autres installations de pointe pour mieux servir nos clients et leurs besoins.<\/p>\n\n\n\n<p>Nous respectons pleinement les normes industrielles en \u00e9tant certifi\u00e9s CE, SOLAR MARK, WATER MARK et ETL. Nous sommes connus dans le monde entier pour nos syst\u00e8mes exceptionnels de gestion de la qualit\u00e9 et notre mission d'am\u00e9lioration continue de nos op\u00e9rations de fabrication. C'est cette adh\u00e9sion stricte au syst\u00e8me de contr\u00f4le de la qualit\u00e9 le plus exigeant qui se traduit par la satisfaction et la confiance des clients.<\/p>\n\n<\/div><\/div><\/div>\n<\/div>\n\n\n<p>Face \u00e0 la concurrence mondiale croissante et aux attentes plus \u00e9lev\u00e9es en mati\u00e8re de qualit\u00e9, de fiabilit\u00e9, de performance, de livraison et de r\u00e9duction des co\u00fbts, nos efforts se concentrent sur l'am\u00e9lioration continue et l'innovation. Du point de vue des besoins des clients, nous nous effor\u00e7ons de leur fournir des solutions - meilleures, plus rapides et moins ch\u00e8res. Nous sommes tout \u00e0 fait dispos\u00e9s \u00e0 \u00eatre votre partenaire de coop\u00e9ration permanent, fiable et digne de confiance.<\/p>\n\n\n\n<p>Nous attendons avec impatience votre visite, vos conseils et vos n\u00e9gociations.<\/p>\n\n<\/div><\/div>\n\n<div class=\"gb-container gb-container-86921549\"><div class=\"gb-inside-container\">\n<div class=\"gb-grid-wrapper gb-grid-wrapper-37bdee99\"><\/div>\n\n\n<figure class=\"wp-block-image alignwide size-large\"><img loading=\"lazy\" width=\"1024\" height=\"458\" src=\"http:\/\/www.gomonnewenergy.com\/wp-content\/uploads\/2021\/04\/About-Us-1024x458.jpg\" alt=\"\" class=\"wp-image-4969\" srcset=\"https:\/\/www.gomonnewenergy.com\/wp-content\/uploads\/2021\/04\/About-Us-1024x458.jpg 1024w, https:\/\/www.gomonnewenergy.com\/wp-content\/uploads\/2021\/04\/About-Us-300x134.jpg 300w, https:\/\/www.gomonnewenergy.com\/wp-content\/uploads\/2021\/04\/About-Us-768x344.jpg 768w, https:\/\/www.gomonnewenergy.com\/wp-content\/uploads\/2021\/04\/About-Us.jpg 1200w\" sizes=\"(max-width: 1024px) 100vw, 1024px\" \/><\/figure>\n\n<\/div><\/div>","protected":false},"excerpt":{"rendered":"<p>Jiangsu Gomon New Energy Co. Ltd is the core subsidiary of Gomon Group. Founded in 1998, For over 20 years we not only have honed our expertise, processes, and systems in the manufacturing pressurized enamelled water tanks, solar energy and air energy products suitable for our customers in the new energy industry, but also with &#8230; <a title=\"\u00c0 propos de nous\" class=\"read-more\" href=\"https:\/\/www.gomonnewenergy.com\/fr\/a-propos-de-nous\" aria-label=\"More on About Us\">Lire plus<\/a><\/p>","protected":false},"author":1,"featured_media":0,"parent":0,"menu_order":0,"comment_status":"closed","ping_status":"open","template":"","meta":{"_generate-full-width-content":""},"aioseo_notices":[],"featured_image_urls":{"full":"","thumbnail":"","medium":"","medium_large":"","large":"","1536x1536":"","2048x2048":"","trp-custom-language-flag":""},"post_excerpt_stackable":"<p>Jiangsu Gomon New Energy Co. Ltd is the core subsidiary of Gomon Group. Founded in 1998, For over 20 years we not only have honed our expertise, processes, and systems in the manufacturing pressurized enamelled water tanks, solar energy and air energy products suitable for our customers in the new energy industry, but also with an idea\u2014To create a low-carbon green good life for mankind. We own CNAS Laboratory and Air source heat pump enthalpy difference Laboratory ,together with fully automatic production line and other more state-of-the-art facilities to better serve our customers and their needs. We are fully compliant\u2026<\/p>\n","category_list":"","author_info":{"name":"\u521888","url":"https:\/\/www.gomonnewenergy.com\/fr\/author\/liu88"},"comments_num":"0 commentaire","_links":{"self":[{"href":"https:\/\/www.gomonnewenergy.com\/fr\/wp-json\/wp\/v2\/pages\/3"}],"collection":[{"href":"https:\/\/www.gomonnewenergy.com\/fr\/wp-json\/wp\/v2\/pages"}],"about":[{"href":"https:\/\/www.gomonnewenergy.com\/fr\/wp-json\/wp\/v2\/types\/page"}],"author":[{"embeddable":true,"href":"https:\/\/www.gomonnewenergy.com\/fr\/wp-json\/wp\/v2\/users\/1"}],"replies":[{"embeddable":true,"href":"https:\/\/www.gomonnewenergy.com\/fr\/wp-json\/wp\/v2\/comments?post=3"}],"version-history":[{"count":0,"href":"https:\/\/www.gomonnewenergy.com\/fr\/wp-json\/wp\/v2\/pages\/3\/revisions"}],"wp:attachment":[{"href":"https:\/\/www.gomonnewenergy.com\/fr\/wp-json\/wp\/v2\/media?parent=3"}],"curies":[{"name":"wp","href":"https:\/\/api.w.org\/{rel}","templated":true}]}}