{"id":2,"date":"2021-04-03T12:50:13","date_gmt":"2021-04-03T12:50:13","guid":{"rendered":"http:\/\/www.gomonnewenergy.com\/?page_id=2"},"modified":"2024-12-05T13:17:16","modified_gmt":"2024-12-05T13:17:16","slug":"heat-pump-water-heater","status":"publish","type":"page","link":"https:\/\/www.gomonnewenergy.com\/fr\/chauffe-eau-a-pompe-a-chaleur","title":{"rendered":"Chauffe-eau \u00e0 pompe \u00e0 chaleur"},"content":{"rendered":"<div class=\"gb-container gb-container-a6134bd1\"><div class=\"gb-inside-container\">\n<div class=\"gb-grid-wrapper gb-grid-wrapper-3660c808\">\n<div class=\"gb-grid-column gb-grid-column-ee52e0a5\"><div class=\"gb-container gb-container-ee52e0a5\"><div class=\"gb-inside-container\">\n\n<figure class=\"wp-block-image size-full\"><a href=\"https:\/\/www.gomonnewenergy.com\/fr\/krs35a-vd-series-all-in-one-heat-pump-water-heater-ce-certified.html\/\"><img loading=\"lazy\" width=\"768\" height=\"768\" src=\"https:\/\/www.gomonnewenergy.com\/wp-content\/uploads\/2024\/08\/KRS38A-Series-All-In-One-Heat-Pump-Water-Heater-768x768-1.jpg\" alt=\"\" class=\"wp-image-8058\" srcset=\"https:\/\/www.gomonnewenergy.com\/wp-content\/uploads\/2024\/08\/KRS38A-Series-All-In-One-Heat-Pump-Water-Heater-768x768-1.jpg 768w, https:\/\/www.gomonnewenergy.com\/wp-content\/uploads\/2024\/08\/KRS38A-Series-All-In-One-Heat-Pump-Water-Heater-768x768-1-300x300.jpg 300w, https:\/\/www.gomonnewenergy.com\/wp-content\/uploads\/2024\/08\/KRS38A-Series-All-In-One-Heat-Pump-Water-Heater-768x768-1-150x150.jpg 150w, https:\/\/www.gomonnewenergy.com\/wp-content\/uploads\/2024\/08\/KRS38A-Series-All-In-One-Heat-Pump-Water-Heater-768x768-1-12x12.jpg 12w\" sizes=\"(max-width: 768px) 100vw, 768px\" \/><\/a><\/figure>\n\n\n\n<p><a previewlistener=\"true\" href=\"https:\/\/www.gomonnewenergy.com\/fr\/krs35a-vd-series-all-in-one-heat-pump-water-heater-ce-certified.html\/\">Pompe \u00e0 chaleur tout-en-un de la s\u00e9rie KRS35A-VD (certifi\u00e9e CE)<\/a><\/p>\n\n\n\n<figure class=\"wp-block-image size-large\"><a href=\"https:\/\/www.gomonnewenergy.com\/fr\/krs118b-series-all-in-one-heat-pump-water-heater.html\/\"><img src=\"http:\/\/www.gomonnewenergy.com\/wp-content\/uploads\/2021\/04\/KRS118B-Series-All-In-One-Heat-Pump-Water-Heater-768x768-1.jpg\" alt=\"\"\/><\/a><\/figure>\n\n\n\n<h4><a href=\"https:\/\/www.gomonnewenergy.com\/fr\/krs118b-series-all-in-one-heat-pump-water-heater.html\/\">Chauffe-eau \u00e0 pompe \u00e0 chaleur tout-en-un de la s\u00e9rie KRS118B<\/a><\/h4>\n\n<\/div><\/div><\/div>\n\n<div class=\"gb-grid-column gb-grid-column-0a0c60d0\"><div class=\"gb-container gb-container-0a0c60d0\"><div class=\"gb-inside-container\">\n\n<figure class=\"wp-block-image size-large\"><a href=\"https:\/\/www.gomonnewenergy.com\/fr\/krs38a-series-all-in-one-heat-pump-water-heater.html\/\"><img src=\"http:\/\/www.gomonnewenergy.com\/wp-content\/uploads\/2021\/04\/KRS38A-Series-All-In-One-Heat-Pump-Water-Heater-768x768-1.jpg\" alt=\"\"\/><\/a><\/figure>\n\n\n\n<h4><a href=\"https:\/\/www.gomonnewenergy.com\/fr\/krs38a-series-all-in-one-heat-pump-water-heater.html\/\">Chauffe-eau \u00e0 pompe \u00e0 chaleur tout-en-un de la s\u00e9rie KRS38A<\/a><\/h4>\n\n\n\n<figure class=\"wp-block-image size-large is-resized\"><a href=\"https:\/\/www.gomonnewenergy.com\/fr\/krs16e-series-wall-mounted-heat-pump-water-heater.html\/\"><img loading=\"lazy\" src=\"http:\/\/www.gomonnewenergy.com\/wp-content\/uploads\/2021\/05\/%E6%9C%AA%E6%A0%87%E9%A2%98-1-1-768x768.jpg\" alt=\"\" width=\"235\" height=\"235\"\/><\/a><\/figure>\n\n\n\n<h2 class=\"gb-headline gb-headline-d0457a0c gb-headline-text\"><\/h2>\n\n\n\n<p class=\"has-text-align-left\"><a href=\"https:\/\/www.gomonnewenergy.com\/fr\/krs16e-series-wall-mounted-heat-pump-water-heater.html\/\" target=\"_blank\" rel=\"noreferrer noopener\">Chauffe-eau \u00e0 pompe \u00e0 chaleur mural de la s\u00e9rie KRS16E<\/a><\/p>\n\n<\/div><\/div><\/div>\n\n<div class=\"gb-grid-column gb-grid-column-50742dc0\"><div class=\"gb-container gb-container-50742dc0\"><div class=\"gb-inside-container\">\n\n<figure class=\"wp-block-image size-large\"><a href=\"https:\/\/www.gomonnewenergy.com\/fr\/krs35a-series-all-in-one-heat-pump-water-heater.html\/\"><img src=\"http:\/\/www.gomonnewenergy.com\/wp-content\/uploads\/2021\/05\/01-768x768.jpg\" alt=\"\"\/><\/a><\/figure>\n\n\n\n<p><a href=\"https:\/\/www.gomonnewenergy.com\/fr\/krs35a-series-all-in-one-heat-pump-water-heater.html\/\" target=\"_blank\" rel=\"noreferrer noopener\">Chauffe-eau \u00e0 pompe \u00e0 chaleur tout-en-un de la s\u00e9rie KRS35A<\/a><\/p>\n\n\n\n<p><\/p>\n\n\n\n<figure class=\"wp-block-image size-large is-resized\"><a href=\"https:\/\/www.gomonnewenergy.com\/fr\/krs60a-300v-series-all-in-one-heat-pump-water-mark.html\/\"><img loading=\"lazy\" src=\"https:\/\/www.gomonnewenergy.com\/wp-content\/uploads\/2024\/12\/\u5fae\u4fe1\u56fe\u7247_20241205203818-1-scaled-e1733404574671-1001x1024.jpg\" alt=\"\" class=\"wp-image-8106\" width=\"221\" height=\"226\" srcset=\"https:\/\/www.gomonnewenergy.com\/wp-content\/uploads\/2024\/12\/\u5fae\u4fe1\u56fe\u7247_20241205203818-1-scaled-e1733404574671-1001x1024.jpg 1001w, https:\/\/www.gomonnewenergy.com\/wp-content\/uploads\/2024\/12\/\u5fae\u4fe1\u56fe\u7247_20241205203818-1-scaled-e1733404574671-293x300.jpg 293w, https:\/\/www.gomonnewenergy.com\/wp-content\/uploads\/2024\/12\/\u5fae\u4fe1\u56fe\u7247_20241205203818-1-scaled-e1733404574671-768x786.jpg 768w, https:\/\/www.gomonnewenergy.com\/wp-content\/uploads\/2024\/12\/\u5fae\u4fe1\u56fe\u7247_20241205203818-1-scaled-e1733404574671-1501x1536.jpg 1501w, https:\/\/www.gomonnewenergy.com\/wp-content\/uploads\/2024\/12\/\u5fae\u4fe1\u56fe\u7247_20241205203818-1-scaled-e1733404574671-12x12.jpg 12w, https:\/\/www.gomonnewenergy.com\/wp-content\/uploads\/2024\/12\/\u5fae\u4fe1\u56fe\u7247_20241205203818-1-scaled-e1733404574671.jpg 1619w\" sizes=\"(max-width: 221px) 100vw, 221px\" \/><\/a><\/figure>\n\n\n\n<h2><\/h2>\n\n\n\n<h4><a href=\"https:\/\/www.gomonnewenergy.com\/fr\/krs60a-300v-series-all-in-one-heat-pump-water-mark.html\/\">KRS60A-300V Series All In One Heat Pump Water Mark<\/a><\/h4>\n\n<\/div><\/div><\/div>\n\n<div class=\"gb-grid-column gb-grid-column-d263c028\"><div class=\"gb-container gb-container-d263c028\"><div class=\"gb-inside-container\">\n\n<figure class=\"wp-block-image size-large\"><a href=\"https:\/\/www.gomonnewenergy.com\/fr\/krs75a-series-all-in-one-heat-pump-water-heater.html\/\"><img src=\"http:\/\/www.gomonnewenergy.com\/wp-content\/uploads\/2021\/05\/%E6%9C%AA%E6%A0%87%E9%A2%98-2-768x768.jpg\" alt=\"\"\/><\/a><\/figure>\n\n\n\n<p><a href=\"https:\/\/www.gomonnewenergy.com\/fr\/krs75a-series-all-in-one-heat-pump-water-heater.html\/\" target=\"_blank\" rel=\"noreferrer noopener\">Chauffe-eau \u00e0 pompe \u00e0 chaleur tout-en-un de la s\u00e9rie KRS75A<\/a><\/p>\n\n<\/div><\/div><\/div>\n<\/div>\n<\/div><\/div>\n\n<div class=\"gb-container gb-container-ff1caef3\"><div class=\"gb-inside-container\">\n\n<p>Il est g\u00e9n\u00e9ralement plus facile de d\u00e9placer quelque chose que de le fabriquer. En appliquant ce principe, les chauffe-eau \u00e0 pompe \u00e0 chaleur utilisent l'\u00e9lectricit\u00e9 pour d\u00e9placer la chaleur d'un endroit \u00e0 un autre au lieu de la produire directement.<\/p>\n\n\n\n<p>Pour comprendre le concept des pompes \u00e0 chaleur, imaginez un r\u00e9frig\u00e9rateur fonctionnant \u00e0 l'envers. Alors qu'un r\u00e9frig\u00e9rateur retire la chaleur d'une bo\u00eete ferm\u00e9e et l'expulse dans l'air ambiant, un chauffe-eau \u00e0 pompe \u00e0 chaleur prend la chaleur de l'air ambiant et la transf\u00e8re \u00e0 l'eau dans un r\u00e9servoir ferm\u00e9.<\/p>\n\n\n\n<p>Pendant les p\u00e9riodes de forte demande d'eau chaude, les chauffe-eau \u00e0 pompe \u00e0 chaleur passent automatiquement au chauffage par r\u00e9sistance \u00e9lectrique standard (c'est pourquoi ils sont souvent appel\u00e9s chauffe-eau \"hybrides\").<\/p>\n\n\n\n<h2>Comment fonctionne un chauffe-eau \u00e0 pompe \u00e0 chaleur<\/h2>\n\n\n\n<p>Les chauffe-eau \u00e0 pompe \u00e0 chaleur utilisent l'\u00e9lectricit\u00e9 pour d\u00e9placer la chaleur d'un endroit \u00e0 un autre au lieu de la produire directement. Par cons\u00e9quent, ils peuvent \u00eatre deux \u00e0 trois fois plus efficaces sur le plan \u00e9nerg\u00e9tique que les chauffe-eau \u00e9lectriques classiques \u00e0 r\u00e9sistance. Pour d\u00e9placer la chaleur, les pompes \u00e0 chaleur fonctionnent comme un r\u00e9frig\u00e9rateur \u00e0 l'envers.<\/p>\n\n\n\n<p>Alors qu'un r\u00e9frig\u00e9rateur puise la chaleur \u00e0 l'int\u00e9rieur d'une bo\u00eete et la rejette dans la pi\u00e8ce environnante, un chauffe-eau autonome \u00e0 thermopompe \u00e0 air puise la chaleur dans l'air ambiant et la rejette - \u00e0 une temp\u00e9rature plus \u00e9lev\u00e9e - dans un r\u00e9servoir pour chauffer l'eau. Vous pouvez acheter un syst\u00e8me autonome de chauffage de l'eau par pompe \u00e0 chaleur sous la forme d'une unit\u00e9 int\u00e9gr\u00e9e avec un r\u00e9servoir de stockage d'eau int\u00e9gr\u00e9 et des \u00e9l\u00e9ments de chauffage par r\u00e9sistance d'appoint. Il est \u00e9galement possible d'adapter une pompe \u00e0 chaleur \u00e0 un chauffe-eau \u00e0 accumulation conventionnel existant.<\/p>\n\n\n\n<p>Les chauffe-eau \u00e0 pompe \u00e0 chaleur doivent \u00eatre install\u00e9s dans des endroits o\u00f9 la temp\u00e9rature reste comprise entre 4,4 et 32,2 \u00b0C (40 et 90 \u00b0F) tout au long de l'ann\u00e9e et o\u00f9 l'espace d'air autour du chauffe-eau est d'au moins 28,3 m\u00e8tres cubes (1 000 pieds cubes). L'air frais peut \u00eatre \u00e9vacu\u00e9 dans la pi\u00e8ce ou \u00e0 l'ext\u00e9rieur. Les chauffe-eau \u00e0 pompe \u00e0 chaleur ne doivent pas \u00eatre install\u00e9s dans un endroit o\u00f9 il y a un exc\u00e8s de chaleur, par exemple dans une pi\u00e8ce o\u00f9 se trouve un four. Les chauffe-eau \u00e0 pompe \u00e0 chaleur ne fonctionneront pas efficacement dans un espace froid. Ils ont tendance \u00e0 refroidir les espaces dans lesquels ils sont install\u00e9s. Vous pouvez \u00e9galement installer un syst\u00e8me de pompe \u00e0 chaleur \u00e0 air qui combine le chauffage, le refroidissement et le chauffage de l'eau. Ces syst\u00e8mes combin\u00e9s tirent leur chaleur de l'air ext\u00e9rieur en hiver et de l'air int\u00e9rieur en \u00e9t\u00e9. Parce qu'ils extraient la chaleur de l'air, tous les types de syst\u00e8mes de pompe \u00e0 chaleur \u00e0 air fonctionnent plus efficacement dans un climat chaud.<\/p>\n\n\n\n<p>Les propri\u00e9taires installent principalement des pompes \u00e0 chaleur g\u00e9othermiques - qui tirent la chaleur du sol en hiver et de l'air int\u00e9rieur en \u00e9t\u00e9 - pour chauffer et rafra\u00eechir leur maison. Pour le chauffage de l'eau, il est possible d'ajouter un d\u00e9surchauffeur \u00e0 un syst\u00e8me de pompe \u00e0 chaleur g\u00e9othermique. Un d\u00e9surchauffeur est un petit \u00e9changeur de chaleur auxiliaire qui utilise les gaz surchauff\u00e9s du compresseur de la pompe \u00e0 chaleur pour chauffer de l'eau. Cette eau chaude circule ensuite dans un tuyau jusqu'au r\u00e9servoir du chauffe-eau \u00e0 accumulation de la maison.<\/p>\n\n\n\n<p><strong>Vous pouvez aimer<\/strong>: <a href=\"https:\/\/www.gomonnewenergy.com\/fr\/integrated-heat-pump-water-heater.html\/\">chauffe-eau \u00e0 pompe \u00e0 chaleur int\u00e9gr\u00e9<\/a>, <a href=\"https:\/\/www.gomonnewenergy.com\/fr\/domestic-hot-heat-pump-water-heater.html\/\">ce chauffe-eau domestique \u00e0 pompe \u00e0 chaleur<\/a>, <a href=\"https:\/\/www.gomonnewenergy.com\/fr\/all-in-one-heat-pump-water-heater.html\/\">chauffe-eau \u00e0 pompe \u00e0 chaleur tout en un<\/a><\/p>\n\n\n\n<p>Les d\u00e9surchauffeurs sont \u00e9galement disponibles pour les chauffe-eau sans r\u00e9servoir ou \u00e0 la demande. En \u00e9t\u00e9, le d\u00e9surchauffeur utilise l'exc\u00e8s de chaleur qui serait autrement rejet\u00e9 dans le sol. Ainsi, lorsque la pompe \u00e0 chaleur g\u00e9othermique fonctionne fr\u00e9quemment en \u00e9t\u00e9, elle peut chauffer toute l'eau.<\/p>\n\n\n\n<p>Pendant l'automne, l'hiver et le printemps, lorsque le d\u00e9surchauffeur ne produit pas autant de chaleur exc\u00e9dentaire, vous devrez compter davantage sur votre chauffe-eau \u00e0 accumulation ou \u00e0 la demande pour chauffer l'eau. Certains fabricants proposent \u00e9galement des syst\u00e8mes de pompes \u00e0 chaleur g\u00e9othermiques \u00e0 triple fonction, qui assurent le chauffage, le refroidissement et la production d'eau chaude. Ils utilisent un \u00e9changeur de chaleur s\u00e9par\u00e9 pour r\u00e9pondre \u00e0 tous les besoins en eau chaude d'un m\u00e9nage.<\/p>\n\n\n<div class=\"gb-grid-wrapper gb-grid-wrapper-34a89ead\">\n<div class=\"gb-grid-column gb-grid-column-4f6f793a\"><div class=\"gb-container gb-container-4f6f793a\"><div class=\"gb-inside-container\">\n<div role=\"form\" class=\"wpcf7\" id=\"wpcf7-f4532-o1\" lang=\"zh-CN\" dir=\"ltr\">\n<div class=\"screen-reader-response\"><p role=\"status\" aria-live=\"polite\" aria-atomic=\"true\"><\/p> <ul><\/ul><\/div>\n<form action=\"\/fr\/wp-json\/wp\/v2\/pages\/2#wpcf7-f4532-o1\" method=\"post\" class=\"wpcf7-form init\" novalidate=\"novalidate\" data-status=\"init\" data-trp-original-action=\"\/fr\/wp-json\/wp\/v2\/pages\/2#wpcf7-f4532-o1\">\n<div style=\"display: none;\">\n<input type=\"hidden\" name=\"_wpcf7\" value=\"4532\" \/>\n<input type=\"hidden\" name=\"_wpcf7_version\" value=\"5.6.4\" \/>\n<input type=\"hidden\" name=\"_wpcf7_locale\" value=\"zh_CN\" \/>\n<input type=\"hidden\" name=\"_wpcf7_unit_tag\" value=\"wpcf7-f4532-o1\" \/>\n<input type=\"hidden\" name=\"_wpcf7_container_post\" value=\"0\" \/>\n<input type=\"hidden\" name=\"_wpcf7_posted_data_hash\" value=\"\" \/>\n<\/div>\n<div class=\"hunkcf71\">\n<p class=\"cf7-title\" style=\"font-size:25px;\"><i class=\"fa fa-envelope-o\"><\/i> Formulaire de requ\u00eate\n<\/p>\n<p><span class=\"wpcf7-form-control-wrap\" data-name=\"your-name\"><input type=\"text\" name=\"your-name\" value=\"\" size=\"40\" class=\"wpcf7-form-control wpcf7-text wpcf7-validates-as-required\" aria-required=\"true\" aria-invalid=\"false\" placeholder=\"Votre nom*\" \/><\/span><\/p>\n<p><span class=\"wpcf7-form-control-wrap\" data-name=\"your-email\"><input type=\"email\" name=\"your-email\" value=\"\" size=\"40\" class=\"wpcf7-form-control wpcf7-text wpcf7-email wpcf7-validates-as-required wpcf7-validates-as-email\" aria-required=\"true\" aria-invalid=\"false\" placeholder=\"Adresse \u00e9lectronique*\" \/><\/span><\/p>\n<p><span class=\"wpcf7-form-control-wrap\" data-name=\"your-subject\"><input type=\"text\" name=\"your-subject\" value=\"\" size=\"40\" class=\"wpcf7-form-control wpcf7-text wpcf7-validates-as-required\" aria-required=\"true\" aria-invalid=\"false\" placeholder=\"Votre pays*\" \/><\/span><\/p>\n<p><span class=\"wpcf7-form-control-wrap\" data-name=\"your-message\"><textarea name=\"your-message\" cols=\"40\" rows=\"10\" class=\"wpcf7-form-control wpcf7-textarea wpcf7-validates-as-required\" aria-required=\"true\" aria-invalid=\"false\" placeholder=\"Pour obtenir les meilleurs devis, nous vous recommandons d&#039;inclure les d\u00e9tails suivants : -Pr\u00e9sentation de soi -Que recherchez-vous -Sp\u00e9cifications requises -Demande de prix\/QMT\"><\/textarea><\/span><\/p>\n<p><input type=\"submit\" value=\"soumettre\" class=\"wpcf7-form-control has-spinner wpcf7-submit\" \/><\/p>\n<\/div>\n<div class=\"wpcf7-response-output\" aria-hidden=\"true\"><\/div><input type=\"hidden\" name=\"trp-form-language\" value=\"fr\"\/><\/form><\/div>\n\n<\/div><\/div><\/div>\n\n<div class=\"gb-grid-column gb-grid-column-692e151e\"><div class=\"gb-container gb-container-692e151e\"><div class=\"gb-inside-container\"><\/div><\/div><\/div>\n\n<div class=\"gb-grid-column gb-grid-column-c9a6bbd0\"><div class=\"gb-container gb-container-c9a6bbd0\"><div class=\"gb-inside-container\"><\/div><\/div><\/div>\n<\/div>\n<\/div><\/div>","protected":false},"excerpt":{"rendered":"","protected":false},"author":1,"featured_media":0,"parent":0,"menu_order":0,"comment_status":"closed","ping_status":"open","template":"","meta":{"_generate-full-width-content":""},"aioseo_notices":[],"featured_image_urls":{"full":"","thumbnail":"","medium":"","medium_large":"","large":"","1536x1536":"","2048x2048":"","trp-custom-language-flag":""},"post_excerpt_stackable":"<p>KRS35A-VD Series All In One Heat Pump (CE Certified) KRS118B Series All In One Heat Pump Water Heater KRS38A Series All In One Heat Pump Water Heater KRS16E Series Wall Mounted Heat Pump Water Heater KRS35A Series All In One Heat Pump Water Heater KRS60A-300V Series All In One Heat Pump Water Mark KRS75A Series All In One Heat Pump Water Heater It&#8217;s generally easier to move something than to make something. Putting that principle to use, Heat Pump Water Heaters use electricity to move heat from one place to another instead of generating heat directly. To understand the concept\u2026<\/p>\n","category_list":"","author_info":{"name":"\u521888","url":"https:\/\/www.gomonnewenergy.com\/fr\/author\/liu88"},"comments_num":"0 commentaire","_links":{"self":[{"href":"https:\/\/www.gomonnewenergy.com\/fr\/wp-json\/wp\/v2\/pages\/2"}],"collection":[{"href":"https:\/\/www.gomonnewenergy.com\/fr\/wp-json\/wp\/v2\/pages"}],"about":[{"href":"https:\/\/www.gomonnewenergy.com\/fr\/wp-json\/wp\/v2\/types\/page"}],"author":[{"embeddable":true,"href":"https:\/\/www.gomonnewenergy.com\/fr\/wp-json\/wp\/v2\/users\/1"}],"replies":[{"embeddable":true,"href":"https:\/\/www.gomonnewenergy.com\/fr\/wp-json\/wp\/v2\/comments?post=2"}],"version-history":[{"count":0,"href":"https:\/\/www.gomonnewenergy.com\/fr\/wp-json\/wp\/v2\/pages\/2\/revisions"}],"wp:attachment":[{"href":"https:\/\/www.gomonnewenergy.com\/fr\/wp-json\/wp\/v2\/media?parent=2"}],"curies":[{"name":"wp","href":"https:\/\/api.w.org\/{rel}","templated":true}]}}