{"id":5026,"date":"2021-04-05T08:55:02","date_gmt":"2021-04-05T08:55:02","guid":{"rendered":"http:\/\/www.gomonnewenergy.com\/?page_id=5026"},"modified":"2023-02-06T05:10:24","modified_gmt":"2023-02-06T05:10:24","slug":"our-advantage","status":"publish","type":"page","link":"https:\/\/www.gomonnewenergy.com\/es\/nuestra-ventaja","title":{"rendered":"Nuestras ventajas"},"content":{"rendered":"<div class=\"gb-container gb-container-302e636c\"><div class=\"gb-inside-container\">\n\n<h3>El dep\u00f3sito de agua esmaltada es el componente principal de los calentadores de agua<\/h3>\n\n\n\n<p>El revestimiento de esmalte es una forma de protecci\u00f3n anticorrosi\u00f3n de las superficies met\u00e1licas. La protecci\u00f3n esmaltada consiste en la creaci\u00f3n de una capa continua impermeable, que a\u00edsla el metal del agua. De este modo, los dep\u00f3sitos de agua esmaltados demuestran una gran resistencia frente a todo tipo de aguas, especialmente las duras. El recubrimiento de esmalte se crea aplicando el material sobre la chapa y quem\u00e1ndolo en un horno a una temperatura superior a 800 \u00b0C, lo que da como resultado una capa de recubrimiento v\u00edtrea y muy resistente.<\/p>\n\n\n\n<p>Nuestros dep\u00f3sitos de agua contienen dos capas de esmalte. Gracias a ello, todos los dep\u00f3sitos de agua esmaltados alcanzan el m\u00e1ximo nivel de protecci\u00f3n anticorrosi\u00f3n y una vida \u00fatil superior a la norma. Ofrecemos esmaltes altamente resistentes a los productos qu\u00edmicos, as\u00ed como esmaltes destinados al contacto con agua potable y alimentos.<\/p>\n\n\n\n<p>Todos los productos de GOMON tienen una identificaci\u00f3n \u00fanica, lo que hace que nuestro proceso de producci\u00f3n sea trazable, garantizando que los productos de GOMON merezcan confianza.<\/p>\n\n\n\n<p>Para garantizar la calidad de los productos fabricados, hemos implantado el sistema de gesti\u00f3n de la calidad seg\u00fan la norma ISO 9001. Adem\u00e1s, nuestros dep\u00f3sitos esmaltados est\u00e1n homologados por todo tipo de normas internacionales (CE\u3001WATER MARK\u3001ETL\u3001WRAS\u3001EN12977-3).<\/p>\n\n\n<div class=\"gb-grid-wrapper gb-grid-wrapper-e0edc973\">\n<div class=\"gb-grid-column gb-grid-column-21895bd9\"><div class=\"gb-container gb-container-21895bd9\"><div class=\"gb-inside-container\">\n\n<figure class=\"wp-block-image size-large\"><img loading=\"lazy\" width=\"220\" height=\"200\" src=\"http:\/\/www.gomonnewenergy.com\/wp-content\/uploads\/2021\/04\/CE.jpg\" alt=\"\" class=\"wp-image-5027\"\/><\/figure>\n\n<\/div><\/div><\/div>\n\n<div class=\"gb-grid-column gb-grid-column-877e4e3e\"><div class=\"gb-container gb-container-877e4e3e\"><div class=\"gb-inside-container\">\n\n<figure class=\"wp-block-image size-large\"><img loading=\"lazy\" width=\"220\" height=\"200\" src=\"http:\/\/www.gomonnewenergy.com\/wp-content\/uploads\/2021\/04\/ETL.jpg\" alt=\"\" class=\"wp-image-5028\"\/><\/figure>\n\n<\/div><\/div><\/div>\n\n<div class=\"gb-grid-column gb-grid-column-82a47d7f\"><div class=\"gb-container gb-container-82a47d7f\"><div class=\"gb-inside-container\">\n\n<figure class=\"wp-block-image size-large\"><img loading=\"lazy\" width=\"220\" height=\"200\" src=\"http:\/\/www.gomonnewenergy.com\/wp-content\/uploads\/2021\/04\/SK.jpg\" alt=\"\" class=\"wp-image-5029\"\/><\/figure>\n\n<\/div><\/div><\/div>\n\n<div class=\"gb-grid-column gb-grid-column-27d2d8dd\"><div class=\"gb-container gb-container-27d2d8dd\"><div class=\"gb-inside-container\">\n\n<figure class=\"wp-block-image size-large\"><img loading=\"lazy\" width=\"220\" height=\"200\" src=\"http:\/\/www.gomonnewenergy.com\/wp-content\/uploads\/2021\/04\/Water-Mark.jpg\" alt=\"\" class=\"wp-image-5030\"\/><\/figure>\n\n<\/div><\/div><\/div>\n\n<div class=\"gb-grid-column gb-grid-column-80d94dea\"><div class=\"gb-container gb-container-80d94dea\"><div class=\"gb-inside-container\">\n\n<figure class=\"wp-block-image size-large\"><img loading=\"lazy\" width=\"220\" height=\"200\" src=\"http:\/\/www.gomonnewenergy.com\/wp-content\/uploads\/2021\/04\/Wras.jpg\" alt=\"\" class=\"wp-image-5031\"\/><\/figure>\n\n<\/div><\/div><\/div>\n<\/div>\n<\/div><\/div>\n\n<div class=\"gb-container gb-container-30c28d41\"><div class=\"gb-inside-container\">\n<div class=\"gb-grid-wrapper gb-grid-wrapper-5e92d2e5\">\n<div class=\"gb-grid-column gb-grid-column-0ef17b38\"><div class=\"gb-container gb-container-0ef17b38\"><div class=\"gb-inside-container\">\n\n<figure class=\"wp-block-embed is-type-video is-provider-youtube wp-block-embed-youtube wp-embed-aspect-16-9 wp-has-aspect-ratio\"><div class=\"wp-block-embed__wrapper\">\n<iframe loading=\"lazy\" title=\"Proceso de producci\u00f3n de dep\u00f3sitos de agua esmaltados\" width=\"1200\" height=\"675\" src=\"https:\/\/www.youtube.com\/embed\/3Vk71Bd9RnM?feature=oembed\" frameborder=\"0\" allow=\"accelerometer; autoplay; clipboard-write; encrypted-media; gyroscope; picture-in-picture\" allowfullscreen><\/iframe>\n<\/div><\/figure>\n\n<\/div><\/div><\/div>\n\n<div class=\"gb-grid-column gb-grid-column-42745d2a\"><div class=\"gb-container gb-container-42745d2a\"><div class=\"gb-inside-container\">\n\n<figure class=\"wp-block-embed is-type-video is-provider-youtube wp-block-embed-youtube wp-embed-aspect-16-9 wp-has-aspect-ratio\"><div class=\"wp-block-embed__wrapper\">\n<iframe loading=\"lazy\" title=\"Clasificaci\u00f3n de los calentadores de agua\" width=\"1200\" height=\"675\" src=\"https:\/\/www.youtube.com\/embed\/coYqmi5wXPk?feature=oembed\" frameborder=\"0\" allow=\"accelerometer; autoplay; clipboard-write; encrypted-media; gyroscope; picture-in-picture\" allowfullscreen><\/iframe>\n<\/div><\/figure>\n\n<\/div><\/div><\/div>\n<\/div>\n<\/div><\/div>","protected":false},"excerpt":{"rendered":"","protected":false},"author":1,"featured_media":0,"parent":0,"menu_order":0,"comment_status":"closed","ping_status":"closed","template":"","meta":{"_generate-full-width-content":""},"aioseo_notices":[],"featured_image_urls":{"full":"","thumbnail":"","medium":"","medium_large":"","large":"","1536x1536":"","2048x2048":"","trp-custom-language-flag":""},"post_excerpt_stackable":"<p>Enamelled Water Tank Is The Core Component Of Water Heaters Enamel coating is a form of an anti-corrosion protection of metal surfaces. The enamel protection consists in creation of an impermeable continuous layer, which isolates the metal from water. Thus the enamelled water tanks demonstrate a high resistance against all kinds of water.especially for hard water. Enamel coating is created by an application of the material on the metal sheet and burning it in a furnace at the temperature higher than 800 \u00b0C, which results in a vitreous, highly resistant coating layer. Our water tanks contain two layers of enamel.&hellip;<\/p>\n","category_list":"","author_info":{"name":"\u521888","url":"https:\/\/www.gomonnewenergy.com\/es\/author\/liu88"},"comments_num":"0 comentarios","_links":{"self":[{"href":"https:\/\/www.gomonnewenergy.com\/es\/wp-json\/wp\/v2\/pages\/5026"}],"collection":[{"href":"https:\/\/www.gomonnewenergy.com\/es\/wp-json\/wp\/v2\/pages"}],"about":[{"href":"https:\/\/www.gomonnewenergy.com\/es\/wp-json\/wp\/v2\/types\/page"}],"author":[{"embeddable":true,"href":"https:\/\/www.gomonnewenergy.com\/es\/wp-json\/wp\/v2\/users\/1"}],"replies":[{"embeddable":true,"href":"https:\/\/www.gomonnewenergy.com\/es\/wp-json\/wp\/v2\/comments?post=5026"}],"version-history":[{"count":0,"href":"https:\/\/www.gomonnewenergy.com\/es\/wp-json\/wp\/v2\/pages\/5026\/revisions"}],"wp:attachment":[{"href":"https:\/\/www.gomonnewenergy.com\/es\/wp-json\/wp\/v2\/media?parent=5026"}],"curies":[{"name":"wp","href":"https:\/\/api.w.org\/{rel}","templated":true}]}}