{"id":5015,"date":"2021-04-05T08:47:53","date_gmt":"2021-04-05T08:47:53","guid":{"rendered":"http:\/\/www.gomonnewenergy.com\/?page_id=5015"},"modified":"2023-02-06T05:11:54","modified_gmt":"2023-02-06T05:11:54","slug":"demo-center","status":"publish","type":"page","link":"https:\/\/www.gomonnewenergy.com\/es\/centro-de-demostracion","title":{"rendered":"Centro de demostraci\u00f3n"},"content":{"rendered":"<div class=\"gb-container gb-container-11f6bbd3\"><div class=\"gb-inside-container\">\n\n<p>Nuestro Demo Center muestra todos los productos de GOMON que abarca dep\u00f3sitos de agua esmaltados, calentadores de agua solares, calentadores de agua con bomba de calor, calentadores de agua el\u00e9ctricos, productos de cocina y ba\u00f1o.<\/p>\n\n\n\n<p>\u00a1Disfrute de una nueva vida con GOMON!<\/p>\n\n<\/div><\/div>\n\n<div class=\"gb-container gb-container-810b7e51\"><div class=\"gb-inside-container\">\n<div class=\"gb-grid-wrapper gb-grid-wrapper-cfb43b9d\">\n<div class=\"gb-grid-column gb-grid-column-2edd1751\"><div class=\"gb-container gb-container-2edd1751\"><div class=\"gb-inside-container\">\n\n<figure class=\"wp-block-image size-large\"><img loading=\"lazy\" width=\"768\" height=\"508\" src=\"http:\/\/www.gomonnewenergy.com\/wp-content\/uploads\/2021\/04\/Demo-Center-1-768x508-1.jpg\" alt=\"\" class=\"wp-image-5016\" srcset=\"https:\/\/www.gomonnewenergy.com\/wp-content\/uploads\/2021\/04\/Demo-Center-1-768x508-1.jpg 768w, https:\/\/www.gomonnewenergy.com\/wp-content\/uploads\/2021\/04\/Demo-Center-1-768x508-1-300x198.jpg 300w\" sizes=\"(max-width: 768px) 100vw, 768px\" \/><\/figure>\n\n<\/div><\/div><\/div>\n\n<div class=\"gb-grid-column gb-grid-column-e33462bb\"><div class=\"gb-container gb-container-e33462bb\"><div class=\"gb-inside-container\">\n\n<figure class=\"wp-block-image size-large\"><img loading=\"lazy\" width=\"768\" height=\"508\" src=\"http:\/\/www.gomonnewenergy.com\/wp-content\/uploads\/2021\/04\/Demo-Center-2-768x508-1.jpg\" alt=\"\" class=\"wp-image-5017\" srcset=\"https:\/\/www.gomonnewenergy.com\/wp-content\/uploads\/2021\/04\/Demo-Center-2-768x508-1.jpg 768w, https:\/\/www.gomonnewenergy.com\/wp-content\/uploads\/2021\/04\/Demo-Center-2-768x508-1-300x198.jpg 300w\" sizes=\"(max-width: 768px) 100vw, 768px\" \/><\/figure>\n\n<\/div><\/div><\/div>\n<\/div>\n<\/div><\/div>\n\n<div class=\"gb-container gb-container-2fb5a521\"><div class=\"gb-inside-container\">\n<div class=\"gb-grid-wrapper gb-grid-wrapper-13f832e3\">\n<div class=\"gb-grid-column gb-grid-column-09391ea3\"><div class=\"gb-container gb-container-09391ea3\"><div class=\"gb-inside-container\">\n\n<figure class=\"wp-block-image size-large\"><img loading=\"lazy\" width=\"768\" height=\"508\" src=\"http:\/\/www.gomonnewenergy.com\/wp-content\/uploads\/2021\/04\/Demo-Center-3-768x508-1.jpg\" alt=\"\" class=\"wp-image-5018\" srcset=\"https:\/\/www.gomonnewenergy.com\/wp-content\/uploads\/2021\/04\/Demo-Center-3-768x508-1.jpg 768w, https:\/\/www.gomonnewenergy.com\/wp-content\/uploads\/2021\/04\/Demo-Center-3-768x508-1-300x198.jpg 300w\" sizes=\"(max-width: 768px) 100vw, 768px\" \/><\/figure>\n\n<\/div><\/div><\/div>\n\n<div class=\"gb-grid-column gb-grid-column-87c9362d\"><div class=\"gb-container gb-container-87c9362d\"><div class=\"gb-inside-container\">\n\n<figure class=\"wp-block-image size-large\"><img loading=\"lazy\" width=\"768\" height=\"508\" src=\"http:\/\/www.gomonnewenergy.com\/wp-content\/uploads\/2021\/04\/Demo-Center-4-768x508-1.jpg\" alt=\"\" class=\"wp-image-5019\" srcset=\"https:\/\/www.gomonnewenergy.com\/wp-content\/uploads\/2021\/04\/Demo-Center-4-768x508-1.jpg 768w, https:\/\/www.gomonnewenergy.com\/wp-content\/uploads\/2021\/04\/Demo-Center-4-768x508-1-300x198.jpg 300w\" sizes=\"(max-width: 768px) 100vw, 768px\" \/><\/figure>\n\n<\/div><\/div><\/div>\n<\/div>\n<\/div><\/div>\n\n<div class=\"gb-container gb-container-b00ebb7a\"><div class=\"gb-inside-container\">\n<div class=\"gb-grid-wrapper gb-grid-wrapper-864d793b\">\n<div class=\"gb-grid-column gb-grid-column-b090f417\"><div class=\"gb-container gb-container-b090f417\"><div class=\"gb-inside-container\">\n\n<figure class=\"wp-block-image size-large\"><img loading=\"lazy\" width=\"768\" height=\"508\" src=\"http:\/\/www.gomonnewenergy.com\/wp-content\/uploads\/2021\/04\/Demo-Center-5-768x508-1.jpg\" alt=\"\" class=\"wp-image-5020\" srcset=\"https:\/\/www.gomonnewenergy.com\/wp-content\/uploads\/2021\/04\/Demo-Center-5-768x508-1.jpg 768w, https:\/\/www.gomonnewenergy.com\/wp-content\/uploads\/2021\/04\/Demo-Center-5-768x508-1-300x198.jpg 300w\" sizes=\"(max-width: 768px) 100vw, 768px\" \/><\/figure>\n\n<\/div><\/div><\/div>\n\n<div class=\"gb-grid-column gb-grid-column-c7e0b7e2\"><div class=\"gb-container gb-container-c7e0b7e2\"><div class=\"gb-inside-container\">\n\n<figure class=\"wp-block-image size-large\"><img loading=\"lazy\" width=\"768\" height=\"508\" src=\"http:\/\/www.gomonnewenergy.com\/wp-content\/uploads\/2021\/04\/Demo-Center-6-768x508-1.jpg\" alt=\"\" class=\"wp-image-5021\" srcset=\"https:\/\/www.gomonnewenergy.com\/wp-content\/uploads\/2021\/04\/Demo-Center-6-768x508-1.jpg 768w, https:\/\/www.gomonnewenergy.com\/wp-content\/uploads\/2021\/04\/Demo-Center-6-768x508-1-300x198.jpg 300w\" sizes=\"(max-width: 768px) 100vw, 768px\" \/><\/figure>\n\n<\/div><\/div><\/div>\n<\/div>\n<\/div><\/div>\n\n<div class=\"gb-container gb-container-999221ef\"><div class=\"gb-inside-container\">\n<div class=\"gb-grid-wrapper gb-grid-wrapper-bb53f9b2\">\n<div class=\"gb-grid-column gb-grid-column-5034e3a0\"><div class=\"gb-container gb-container-5034e3a0\"><div class=\"gb-inside-container\">\n\n<figure class=\"wp-block-image size-large\"><img loading=\"lazy\" width=\"768\" height=\"508\" src=\"http:\/\/www.gomonnewenergy.com\/wp-content\/uploads\/2021\/04\/Demo-Center-7-768x508-1.jpg\" alt=\"\" class=\"wp-image-5022\" srcset=\"https:\/\/www.gomonnewenergy.com\/wp-content\/uploads\/2021\/04\/Demo-Center-7-768x508-1.jpg 768w, https:\/\/www.gomonnewenergy.com\/wp-content\/uploads\/2021\/04\/Demo-Center-7-768x508-1-300x198.jpg 300w\" sizes=\"(max-width: 768px) 100vw, 768px\" \/><\/figure>\n\n<\/div><\/div><\/div>\n\n<div class=\"gb-grid-column gb-grid-column-0a551195\"><div class=\"gb-container gb-container-0a551195\"><div class=\"gb-inside-container\">\n\n<figure class=\"wp-block-image size-large\"><img loading=\"lazy\" width=\"768\" height=\"508\" src=\"http:\/\/www.gomonnewenergy.com\/wp-content\/uploads\/2021\/04\/Demo-Center-8-768x508-1.jpg\" alt=\"\" class=\"wp-image-5023\" srcset=\"https:\/\/www.gomonnewenergy.com\/wp-content\/uploads\/2021\/04\/Demo-Center-8-768x508-1.jpg 768w, https:\/\/www.gomonnewenergy.com\/wp-content\/uploads\/2021\/04\/Demo-Center-8-768x508-1-300x198.jpg 300w\" sizes=\"(max-width: 768px) 100vw, 768px\" \/><\/figure>\n\n<\/div><\/div><\/div>\n<\/div>\n<\/div><\/div>","protected":false},"excerpt":{"rendered":"<p>Nuestro Demo Center muestra todos los productos de GOMON que abarca dep\u00f3sitos de agua esmaltados, calentadores de agua solares, calentadores de agua con bomba de calor, calentadores de agua el\u00e9ctricos, productos de cocina y ba\u00f1o. \u00a1Disfrute de una nueva vida con GOMON!<\/p>","protected":false},"author":1,"featured_media":0,"parent":0,"menu_order":0,"comment_status":"closed","ping_status":"closed","template":"","meta":{"_generate-full-width-content":""},"aioseo_notices":[],"featured_image_urls":{"full":"","thumbnail":"","medium":"","medium_large":"","large":"","1536x1536":"","2048x2048":"","trp-custom-language-flag":""},"post_excerpt_stackable":"<p>Our Demo Center shows all products of GOMON which covers enamelled water tanks, solar water heaters, heat pump water heaters, electric water heaters, kitchen &amp; bathroom products. Enjoy new life with GOMON!<\/p>\n","category_list":"","author_info":{"name":"\u521888","url":"https:\/\/www.gomonnewenergy.com\/es\/author\/liu88"},"comments_num":"0 comentarios","_links":{"self":[{"href":"https:\/\/www.gomonnewenergy.com\/es\/wp-json\/wp\/v2\/pages\/5015"}],"collection":[{"href":"https:\/\/www.gomonnewenergy.com\/es\/wp-json\/wp\/v2\/pages"}],"about":[{"href":"https:\/\/www.gomonnewenergy.com\/es\/wp-json\/wp\/v2\/types\/page"}],"author":[{"embeddable":true,"href":"https:\/\/www.gomonnewenergy.com\/es\/wp-json\/wp\/v2\/users\/1"}],"replies":[{"embeddable":true,"href":"https:\/\/www.gomonnewenergy.com\/es\/wp-json\/wp\/v2\/comments?post=5015"}],"version-history":[{"count":0,"href":"https:\/\/www.gomonnewenergy.com\/es\/wp-json\/wp\/v2\/pages\/5015\/revisions"}],"wp:attachment":[{"href":"https:\/\/www.gomonnewenergy.com\/es\/wp-json\/wp\/v2\/media?parent=5015"}],"curies":[{"name":"wp","href":"https:\/\/api.w.org\/{rel}","templated":true}]}}