{"id":3574,"date":"2020-10-26T20:05:37","date_gmt":"2020-10-26T20:05:37","guid":{"rendered":"https:\/\/gpsites.co\/health\/?page_id=3574"},"modified":"2025-02-21T11:15:26","modified_gmt":"2025-02-21T11:15:26","slug":"electric-water-heater","status":"publish","type":"page","link":"https:\/\/www.gomonnewenergy.com\/es\/calentador-de-agua-electrico","title":{"rendered":"Calentador de agua el\u00e9ctrico"},"content":{"rendered":"<div class=\"gb-container gb-container-b5a44117\"><div class=\"gb-inside-container\">\n<div class=\"gb-grid-wrapper gb-grid-wrapper-12e6f479\">\n<div class=\"gb-grid-column gb-grid-column-a65911fa\"><div class=\"gb-container gb-container-a65911fa\"><div class=\"gb-inside-container\">\n\n<figure class=\"wp-block-image size-large is-resized\"><a href=\"https:\/\/www.gomonnewenergy.com\/es\/residential-electric-water-heater.html\/\"><img loading=\"lazy\" src=\"http:\/\/www.gomonnewenergy.com\/wp-content\/uploads\/2021\/04\/Residential-Electric-Water-Heater-768x768-1-300x300.jpg\" alt=\"\" width=\"225\" height=\"225\"\/><\/a><\/figure>\n\n\n\n<h4 class=\"has-small-font-size\"><a href=\"https:\/\/www.gomonnewenergy.com\/es\/residential-electric-water-heater.html\/\">Calentador de agua el\u00e9ctrico residencial<\/a><\/h4>\n\n<\/div><\/div><\/div>\n\n<div class=\"gb-grid-column gb-grid-column-8bc531db\"><div class=\"gb-container gb-container-8bc531db\"><div class=\"gb-inside-container\">\n\n<figure class=\"wp-block-image size-large is-resized\"><a href=\"https:\/\/www.gomonnewenergy.com\/es\/commercial-electric-water-heater.html\/\"><img loading=\"lazy\" src=\"http:\/\/www.gomonnewenergy.com\/wp-content\/uploads\/2021\/04\/Commercial-Electric-Water-Heater-768x768-2-300x300.jpg\" alt=\"\" width=\"232\" height=\"232\"\/><\/a><\/figure>\n\n\n\n<h4 class=\"has-small-font-size\"><a href=\"https:\/\/www.gomonnewenergy.com\/es\/commercial-electric-water-heater.html\/\">Calentador de agua el\u00e9ctrico comercial<\/a><\/h4>\n\n<\/div><\/div><\/div>\n\n<div class=\"gb-grid-column gb-grid-column-90ec0c8f\"><div class=\"gb-container gb-container-90ec0c8f\"><div class=\"gb-inside-container\">\n<style id=\"kb-image_046be3-9e\">.kb-image_046be3-9e.kb-image-is-ratio-size, .kb-image_046be3-9e .kb-image-is-ratio-size{max-width:179px;width:100%;}.kb-image_046be3-9e{max-width:179px;}.image-is-svg.kb-image_046be3-9e img{width:100%;}<\/style>\n<figure class=\"wp-block-kadence-image kb-image_046be3-9e size-full\"><a href=\"https:\/\/www.gomonnewenergy.com\/es\/commercial-electric-water-heaters.html\/\" class=\"kb-advanced-image-link\"><img loading=\"lazy\" width=\"260\" height=\"300\" src=\"https:\/\/www.gomonnewenergy.com\/wp-content\/uploads\/2025\/02\/dual-coil-tank01-260x300-1.jpg\" alt=\"\" class=\"kb-img wp-image-8417\" srcset=\"https:\/\/www.gomonnewenergy.com\/wp-content\/uploads\/2025\/02\/dual-coil-tank01-260x300-1.jpg 260w, https:\/\/www.gomonnewenergy.com\/wp-content\/uploads\/2025\/02\/dual-coil-tank01-260x300-1-10x12.jpg 10w\" sizes=\"(max-width: 260px) 100vw, 260px\" \/><\/a><figcaption><a href=\"https:\/\/www.gomonnewenergy.com\/es\/commercial-electric-water-heaters.html\/\">Calentador de agua el\u00e9ctrico comercial<br><\/a><\/figcaption><\/figure>\n\n<\/div><\/div><\/div>\n\n<div class=\"gb-grid-column gb-grid-column-8deb33a4\"><div class=\"gb-container gb-container-8deb33a4\"><div class=\"gb-inside-container\">\n<style id=\"kb-image_491bcc-c4\">.kb-image_491bcc-c4.kb-image-is-ratio-size, .kb-image_491bcc-c4 .kb-image-is-ratio-size{max-width:208px;width:100%;}.kb-image_491bcc-c4{max-width:208px;}.image-is-svg.kb-image_491bcc-c4 img{width:100%;}<\/style>\n<figure class=\"wp-block-kadence-image kb-image_491bcc-c4 size-full\"><a href=\"https:\/\/www.gomonnewenergy.com\/es\/domestic-electric-water-heater.html\/\" class=\"kb-advanced-image-link\"><img loading=\"lazy\" width=\"478\" height=\"480\" src=\"https:\/\/www.gomonnewenergy.com\/wp-content\/uploads\/2025\/02\/domestic-hot-water-series-02.jpg\" alt=\"\" class=\"kb-img wp-image-8456\" srcset=\"https:\/\/www.gomonnewenergy.com\/wp-content\/uploads\/2025\/02\/domestic-hot-water-series-02.jpg 478w, https:\/\/www.gomonnewenergy.com\/wp-content\/uploads\/2025\/02\/domestic-hot-water-series-02-300x300.jpg 300w, https:\/\/www.gomonnewenergy.com\/wp-content\/uploads\/2025\/02\/domestic-hot-water-series-02-150x150.jpg 150w, https:\/\/www.gomonnewenergy.com\/wp-content\/uploads\/2025\/02\/domestic-hot-water-series-02-12x12.jpg 12w\" sizes=\"(max-width: 478px) 100vw, 478px\" \/><\/a><figcaption><a href=\"https:\/\/www.gomonnewenergy.com\/es\/domestic-electric-water-heater.html\/\">Calentador de agua el\u00e9ctrico dom\u00e9stico<br><\/a><\/figcaption><\/figure>\n\n<\/div><\/div><\/div>\n<\/div>\n\n<div class=\"gb-grid-wrapper gb-grid-wrapper-66ae9bc3\">\n<div class=\"gb-grid-column gb-grid-column-e08776f9\"><div class=\"gb-container gb-container-e08776f9\"><div class=\"gb-inside-container\">\n\n<figure class=\"wp-block-kadence-image kb-image_fa2370-36 size-full\"><a href=\"https:\/\/www.gomonnewenergy.com\/es\/electric-space-heating-system.html\/\" class=\"kb-advanced-image-link\"><img loading=\"lazy\" width=\"480\" height=\"480\" src=\"https:\/\/www.gomonnewenergy.com\/wp-content\/uploads\/2025\/02\/commercial-room-heating-series-02.jpg\" alt=\"\" class=\"kb-img wp-image-8462\" srcset=\"https:\/\/www.gomonnewenergy.com\/wp-content\/uploads\/2025\/02\/commercial-room-heating-series-02.jpg 480w, https:\/\/www.gomonnewenergy.com\/wp-content\/uploads\/2025\/02\/commercial-room-heating-series-02-300x300.jpg 300w, https:\/\/www.gomonnewenergy.com\/wp-content\/uploads\/2025\/02\/commercial-room-heating-series-02-150x150.jpg 150w, https:\/\/www.gomonnewenergy.com\/wp-content\/uploads\/2025\/02\/commercial-room-heating-series-02-12x12.jpg 12w\" sizes=\"(max-width: 480px) 100vw, 480px\" \/><\/a><figcaption><a href=\"https:\/\/www.gomonnewenergy.com\/es\/electric-space-heating-system.html\/\">Calefacci\u00f3n el\u00e9ctrica<br><\/a><\/figcaption><\/figure>\n\n<\/div><\/div><\/div>\n\n<div class=\"gb-grid-column gb-grid-column-1cd3d5d0\"><div class=\"gb-container gb-container-1cd3d5d0\"><div class=\"gb-inside-container\"><\/div><\/div><\/div>\n\n<div class=\"gb-grid-column gb-grid-column-32374914\"><div class=\"gb-container gb-container-32374914\"><div class=\"gb-inside-container\"><\/div><\/div><\/div>\n\n<div class=\"gb-grid-column gb-grid-column-7ff21b4c\"><div class=\"gb-container gb-container-7ff21b4c\"><div class=\"gb-inside-container\"><\/div><\/div><\/div>\n<\/div>\n<\/div><\/div>\n\n<div class=\"gb-container gb-container-4d77b6d5\"><div class=\"gb-inside-container\">\n\n<p>Calentar agua en casa requiere mucha electricidad. De hecho, aproximadamente el 12% del consumo energ\u00e9tico de una vivienda media se destina a calentar agua. La cantidad de energ\u00eda que consume su calentador de agua no s\u00f3lo depende de la cantidad de agua caliente que utilice, sino tambi\u00e9n del tipo de calentador que instale. Por ello, cuando llegue el momento de instalar un nuevo calentador de agua en su hogar, es importante comparar varias opciones antes de tomar una decisi\u00f3n de compra definitiva.<\/p>\n\n\n\n<p>Como l\u00edder del sector en innovaci\u00f3n de calentadores de agua, los calentadores de agua el\u00e9ctricos de dep\u00f3sito GOMON est\u00e1n fabricados con componentes de calidad comercial para una mayor durabilidad y fiabilidad. Todos nuestros productos residenciales con dep\u00f3sito el\u00e9ctrico se han probado exhaustivamente en nuestros laboratorios para garantizar un rendimiento duradero, lo que le proporciona tranquilidad a usted y a su familia.<\/p>\n\n\n\n<h2>Ventajas de los termos el\u00e9ctricos<\/h2>\n\n\n\n<p>Hay muchas razones por las que los hogares deben considerar la instalaci\u00f3n de calentadores de agua el\u00e9ctricos en lugar de calentadores de agua de gas; aqu\u00ed est\u00e1n algunas de las mayores ventajas que los calentadores de agua el\u00e9ctricos tienen frente a la competencia:<\/p>\n\n\n\n<h3>Menores costes iniciales<\/h3>\n\n\n\n<p>De todas las opciones de calentadores de agua disponibles actualmente en el mercado, es probable que un calentador de agua el\u00e9ctrico sea la opci\u00f3n m\u00e1s asequible en cuanto a precio inicial.<\/p>\n\n\n\n<p>Es importante destacar que el coste depender\u00e1 en gran medida del tama\u00f1o y el tipo de calentador de agua, independientemente del combustible utilizado para alimentarlo. Por ejemplo, los calentadores de agua de dep\u00f3sito tradicionales son menos caros, mientras que los sistemas de agua a demanda sin dep\u00f3sito suelen ser m\u00e1s caros de entrada. En general, la disparidad de precios entre los distintos tipos de calentadores de agua se debe en gran medida al coste de instalaci\u00f3n.<\/p>\n\n\n\n<p>Los calentadores de agua a gas requieren tuber\u00edas adicionales y un nuevo sistema de ventilaci\u00f3n para evacuar los gases de escape procedentes del proceso de combusti\u00f3n. En cambio, los calentadores de agua el\u00e9ctricos no requieren esta infraestructura adicional en el hogar, por lo que el proceso de instalaci\u00f3n es m\u00e1s sencillo y r\u00e1pido. Existe la posibilidad de que su hogar necesite una actualizaci\u00f3n el\u00e9ctrica antes de instalar un calentador de agua el\u00e9ctrico, lo que encarecer\u00eda el proceso de instalaci\u00f3n; sin embargo, dichas actualizaciones son poco comunes cuando se instala un calentador de agua el\u00e9ctrico.<\/p>\n\n\n\n<h3>Eficacia<\/h3>\n\n\n\n<p>La mejor forma de comparar la eficiencia de los distintos calentadores de agua es observar sus respectivos factores energ\u00e9ticos (EF). Este n\u00famero eval\u00faa la eficacia de un calentador de agua para producir agua caliente, midiendo la cantidad de combustible o electricidad necesaria para calentar el agua. Con los n\u00fameros EF en la mano, comparar la eficiencia de cada tipo de calentador de agua es bastante simple: los calentadores de mayor eficiencia tendr\u00e1n n\u00fameros EF m\u00e1s altos.<\/p>\n\n\n\n<p>En la batalla entre calentadores de agua el\u00e9ctricos y de gas, los el\u00e9ctricos ganan desde el punto de vista de la eficiencia. Los calentadores de agua a gas convencionales suelen tener unos valores EF que oscilan entre 0,5 y 0,7, mientras que los calentadores de agua el\u00e9ctricos pueden tener valores EF superiores a 0,9. En general, la mayor parte de la p\u00e9rdida de energ\u00eda de los calentadores de agua a gas se produce durante el proceso de ventilaci\u00f3n, que es inexistente en un calentador de agua el\u00e9ctrico.<\/p>\n\n\n\n<h3>Seguridad<\/h3>\n\n\n\n<p>Tanto los calentadores de agua el\u00e9ctricos como los de gas son soluciones seguras para calentar el agua. Dicho esto, como ocurre con cualquier aparato que funciona con gasolina, los calentadores de agua son susceptibles de sufrir fugas de gas si funcionan con propano o gas natural. Puede paliar estos riesgos realizando un mantenimiento e inspecciones adecuados de su calentador de agua de gas.<\/p>\n\n\n\n<p>Aunque los aparatos el\u00e9ctricos tienen sus propios problemas de seguridad, las probabilidades de sufrir una fuga de gas son mayores que las de sufrir cualquier tipo de problema de seguridad el\u00e9ctrica con un calentador de agua.<\/p>\n\n\n\n<h3>Disponibilidad<\/h3>\n\n\n\n<p>Casi todas las casas est\u00e1n conectadas a la red el\u00e9ctrica y, por tanto, disponen de una fuente de electricidad (salvo cuando la red no funciona). Esto significa que pr\u00e1cticamente cualquier hogar puede utilizar un calentador de agua el\u00e9ctrico.<\/p>\n\n\n\n<p>Por otro lado, si est\u00e1 interesado en instalar un calentador de agua de gas, tendr\u00e1 que asegurarse de que su casa est\u00e1 conectada a una l\u00ednea de gas natural o tiene una fuente de suministro de propano. Si no es as\u00ed, realizar estas mejoras con el fin de instalar un calentador de agua a gas puede resultar costoso.<\/p>\n\n\n<div class=\"gb-grid-wrapper gb-grid-wrapper-6200d919\">\n<div class=\"gb-grid-column gb-grid-column-715ac4f0\"><div class=\"gb-container gb-container-715ac4f0\"><div class=\"gb-inside-container\">\n<div role=\"form\" class=\"wpcf7\" id=\"wpcf7-f4532-o1\" lang=\"zh-CN\" dir=\"ltr\">\n<div class=\"screen-reader-response\"><p role=\"status\" aria-live=\"polite\" aria-atomic=\"true\"><\/p> <ul><\/ul><\/div>\n<form action=\"\/es\/wp-json\/wp\/v2\/pages\/3574#wpcf7-f4532-o1\" method=\"post\" class=\"wpcf7-form init\" novalidate=\"novalidate\" data-status=\"init\" data-trp-original-action=\"\/es\/wp-json\/wp\/v2\/pages\/3574#wpcf7-f4532-o1\">\n<div style=\"display: none;\">\n<input type=\"hidden\" name=\"_wpcf7\" value=\"4532\" \/>\n<input type=\"hidden\" name=\"_wpcf7_version\" value=\"5.6.4\" \/>\n<input type=\"hidden\" name=\"_wpcf7_locale\" value=\"zh_CN\" \/>\n<input type=\"hidden\" name=\"_wpcf7_unit_tag\" value=\"wpcf7-f4532-o1\" \/>\n<input type=\"hidden\" name=\"_wpcf7_container_post\" value=\"0\" \/>\n<input type=\"hidden\" name=\"_wpcf7_posted_data_hash\" value=\"\" \/>\n<\/div>\n<div class=\"hunkcf71\">\n<p class=\"cf7-title\" style=\"font-size:25px;\"><i class=\"fa fa-envelope-o\"><\/i> Formulario de consulta\n<\/p>\n<p><span class=\"wpcf7-form-control-wrap\" data-name=\"your-name\"><input type=\"text\" name=\"your-name\" value=\"\" size=\"40\" class=\"wpcf7-form-control wpcf7-text wpcf7-validates-as-required\" aria-required=\"true\" aria-invalid=\"false\" placeholder=\"Su nombre*\" \/><\/span><\/p>\n<p><span class=\"wpcf7-form-control-wrap\" data-name=\"your-email\"><input type=\"email\" name=\"your-email\" value=\"\" size=\"40\" class=\"wpcf7-form-control wpcf7-text wpcf7-email wpcf7-validates-as-required wpcf7-validates-as-email\" aria-required=\"true\" aria-invalid=\"false\" placeholder=\"Direcci\u00f3n de correo electr\u00f3nico\" \/><\/span><\/p>\n<p><span class=\"wpcf7-form-control-wrap\" data-name=\"your-subject\"><input type=\"text\" name=\"your-subject\" value=\"\" size=\"40\" class=\"wpcf7-form-control wpcf7-text wpcf7-validates-as-required\" aria-required=\"true\" aria-invalid=\"false\" placeholder=\"Su pa\u00eds\" \/><\/span><\/p>\n<p><span class=\"wpcf7-form-control-wrap\" data-name=\"your-message\"><textarea name=\"your-message\" cols=\"40\" rows=\"10\" class=\"wpcf7-form-control wpcf7-textarea wpcf7-validates-as-required\" aria-required=\"true\" aria-invalid=\"false\" placeholder=\"Para obtener los mejores presupuestos, le recomendamos que incluya los siguientes datos: -Presentaci\u00f3n -Qu\u00e9 est\u00e1 buscando -Especificaciones requeridas -Pregunte por el precio\/MOQ\"><\/textarea><\/span><\/p>\n<p><input type=\"submit\" value=\"enviar\" class=\"wpcf7-form-control has-spinner wpcf7-submit\" \/><\/p>\n<\/div>\n<div class=\"wpcf7-response-output\" aria-hidden=\"true\"><\/div><input type=\"hidden\" name=\"trp-form-language\" value=\"es\"\/><\/form><\/div>\n\n<\/div><\/div><\/div>\n\n<div class=\"gb-grid-column gb-grid-column-5d72775c\"><div class=\"gb-container gb-container-5d72775c\"><div class=\"gb-inside-container\"><\/div><\/div><\/div>\n\n<div class=\"gb-grid-column gb-grid-column-d052de79\"><div class=\"gb-container gb-container-d052de79\"><div class=\"gb-inside-container\"><\/div><\/div><\/div>\n<\/div>\n<\/div><\/div>\n\n\n<p><\/p>","protected":false},"excerpt":{"rendered":"","protected":false},"author":1,"featured_media":0,"parent":0,"menu_order":0,"comment_status":"closed","ping_status":"closed","template":"","meta":{"_generate-full-width-content":"true"},"aioseo_notices":[],"featured_image_urls":{"full":"","thumbnail":"","medium":"","medium_large":"","large":"","1536x1536":"","2048x2048":"","trp-custom-language-flag":""},"post_excerpt_stackable":"<p>Residential Electric Water Heater Commercial Electric Water Heater Commercial Electric Water Heater Domestic Electric Water Heater Electric Space Heating System Heating water in your house requires a lot of electricity. In fact, roughly 12 percent of an average home\u2019s energy consumption is spent heating water. How much energy your own water heater consumes depends not only on how much hot water you use but also on the type of water heater you install. As such, when it\u2019s time to install a new water heater in your home, it\u2019s important to compare multiple options before making a final purchasing decision. An&hellip;<\/p>\n","category_list":"","author_info":{"name":"\u521888","url":"https:\/\/www.gomonnewenergy.com\/es\/author\/liu88"},"comments_num":"0 comentarios","_links":{"self":[{"href":"https:\/\/www.gomonnewenergy.com\/es\/wp-json\/wp\/v2\/pages\/3574"}],"collection":[{"href":"https:\/\/www.gomonnewenergy.com\/es\/wp-json\/wp\/v2\/pages"}],"about":[{"href":"https:\/\/www.gomonnewenergy.com\/es\/wp-json\/wp\/v2\/types\/page"}],"author":[{"embeddable":true,"href":"https:\/\/www.gomonnewenergy.com\/es\/wp-json\/wp\/v2\/users\/1"}],"replies":[{"embeddable":true,"href":"https:\/\/www.gomonnewenergy.com\/es\/wp-json\/wp\/v2\/comments?post=3574"}],"version-history":[{"count":0,"href":"https:\/\/www.gomonnewenergy.com\/es\/wp-json\/wp\/v2\/pages\/3574\/revisions"}],"wp:attachment":[{"href":"https:\/\/www.gomonnewenergy.com\/es\/wp-json\/wp\/v2\/media?parent=3574"}],"curies":[{"name":"wp","href":"https:\/\/api.w.org\/{rel}","templated":true}]}}