{"id":3,"date":"2021-04-03T12:50:13","date_gmt":"2021-04-03T12:50:13","guid":{"rendered":"http:\/\/www.gomonnewenergy.com\/?page_id=3"},"modified":"2023-02-06T05:10:53","modified_gmt":"2023-02-06T05:10:53","slug":"about-us","status":"publish","type":"page","link":"https:\/\/www.gomonnewenergy.com\/es\/acerca-de-nosotros","title":{"rendered":"Qui\u00e9nes somos"},"content":{"rendered":"<div class=\"gb-container gb-container-f86c0fe2\"><div class=\"gb-inside-container\">\n\n<p>Jiangsu Gomon New Energy Co. Ltd es la filial principal del Grupo Gomon. Fundada en 1998, durante m\u00e1s de 20 a\u00f1os no s\u00f3lo hemos perfeccionado nuestra experiencia, procesos y sistemas en la fabricaci\u00f3n de tanques de agua esmaltados a presi\u00f3n, energ\u00eda solar y productos de energ\u00eda del aire adecuados para nuestros clientes en la industria de la nueva energ\u00eda, sino tambi\u00e9n con una idea: crear una buena vida verde con bajas emisiones de carbono para la humanidad.<\/p>\n\n<\/div><\/div>\n\n<div class=\"gb-container gb-container-3a46a0f8\"><div class=\"gb-inside-container\">\n<div class=\"gb-grid-wrapper gb-grid-wrapper-f30cde85\">\n<div class=\"gb-grid-column gb-grid-column-40a1411e\"><div class=\"gb-container gb-container-40a1411e\"><div class=\"gb-inside-container\">\n\n<h2><\/h2>\n\n\n\n<figure class=\"wp-block-embed is-type-video is-provider-youtube wp-block-embed-youtube wp-embed-aspect-16-9 wp-has-aspect-ratio\"><div class=\"wp-block-embed__wrapper\">\n<iframe loading=\"lazy\" title=\"Introducci\u00f3n de Gomon\" width=\"1200\" height=\"675\" src=\"https:\/\/www.youtube.com\/embed\/jG9zcPF-LwY?feature=oembed\" frameborder=\"0\" allow=\"accelerometer; autoplay; clipboard-write; encrypted-media; gyroscope; picture-in-picture\" allowfullscreen><\/iframe>\n<\/div><\/figure>\n\n<\/div><\/div><\/div>\n\n<div class=\"gb-grid-column gb-grid-column-887b2d8a\"><div class=\"gb-container gb-container-887b2d8a\"><div class=\"gb-inside-container\">\n\n<p>Contamos con un laboratorio CNAS y un laboratorio de diferencia de entalp\u00eda de bomba de calor de fuente de aire, junto con una l\u00ednea de producci\u00f3n totalmente autom\u00e1tica y otras instalaciones de \u00faltima generaci\u00f3n para servir mejor a nuestros clientes y sus necesidades.<\/p>\n\n\n\n<p>Cumplimos plenamente las normas del sector, ya que contamos con las certificaciones CE, SOLAR MARK, WATER MARK y ETL, y somos conocidos en todo el mundo por nuestros excepcionales sistemas de gesti\u00f3n de la calidad y nuestra misi\u00f3n de mejora continua en nuestras operaciones de fabricaci\u00f3n. Es este estricto cumplimiento del sistema de control de calidad m\u00e1s exigente lo que se traduce en la satisfacci\u00f3n y confianza de nuestros clientes.<\/p>\n\n<\/div><\/div><\/div>\n<\/div>\n\n\n<p>Ante la creciente competencia mundial y las mayores expectativas de mejora de la calidad, fiabilidad, rendimiento, entrega y reducci\u00f3n de costes, nuestros esfuerzos se centran en la mejora continua y la innovaci\u00f3n. Desde la perspectiva de las necesidades de los clientes, nuestro objetivo es ofrecerles soluciones mejores, m\u00e1s r\u00e1pidas y m\u00e1s baratas.<\/p>\n\n\n\n<p>Esperamos sinceramente su visita, orientaci\u00f3n y negociaci\u00f3n.<\/p>\n\n<\/div><\/div>\n\n<div class=\"gb-container gb-container-86921549\"><div class=\"gb-inside-container\">\n<div class=\"gb-grid-wrapper gb-grid-wrapper-37bdee99\"><\/div>\n\n\n<figure class=\"wp-block-image alignwide size-large\"><img loading=\"lazy\" width=\"1024\" height=\"458\" src=\"http:\/\/www.gomonnewenergy.com\/wp-content\/uploads\/2021\/04\/About-Us-1024x458.jpg\" alt=\"\" class=\"wp-image-4969\" srcset=\"https:\/\/www.gomonnewenergy.com\/wp-content\/uploads\/2021\/04\/About-Us-1024x458.jpg 1024w, https:\/\/www.gomonnewenergy.com\/wp-content\/uploads\/2021\/04\/About-Us-300x134.jpg 300w, https:\/\/www.gomonnewenergy.com\/wp-content\/uploads\/2021\/04\/About-Us-768x344.jpg 768w, https:\/\/www.gomonnewenergy.com\/wp-content\/uploads\/2021\/04\/About-Us.jpg 1200w\" sizes=\"(max-width: 1024px) 100vw, 1024px\" \/><\/figure>\n\n<\/div><\/div>","protected":false},"excerpt":{"rendered":"<p>Jiangsu Gomon New Energy Co. Ltd is the core subsidiary of Gomon Group. Founded in 1998, For over 20 years we not only have honed our expertise, processes, and systems in the manufacturing pressurized enamelled water tanks, solar energy and air energy products suitable for our customers in the new energy industry, but also with &#8230; <a title=\"Qui\u00e9nes somos\" class=\"read-more\" href=\"https:\/\/www.gomonnewenergy.com\/es\/acerca-de-nosotros\" aria-label=\"M\u00e1s en About Us\">Leer m\u00e1s<\/a><\/p>","protected":false},"author":1,"featured_media":0,"parent":0,"menu_order":0,"comment_status":"closed","ping_status":"open","template":"","meta":{"_generate-full-width-content":""},"aioseo_notices":[],"featured_image_urls":{"full":"","thumbnail":"","medium":"","medium_large":"","large":"","1536x1536":"","2048x2048":"","trp-custom-language-flag":""},"post_excerpt_stackable":"<p>Jiangsu Gomon New Energy Co. Ltd is the core subsidiary of Gomon Group. Founded in 1998, For over 20 years we not only have honed our expertise, processes, and systems in the manufacturing pressurized enamelled water tanks, solar energy and air energy products suitable for our customers in the new energy industry, but also with an idea\u2014To create a low-carbon green good life for mankind. We own CNAS Laboratory and Air source heat pump enthalpy difference Laboratory ,together with fully automatic production line and other more state-of-the-art facilities to better serve our customers and their needs. We are fully compliant&hellip;<\/p>\n","category_list":"","author_info":{"name":"\u521888","url":"https:\/\/www.gomonnewenergy.com\/es\/author\/liu88"},"comments_num":"0 comentarios","_links":{"self":[{"href":"https:\/\/www.gomonnewenergy.com\/es\/wp-json\/wp\/v2\/pages\/3"}],"collection":[{"href":"https:\/\/www.gomonnewenergy.com\/es\/wp-json\/wp\/v2\/pages"}],"about":[{"href":"https:\/\/www.gomonnewenergy.com\/es\/wp-json\/wp\/v2\/types\/page"}],"author":[{"embeddable":true,"href":"https:\/\/www.gomonnewenergy.com\/es\/wp-json\/wp\/v2\/users\/1"}],"replies":[{"embeddable":true,"href":"https:\/\/www.gomonnewenergy.com\/es\/wp-json\/wp\/v2\/comments?post=3"}],"version-history":[{"count":0,"href":"https:\/\/www.gomonnewenergy.com\/es\/wp-json\/wp\/v2\/pages\/3\/revisions"}],"wp:attachment":[{"href":"https:\/\/www.gomonnewenergy.com\/es\/wp-json\/wp\/v2\/media?parent=3"}],"curies":[{"name":"wp","href":"https:\/\/api.w.org\/{rel}","templated":true}]}}