{"id":2,"date":"2021-04-03T12:50:13","date_gmt":"2021-04-03T12:50:13","guid":{"rendered":"http:\/\/www.gomonnewenergy.com\/?page_id=2"},"modified":"2024-12-05T13:17:16","modified_gmt":"2024-12-05T13:17:16","slug":"heat-pump-water-heater","status":"publish","type":"page","link":"https:\/\/www.gomonnewenergy.com\/es\/calentador-de-agua-con-bomba-de-calor","title":{"rendered":"Calentador de agua con bomba de calor"},"content":{"rendered":"<div class=\"gb-container gb-container-a6134bd1\"><div class=\"gb-inside-container\">\n<div class=\"gb-grid-wrapper gb-grid-wrapper-3660c808\">\n<div class=\"gb-grid-column gb-grid-column-ee52e0a5\"><div class=\"gb-container gb-container-ee52e0a5\"><div class=\"gb-inside-container\">\n\n<figure class=\"wp-block-image size-full\"><a href=\"https:\/\/www.gomonnewenergy.com\/es\/krs35a-vd-series-all-in-one-heat-pump-water-heater-ce-certified.html\/\"><img loading=\"lazy\" width=\"768\" height=\"768\" src=\"https:\/\/www.gomonnewenergy.com\/wp-content\/uploads\/2024\/08\/KRS38A-Series-All-In-One-Heat-Pump-Water-Heater-768x768-1.jpg\" alt=\"\" class=\"wp-image-8058\" srcset=\"https:\/\/www.gomonnewenergy.com\/wp-content\/uploads\/2024\/08\/KRS38A-Series-All-In-One-Heat-Pump-Water-Heater-768x768-1.jpg 768w, https:\/\/www.gomonnewenergy.com\/wp-content\/uploads\/2024\/08\/KRS38A-Series-All-In-One-Heat-Pump-Water-Heater-768x768-1-300x300.jpg 300w, https:\/\/www.gomonnewenergy.com\/wp-content\/uploads\/2024\/08\/KRS38A-Series-All-In-One-Heat-Pump-Water-Heater-768x768-1-150x150.jpg 150w, https:\/\/www.gomonnewenergy.com\/wp-content\/uploads\/2024\/08\/KRS38A-Series-All-In-One-Heat-Pump-Water-Heater-768x768-1-12x12.jpg 12w\" sizes=\"(max-width: 768px) 100vw, 768px\" \/><\/a><\/figure>\n\n\n\n<p><a previewlistener=\"true\" href=\"https:\/\/www.gomonnewenergy.com\/es\/krs35a-vd-series-all-in-one-heat-pump-water-heater-ce-certified.html\/\">Bomba de calor todo en uno serie KRS35A-VD (Certificado CE)<\/a><\/p>\n\n\n\n<figure class=\"wp-block-image size-large\"><a href=\"https:\/\/www.gomonnewenergy.com\/es\/krs118b-series-all-in-one-heat-pump-water-heater.html\/\"><img src=\"http:\/\/www.gomonnewenergy.com\/wp-content\/uploads\/2021\/04\/KRS118B-Series-All-In-One-Heat-Pump-Water-Heater-768x768-1.jpg\" alt=\"\"\/><\/a><\/figure>\n\n\n\n<h4><a href=\"https:\/\/www.gomonnewenergy.com\/es\/krs118b-series-all-in-one-heat-pump-water-heater.html\/\">Calentador de agua con bomba de calor todo en uno serie KRS118B<\/a><\/h4>\n\n<\/div><\/div><\/div>\n\n<div class=\"gb-grid-column gb-grid-column-0a0c60d0\"><div class=\"gb-container gb-container-0a0c60d0\"><div class=\"gb-inside-container\">\n\n<figure class=\"wp-block-image size-large\"><a href=\"https:\/\/www.gomonnewenergy.com\/es\/krs38a-series-all-in-one-heat-pump-water-heater.html\/\"><img src=\"http:\/\/www.gomonnewenergy.com\/wp-content\/uploads\/2021\/04\/KRS38A-Series-All-In-One-Heat-Pump-Water-Heater-768x768-1.jpg\" alt=\"\"\/><\/a><\/figure>\n\n\n\n<h4><a href=\"https:\/\/www.gomonnewenergy.com\/es\/krs38a-series-all-in-one-heat-pump-water-heater.html\/\">Calentador de agua con bomba de calor todo en uno serie KRS38A<\/a><\/h4>\n\n\n\n<figure class=\"wp-block-image size-large is-resized\"><a href=\"https:\/\/www.gomonnewenergy.com\/es\/krs16e-series-wall-mounted-heat-pump-water-heater.html\/\"><img loading=\"lazy\" src=\"http:\/\/www.gomonnewenergy.com\/wp-content\/uploads\/2021\/05\/%E6%9C%AA%E6%A0%87%E9%A2%98-1-1-768x768.jpg\" alt=\"\" width=\"235\" height=\"235\"\/><\/a><\/figure>\n\n\n\n<h2 class=\"gb-headline gb-headline-d0457a0c gb-headline-text\"><\/h2>\n\n\n\n<p class=\"has-text-align-left\"><a href=\"https:\/\/www.gomonnewenergy.com\/es\/krs16e-series-wall-mounted-heat-pump-water-heater.html\/\" target=\"_blank\" rel=\"noreferrer noopener\">Calentador de agua mural con bomba de calor serie KRS16E<\/a><\/p>\n\n<\/div><\/div><\/div>\n\n<div class=\"gb-grid-column gb-grid-column-50742dc0\"><div class=\"gb-container gb-container-50742dc0\"><div class=\"gb-inside-container\">\n\n<figure class=\"wp-block-image size-large\"><a href=\"https:\/\/www.gomonnewenergy.com\/es\/krs35a-series-all-in-one-heat-pump-water-heater.html\/\"><img src=\"http:\/\/www.gomonnewenergy.com\/wp-content\/uploads\/2021\/05\/01-768x768.jpg\" alt=\"\"\/><\/a><\/figure>\n\n\n\n<p><a href=\"https:\/\/www.gomonnewenergy.com\/es\/krs35a-series-all-in-one-heat-pump-water-heater.html\/\" target=\"_blank\" rel=\"noreferrer noopener\">Calentador de agua con bomba de calor todo en uno serie KRS35A<\/a><\/p>\n\n\n\n<p><\/p>\n\n\n\n<figure class=\"wp-block-image size-large is-resized\"><a href=\"https:\/\/www.gomonnewenergy.com\/es\/krs60a-300v-series-all-in-one-heat-pump-water-mark.html\/\"><img loading=\"lazy\" src=\"https:\/\/www.gomonnewenergy.com\/wp-content\/uploads\/2024\/12\/\u5fae\u4fe1\u56fe\u7247_20241205203818-1-scaled-e1733404574671-1001x1024.jpg\" alt=\"\" class=\"wp-image-8106\" width=\"221\" height=\"226\" srcset=\"https:\/\/www.gomonnewenergy.com\/wp-content\/uploads\/2024\/12\/\u5fae\u4fe1\u56fe\u7247_20241205203818-1-scaled-e1733404574671-1001x1024.jpg 1001w, https:\/\/www.gomonnewenergy.com\/wp-content\/uploads\/2024\/12\/\u5fae\u4fe1\u56fe\u7247_20241205203818-1-scaled-e1733404574671-293x300.jpg 293w, https:\/\/www.gomonnewenergy.com\/wp-content\/uploads\/2024\/12\/\u5fae\u4fe1\u56fe\u7247_20241205203818-1-scaled-e1733404574671-768x786.jpg 768w, https:\/\/www.gomonnewenergy.com\/wp-content\/uploads\/2024\/12\/\u5fae\u4fe1\u56fe\u7247_20241205203818-1-scaled-e1733404574671-1501x1536.jpg 1501w, https:\/\/www.gomonnewenergy.com\/wp-content\/uploads\/2024\/12\/\u5fae\u4fe1\u56fe\u7247_20241205203818-1-scaled-e1733404574671-12x12.jpg 12w, https:\/\/www.gomonnewenergy.com\/wp-content\/uploads\/2024\/12\/\u5fae\u4fe1\u56fe\u7247_20241205203818-1-scaled-e1733404574671.jpg 1619w\" sizes=\"(max-width: 221px) 100vw, 221px\" \/><\/a><\/figure>\n\n\n\n<h2><\/h2>\n\n\n\n<h4><a href=\"https:\/\/www.gomonnewenergy.com\/es\/krs60a-300v-series-all-in-one-heat-pump-water-mark.html\/\">Marca de agua con bomba de calor todo en uno serie KRS60A-300V<\/a><\/h4>\n\n<\/div><\/div><\/div>\n\n<div class=\"gb-grid-column gb-grid-column-d263c028\"><div class=\"gb-container gb-container-d263c028\"><div class=\"gb-inside-container\">\n\n<figure class=\"wp-block-image size-large\"><a href=\"https:\/\/www.gomonnewenergy.com\/es\/krs75a-series-all-in-one-heat-pump-water-heater.html\/\"><img src=\"http:\/\/www.gomonnewenergy.com\/wp-content\/uploads\/2021\/05\/%E6%9C%AA%E6%A0%87%E9%A2%98-2-768x768.jpg\" alt=\"\"\/><\/a><\/figure>\n\n\n\n<p><a href=\"https:\/\/www.gomonnewenergy.com\/es\/krs75a-series-all-in-one-heat-pump-water-heater.html\/\" target=\"_blank\" rel=\"noreferrer noopener\">Calentador de agua con bomba de calor todo en uno serie KRS75A<\/a><\/p>\n\n<\/div><\/div><\/div>\n<\/div>\n<\/div><\/div>\n\n<div class=\"gb-container gb-container-ff1caef3\"><div class=\"gb-inside-container\">\n\n<p>Por lo general, es m\u00e1s f\u00e1cil mover algo que fabricarlo. Aplicando este principio, los calentadores de agua con bomba de calor utilizan la electricidad para mover el calor de un lugar a otro en lugar de generarlo directamente.<\/p>\n\n\n\n<p>Para entender el concepto de bomba de calor, imagine un frigor\u00edfico funcionando al rev\u00e9s. Mientras que un frigor\u00edfico extrae calor de una caja cerrada y lo expulsa al aire circundante, un calentador de agua con bomba de calor toma el calor del aire circundante y lo transfiere al agua de un dep\u00f3sito cerrado.<\/p>\n\n\n\n<p>Durante los periodos de alta demanda de agua caliente, los calentadores de agua con bomba de calor cambian autom\u00e1ticamente al calor por resistencia el\u00e9ctrica est\u00e1ndar (de ah\u00ed que a menudo se les denomine calentadores de agua \"h\u00edbridos\").<\/p>\n\n\n\n<h2>C\u00f3mo funciona el calentador de agua con bomba de calor<\/h2>\n\n\n\n<p>Los calentadores de agua con bomba de calor utilizan electricidad para mover el calor de un lugar a otro en lugar de generarlo directamente. Por lo tanto, pueden ser de dos a tres veces m\u00e1s eficientes energ\u00e9ticamente que los calentadores de agua por resistencia el\u00e9ctrica convencionales. Para mover el calor, las bombas de calor funcionan como un frigor\u00edfico a la inversa.<\/p>\n\n\n\n<p>Mientras que un frigor\u00edfico extrae calor del interior de una caja y lo vierte en la habitaci\u00f3n circundante, un calentador de agua aut\u00f3nomo con bomba de calor aerot\u00e9rmica extrae calor del aire circundante y lo vierte -a mayor temperatura- en un dep\u00f3sito para calentar agua. Puede adquirir un sistema aut\u00f3nomo de calentamiento de agua con bomba de calor como unidad integrada con un dep\u00f3sito de almacenamiento de agua incorporado y resistencias calefactoras de apoyo. Tambi\u00e9n puede adaptar una bomba de calor a un calentador de agua convencional ya existente.<\/p>\n\n\n\n<p>Los calentadores de agua con bomba de calor deben instalarse en lugares que permanezcan en el intervalo de 40\u00ba-90\u00baF (4,4\u00ba-32,2\u00baC) durante todo el a\u00f1o y que dispongan de al menos 28,3 metros c\u00fabicos (1.000 pies c\u00fabicos) de espacio de aire alrededor del calentador de agua. El aire fr\u00edo de salida puede evacuarse a la habitaci\u00f3n o al exterior. Inst\u00e1lelos en un espacio con exceso de calor, como una sala de calderas. Los calentadores de agua con bomba de calor no funcionar\u00e1n eficazmente en un espacio fr\u00edo. Tienden a enfriar los espacios en los que se encuentran. Tambi\u00e9n puede instalar un sistema de bomba de calor aerot\u00e9rmica que combine calefacci\u00f3n, refrigeraci\u00f3n y calentamiento de agua. Estos sistemas combinados extraen el calor del aire exterior en invierno y del aire interior en verano. Dado que extraen el calor del aire, cualquier sistema de bomba de calor aerot\u00e9rmica es m\u00e1s eficaz en climas c\u00e1lidos.<\/p>\n\n\n\n<p>Los propietarios de viviendas instalan principalmente bombas de calor geot\u00e9rmicas -que extraen el calor del suelo durante el invierno y del aire interior durante el verano- para calentar y refrigerar sus hogares. Para calentar el agua, puede a\u00f1adir un desobrecalentador a un sistema de bomba de calor geot\u00e9rmica. Un desobrecalentador es un peque\u00f1o intercambiador de calor auxiliar que utiliza los gases sobrecalentados del compresor de la bomba de calor para calentar agua. A continuaci\u00f3n, el agua caliente circula por una tuber\u00eda hasta el dep\u00f3sito del calentador de agua de la vivienda.<\/p>\n\n\n\n<p><strong>Te puede gustar<\/strong>: <a href=\"https:\/\/www.gomonnewenergy.com\/es\/integrated-heat-pump-water-heater.html\/\">calentador de agua integrado con bomba de calor<\/a>, <a href=\"https:\/\/www.gomonnewenergy.com\/es\/domestic-hot-heat-pump-water-heater.html\/\">este calentador de agua dom\u00e9stico con bomba de calor<\/a>, <a href=\"https:\/\/www.gomonnewenergy.com\/es\/all-in-one-heat-pump-water-heater.html\/\">calentador de agua con bomba de calor todo en uno<\/a><\/p>\n\n\n\n<p>Los desobrecalentadores tambi\u00e9n est\u00e1n disponibles para calentadores de agua sin dep\u00f3sito o a demanda. En verano, el desobrecalentador utiliza el exceso de calor que de otro modo se expulsar\u00eda al suelo. Por lo tanto, cuando la bomba de calor geot\u00e9rmica funciona con frecuencia durante el verano, puede calentar toda el agua.<\/p>\n\n\n\n<p>Durante el oto\u00f1o, el invierno y la primavera, cuando el desobrecalentador no produce tanto exceso de calor, tendr\u00e1 que depender m\u00e1s de su acumulador o calentador de agua a demanda para calentar el agua. Algunos fabricantes tambi\u00e9n ofrecen sistemas de bomba de calor geot\u00e9rmica de triple funci\u00f3n, que proporcionan calefacci\u00f3n, refrigeraci\u00f3n y agua caliente. Utilizan un intercambiador de calor independiente para satisfacer todas las necesidades de agua caliente del hogar.<\/p>\n\n\n<div class=\"gb-grid-wrapper gb-grid-wrapper-34a89ead\">\n<div class=\"gb-grid-column gb-grid-column-4f6f793a\"><div class=\"gb-container gb-container-4f6f793a\"><div class=\"gb-inside-container\">\n<div role=\"form\" class=\"wpcf7\" id=\"wpcf7-f4532-o1\" lang=\"zh-CN\" dir=\"ltr\">\n<div class=\"screen-reader-response\"><p role=\"status\" aria-live=\"polite\" aria-atomic=\"true\"><\/p> <ul><\/ul><\/div>\n<form action=\"\/es\/wp-json\/wp\/v2\/pages\/2#wpcf7-f4532-o1\" method=\"post\" class=\"wpcf7-form init\" novalidate=\"novalidate\" data-status=\"init\" data-trp-original-action=\"\/es\/wp-json\/wp\/v2\/pages\/2#wpcf7-f4532-o1\">\n<div style=\"display: none;\">\n<input type=\"hidden\" name=\"_wpcf7\" value=\"4532\" \/>\n<input type=\"hidden\" name=\"_wpcf7_version\" value=\"5.6.4\" \/>\n<input type=\"hidden\" name=\"_wpcf7_locale\" value=\"zh_CN\" \/>\n<input type=\"hidden\" name=\"_wpcf7_unit_tag\" value=\"wpcf7-f4532-o1\" \/>\n<input type=\"hidden\" name=\"_wpcf7_container_post\" value=\"0\" \/>\n<input type=\"hidden\" name=\"_wpcf7_posted_data_hash\" value=\"\" \/>\n<\/div>\n<div class=\"hunkcf71\">\n<p class=\"cf7-title\" style=\"font-size:25px;\"><i class=\"fa fa-envelope-o\"><\/i> Formulario de consulta\n<\/p>\n<p><span class=\"wpcf7-form-control-wrap\" data-name=\"your-name\"><input type=\"text\" name=\"your-name\" value=\"\" size=\"40\" class=\"wpcf7-form-control wpcf7-text wpcf7-validates-as-required\" aria-required=\"true\" aria-invalid=\"false\" placeholder=\"Su nombre*\" \/><\/span><\/p>\n<p><span class=\"wpcf7-form-control-wrap\" data-name=\"your-email\"><input type=\"email\" name=\"your-email\" value=\"\" size=\"40\" class=\"wpcf7-form-control wpcf7-text wpcf7-email wpcf7-validates-as-required wpcf7-validates-as-email\" aria-required=\"true\" aria-invalid=\"false\" placeholder=\"Direcci\u00f3n de correo electr\u00f3nico\" \/><\/span><\/p>\n<p><span class=\"wpcf7-form-control-wrap\" data-name=\"your-subject\"><input type=\"text\" name=\"your-subject\" value=\"\" size=\"40\" class=\"wpcf7-form-control wpcf7-text wpcf7-validates-as-required\" aria-required=\"true\" aria-invalid=\"false\" placeholder=\"Su pa\u00eds\" \/><\/span><\/p>\n<p><span class=\"wpcf7-form-control-wrap\" data-name=\"your-message\"><textarea name=\"your-message\" cols=\"40\" rows=\"10\" class=\"wpcf7-form-control wpcf7-textarea wpcf7-validates-as-required\" aria-required=\"true\" aria-invalid=\"false\" placeholder=\"Para obtener los mejores presupuestos, le recomendamos que incluya los siguientes datos: -Presentaci\u00f3n -Qu\u00e9 est\u00e1 buscando -Especificaciones requeridas -Pregunte por el precio\/MOQ\"><\/textarea><\/span><\/p>\n<p><input type=\"submit\" value=\"enviar\" class=\"wpcf7-form-control has-spinner wpcf7-submit\" \/><\/p>\n<\/div>\n<div class=\"wpcf7-response-output\" aria-hidden=\"true\"><\/div><input type=\"hidden\" name=\"trp-form-language\" value=\"es\"\/><\/form><\/div>\n\n<\/div><\/div><\/div>\n\n<div class=\"gb-grid-column gb-grid-column-692e151e\"><div class=\"gb-container gb-container-692e151e\"><div class=\"gb-inside-container\"><\/div><\/div><\/div>\n\n<div class=\"gb-grid-column gb-grid-column-c9a6bbd0\"><div class=\"gb-container gb-container-c9a6bbd0\"><div class=\"gb-inside-container\"><\/div><\/div><\/div>\n<\/div>\n<\/div><\/div>","protected":false},"excerpt":{"rendered":"","protected":false},"author":1,"featured_media":0,"parent":0,"menu_order":0,"comment_status":"closed","ping_status":"open","template":"","meta":{"_generate-full-width-content":""},"aioseo_notices":[],"featured_image_urls":{"full":"","thumbnail":"","medium":"","medium_large":"","large":"","1536x1536":"","2048x2048":"","trp-custom-language-flag":""},"post_excerpt_stackable":"<p>KRS35A-VD Series All In One Heat Pump (CE Certified) KRS118B Series All In One Heat Pump Water Heater KRS38A Series All In One Heat Pump Water Heater KRS16E Series Wall Mounted Heat Pump Water Heater KRS35A Series All In One Heat Pump Water Heater KRS60A-300V Series All In One Heat Pump Water Mark KRS75A Series All In One Heat Pump Water Heater It&#8217;s generally easier to move something than to make something. Putting that principle to use, Heat Pump Water Heaters use electricity to move heat from one place to another instead of generating heat directly. To understand the concept&hellip;<\/p>\n","category_list":"","author_info":{"name":"\u521888","url":"https:\/\/www.gomonnewenergy.com\/es\/author\/liu88"},"comments_num":"0 comentarios","_links":{"self":[{"href":"https:\/\/www.gomonnewenergy.com\/es\/wp-json\/wp\/v2\/pages\/2"}],"collection":[{"href":"https:\/\/www.gomonnewenergy.com\/es\/wp-json\/wp\/v2\/pages"}],"about":[{"href":"https:\/\/www.gomonnewenergy.com\/es\/wp-json\/wp\/v2\/types\/page"}],"author":[{"embeddable":true,"href":"https:\/\/www.gomonnewenergy.com\/es\/wp-json\/wp\/v2\/users\/1"}],"replies":[{"embeddable":true,"href":"https:\/\/www.gomonnewenergy.com\/es\/wp-json\/wp\/v2\/comments?post=2"}],"version-history":[{"count":0,"href":"https:\/\/www.gomonnewenergy.com\/es\/wp-json\/wp\/v2\/pages\/2\/revisions"}],"wp:attachment":[{"href":"https:\/\/www.gomonnewenergy.com\/es\/wp-json\/wp\/v2\/media?parent=2"}],"curies":[{"name":"wp","href":"https:\/\/api.w.org\/{rel}","templated":true}]}}