{"id":3595,"date":"2020-10-26T20:13:41","date_gmt":"2020-10-26T20:13:41","guid":{"rendered":"https:\/\/gpsites.co\/health\/?page_id=3595"},"modified":"2022-10-05T13:56:00","modified_gmt":"2022-10-05T13:56:00","slug":"solar-water-heater","status":"publish","type":"page","link":"https:\/\/www.gomonnewenergy.com\/de\/solar-wassererhitzer","title":{"rendered":"Solarer Warmwasserbereiter"},"content":{"rendered":"<div class=\"wp-block-columns are-vertically-aligned-center\">\n<div class=\"wp-block-column is-vertically-aligned-center\" style=\"flex-basis:100%\"><\/div>\n<\/div>\n\n\n<div class=\"gb-container gb-container-7003298b\"><div class=\"gb-inside-container\">\n\n<div class=\"wp-block-columns\">\n<div class=\"wp-block-column\"><div class=\"gb-grid-wrapper gb-grid-wrapper-009cb668\">\n<div class=\"gb-grid-column gb-grid-column-5625a35a\"><div class=\"gb-container gb-container-5625a35a\"><div class=\"gb-inside-container\">\n\n<figure class=\"wp-block-image size-large\"><a href=\"https:\/\/www.gomonnewenergy.com\/de\/compact-heat-pipe-solar-water-heater.html\/\"><img src=\"http:\/\/www.gomonnewenergy.com\/wp-content\/uploads\/2021\/04\/Compact-Heat-Pipe-Solar-Water-Heater.jpg\" alt=\"\"\/><\/a><\/figure>\n\n\n\n<h4><a href=\"https:\/\/www.gomonnewenergy.com\/de\/compact-heat-pipe-solar-water-heater.html\/\">Kompakt-W\u00e4rmerohr-Solarwarmwasserbereiter<\/a><\/h4>\n\n<\/div><\/div><\/div>\n\n<div class=\"gb-grid-column gb-grid-column-dcd3cbf5\"><div class=\"gb-container gb-container-dcd3cbf5\"><div class=\"gb-inside-container\">\n\n<figure class=\"wp-block-image size-large\"><a href=\"https:\/\/www.gomonnewenergy.com\/de\/open-loop-flat-panel-solar-water-heater.html\/\"><img src=\"http:\/\/www.gomonnewenergy.com\/wp-content\/uploads\/2021\/04\/Open-Loop-Flat-Panel-Solar-Water-Heater-1.jpg\" alt=\"\"\/><\/a><\/figure>\n\n\n\n<h4><a href=\"https:\/\/www.gomonnewenergy.com\/de\/open-loop-flat-panel-solar-water-heater.html\/\">Flachkollektor-Solar-Wassererw\u00e4rmer mit offenem Kreislauf<\/a><\/h4>\n\n<\/div><\/div><\/div>\n\n<div class=\"gb-grid-column gb-grid-column-b2247a0d\"><div class=\"gb-container gb-container-b2247a0d\"><div class=\"gb-inside-container\">\n\n<figure class=\"wp-block-image size-large\"><a href=\"https:\/\/www.gomonnewenergy.com\/de\/closed-loop-flat-panel-solar-water-heater.html\/\"><img src=\"http:\/\/www.gomonnewenergy.com\/wp-content\/uploads\/2021\/04\/Closed-Loop-Flat-Panel-Solar-Water-Heater-2-768x768-1.jpg\" alt=\"\"\/><\/a><\/figure>\n\n\n\n<h4><a href=\"https:\/\/www.gomonnewenergy.com\/de\/closed-loop-flat-panel-solar-water-heater.html\/\">Solar-Wassererw\u00e4rmer mit geschlossenem Kreislauf und Flachbildschirm<\/a><\/h4>\n\n<\/div><\/div><\/div>\n\n<div class=\"gb-grid-column gb-grid-column-b3e6a3b4\"><div class=\"gb-container gb-container-b3e6a3b4\"><div class=\"gb-inside-container\"><\/div><\/div><\/div>\n<\/div><\/div>\n<\/div>\n\n<\/div><\/div>\n\n<div class=\"gb-container gb-container-904034e1\"><div class=\"gb-inside-container\">\n\n<p>Solare Warmwasserbereitung ist die Umwandlung von Sonnenlicht in W\u00e4rme f\u00fcr die Warmwasserbereitung mit Hilfe eines solarthermischen Kollektors. Es gibt eine Vielzahl von Konfigurationen zu unterschiedlichen Kosten, die L\u00f6sungen f\u00fcr verschiedene Klimazonen und Breitengrade bieten. Solare Warmwasserbereiter werden h\u00e4ufig f\u00fcr Wohngeb\u00e4ude und einige industrielle Anwendungen eingesetzt.<\/p>\n\n\n\n<p>Die Installation eines solaren Warmwasserbereiters ist eine beliebte Methode f\u00fcr Hausbesitzer, ihre Stromrechnung zu senken. Diese Systeme nutzen erneuerbare Energien, um den Bedarf an Netzstrom zu reduzieren und gleichzeitig gro\u00dfe Mengen an Warmwasser zu liefern.<\/p>\n\n\n\n<h2>Was ist ein solarer Warmwasserbereiter?<\/h2>\n\n\n\n<p>Im Gegensatz zu herk\u00f6mmlichen Warmwasserbereitern verwenden Solar-Wassererhitzer keine Energie aus dem Stromnetz, um das Wasser zu erhitzen. Stattdessen nutzen diese hocheffizienten Ger\u00e4te spezielle Solarkollektoren auf Ihrem Dach, um Strom von der Sonne zu beziehen. Die gesammelte Sonnenenergie wird dann zur Erw\u00e4rmung des Wassers in Ihrem Haus genutzt.<\/p>\n\n\n\n<p>Solare Warmwasserbereiter sind in der Vergangenheit sehr beliebt gewesen, weil sie Ihre Stromrechnung senken und es Ihnen erm\u00f6glichen, Ihr Wasser mit sauberer Energie zu erw\u00e4rmen. Die Solarkollektoren erw\u00e4rmen das Wasser direkt und liefern keine weitere Solarenergie f\u00fcr Ihr Haus.<\/p>\n\n\n\n<p>In letzter Zeit haben sich die Menschen f\u00fcr elektrische W\u00e4rmepumpen-Wassererhitzer entschieden, die mit Solaranlagen gekoppelt sind. Elektrische W\u00e4rmepumpen nutzen die Energie des Stromnetzes, um Ihr Wasser zu erw\u00e4rmen. Wenn sie jedoch mit einer Solaranlage gekoppelt sind, k\u00f6nnen sie auch mit Solarstrom betrieben werden.<\/p>\n\n\n\n<p>Wenn Sie nicht in der Lage sind, ein komplettes Solarsystem zu installieren, oder wenn Sie ein netzunabh\u00e4ngiges Haus haben, kann ein eigenst\u00e4ndiger Solar-Wassererhitzer eine gute Option sein.<\/p>\n\n\n\n<h2>Wie funktionieren solare Warmwasserbereiter?<\/h2>\n\n\n\n<p>Solare Warmwasserheizungssysteme k\u00f6nnen genug Warmwasser produzieren, um den Gro\u00dfteil des t\u00e4glichen Warmwasserbedarfs zu decken.<\/p>\n\n\n\n<p>Es gibt zwei Haupttypen von Solarwarmwasserbereitern f\u00fcr den privaten und gewerblichen Gebrauch:<\/p>\n\n\n\n<ul><li>Aktive solare Warmwasserbereiter<\/li><li>Passive solare Warmwasserbereiter<\/li><\/ul>\n\n\n\n<p>Jedes dieser Systeme funktioniert anders und besteht aus unterschiedlichen Ger\u00e4ten.<\/p>\n\n\n\n<h3>Aktive solare Warmwasserbereiter<\/h3>\n\n\n\n<p>Aktive Solarwarmwasserbereiter verwenden eine Pumpe, um hei\u00dfes Wasser von den Solarkollektoren oder Absorbern zu Ihrem Haus zu leiten. Sie werden in der Regel in Gebieten mit k\u00e4lterem Klima installiert, da das Wasser in einem Tank gespeichert wird, der im Haus aufbewahrt werden kann, um ein Einfrieren zu verhindern.<\/p>\n\n\n\n<p>Es gibt zwei verschiedene Arten von aktiven Solar-Warmwasserbereitern:<\/p>\n\n\n\n<ul><li>Aktive, direkte Systeme, bei denen das Wasser direkt in Kollektoren erhitzt und dann zu Ihren Wasserh\u00e4hnen und Duschk\u00f6pfen geleitet wird. Die Solarkollektoren bestehen in der Regel aus Metall- oder Glasr\u00f6hren.<\/li><li>Aktive indirekte Systeme, bei denen eine W\u00e4rmetr\u00e4gerfl\u00fcssigkeit, z. B. Propylenglykol, in den Solarkollektoren erhitzt wird und dann die W\u00e4rme \u00fcber einen W\u00e4rmetauscher in einem geschlossenen Kreislauf an die Wasserversorgung weitergibt. Ein gewisser W\u00e4rmeverlust tritt auf, w\u00e4hrend die \u00dcbertragungsfl\u00fcssigkeit im System zirkuliert.<\/li><\/ul>\n\n\n\n<h3>Passive solare Warmwasserbereiter<\/h3>\n\n\n\n<p>Passive solare Warmwasserbereiter verwenden keine Umw\u00e4lzpumpen, um das hei\u00dfe Wasser zu bewegen. Stattdessen nutzen sie die Konvektion als Zirkulationssystem, bei dem hei\u00dferes Wasser an die Oberfl\u00e4che steigt und kaltes Wasser sinkt, um das Wasser zirkulieren zu lassen.<\/p>\n\n\n\n<p>Passive Solarsysteme sind in der Regel billiger als aktive Systeme, da sie keine spezielle Ausr\u00fcstung zum Pumpen des Wassers ben\u00f6tigen.<\/p>\n\n\n\n<p>Es gibt zwei Haupttypen von passiven solaren Warmwasserbereitern:<\/p>\n\n\n\n<ul><li>Solar-Warmwasserbereiter mit integriertem Kollektor sind gro\u00dfe Schwarzwasserspeicher, die in einen isolierten Kasten eingebaut sind, dessen Oberseite das Sonnenlicht durchl\u00e4sst. Das Sonnenlicht erw\u00e4rmt das Wasser direkt in den schwarzen Tanks, das dann in Ihr Sanit\u00e4rsystem flie\u00dft, wenn Sie Warmwasser ben\u00f6tigen.<\/li><li>Passive Thermosyphonsysteme verwenden Flachkollektoren aus Metall, um kleine Wassermengen auf Ihrem Dach zu erhitzen. Wenn Sie Ihre Warmwasserventile \u00f6ffnen, flie\u00dft das hei\u00dfe Wasser im oberen Teil des Kollektors vom Dach zu Ihren Wasserh\u00e4hnen. Diese Systeme sind in der Regel f\u00fcr einen Inhalt von 40 Gallonen Wasser ausgelegt.<\/li><\/ul>\n\n\n\n<p>Viele passive Systeme umfassen eine tanklose Heizung als Reserveenergiequelle, die entweder mit Gas oder elektrisch betrieben werden kann.<\/p>\n\n\n\n<h2>Pufferspeicher und Solarkollektoren<\/h2>\n\n\n\n<p>Die meisten solaren Warmwasserbereiter ben\u00f6tigen einen gut isolierten Speicher. Solarspeicher haben einen zus\u00e4tzlichen Ab- und Zulauf, der mit dem Kollektor verbunden ist. Bei Zwei-Speicher-Systemen w\u00e4rmt der Solar-Wassererw\u00e4rmer das Wasser vor, bevor es in den konventionellen Wassererw\u00e4rmer gelangt. Bei Einspeichersystemen ist der Nacherhitzer mit dem Solarspeicher in einem Tank kombiniert.<\/p>\n\n\n\n<p>F\u00fcr Wohngeb\u00e4ude werden drei Arten von Solarkollektoren verwendet:<\/p>\n\n\n\n<h3>Flachkollektor<\/h3>\n\n\n\n<p>Verglaste Flachkollektoren sind isolierte, wetterfeste Geh\u00e4use, die eine dunkle Absorberplatte unter einer oder mehreren Glas- oder Kunststoffabdeckungen (Polymer) enthalten. Unverglaste Flachkollektoren - in der Regel f\u00fcr die solare Poolbeheizung verwendet - haben eine dunkle Absorberplatte aus Metall oder Polymer ohne Abdeckung oder Geh\u00e4use.<\/p>\n\n\n\n<h3>Integrierte Kollektor-Speichersysteme<\/h3>\n\n\n\n<p>Sie werden auch als ICS- oder Batch-Systeme bezeichnet und bestehen aus einem oder mehreren schwarzen Tanks oder R\u00f6hren in einem isolierten, verglasten Kasten. Das kalte Wasser wird zun\u00e4chst durch den Solarkollektor geleitet, der das Wasser vorw\u00e4rmt. Anschlie\u00dfend wird das Wasser in den konventionellen Warmwasserbereiter geleitet, der eine zuverl\u00e4ssige Warmwasserquelle darstellt. Sie sollten nur in Gegenden mit mildem Frostklima installiert werden, da die Au\u00dfenrohre bei strengem, kaltem Wetter einfrieren k\u00f6nnten.<\/p>\n\n\n\n<h3>Vakuumr\u00f6hren-Sonnenkollektoren<\/h3>\n\n\n\n<p>Sie bestehen aus parallelen Reihen von transparenten Glasr\u00f6hren. Jedes Rohr enth\u00e4lt ein \u00e4u\u00dferes Glasrohr und ein Absorberrohr aus Metall, das an einer Rippe befestigt ist. Die Beschichtung der Rippe absorbiert die Sonnenenergie, hemmt aber den Strahlungsw\u00e4rmeverlust. Diese Kollektoren werden in den USA immer h\u00e4ufiger f\u00fcr kommerzielle Anwendungen eingesetzt.<\/p>\n\n\n\n<p>Solaranlagen zur Warmwasserbereitung ben\u00f6tigen fast immer ein Backup-System f\u00fcr bew\u00f6lkte Tage und Zeiten mit erh\u00f6htem Bedarf. Herk\u00f6mmliche Warmwasserspeicher dienen in der Regel als Reserve und k\u00f6nnen bereits Teil des Solarsystempakets sein. Ein Puffersystem kann auch Teil des Solarkollektors sein, wie z. B. Aufdachtanks mit Thermosyphonsystemen. Da ein Speichersystem mit integriertem Kollektor nicht nur Solarw\u00e4rme, sondern auch bereits Warmwasser speichert, kann es mit einem zapflosen oder bedarfsgesteuerten Warmwasserbereiter als Reserve kombiniert werden.<\/p>\n\n\n\n<h2>Einkaufsf\u00fchrer<\/h2>\n\n\n\n<p>Bei der Wahl eines solaren Warmwasserbereitungssystems f\u00fcr Ihr Haus gibt es einige Punkte, die Sie beachten m\u00fcssen.<\/p>\n\n\n\n<h3>Kapazit\u00e4t des Systems<\/h3>\n\n\n\n<p>Das von Ihnen gew\u00e4hlte System sollte Ihren Bed\u00fcrfnissen entsprechen. Wenn Sie zum Beispiel regelm\u00e4\u00dfig 500 Gallonen Wasser pro Tag ben\u00f6tigen, stellen Sie sicher, dass das System, das Sie w\u00e4hlen, diese Anforderungen und mehr erf\u00fcllen kann.<\/p>\n\n\n\n<h3>Benutzerfreundlichkeit<\/h3>\n\n\n\n<p>Wenn Sie sich f\u00fcr ein System entscheiden, sollten Sie sich vergewissern, dass es einfach einzurichten, zu benutzen und zu warten ist. Auf diese Weise k\u00f6nnen Sie Probleme nach dem Kauf vermeiden.<\/p>\n\n\n\n<h3>Dauerhaftigkeit<\/h3>\n\n\n\n<p>Da solarbetriebene Heizungen im Freien installiert werden, m\u00fcssen sie langlebig und aus hochwertigen Materialien hergestellt sein. Entscheiden Sie sich daher f\u00fcr ein Produkt, das Ihnen den besten Gegenwert f\u00fcr Ihr Geld bietet und gleichzeitig den Launen der Natur standh\u00e4lt.<\/p>\n\n\n<div class=\"gb-grid-wrapper gb-grid-wrapper-befc55a6\">\n<div class=\"gb-grid-column gb-grid-column-904a8fb0\"><div class=\"gb-container gb-container-904a8fb0\"><div class=\"gb-inside-container\">\n<div role=\"form\" class=\"wpcf7\" id=\"wpcf7-f4532-o1\" lang=\"zh-CN\" dir=\"ltr\">\n<div class=\"screen-reader-response\"><p role=\"status\" aria-live=\"polite\" aria-atomic=\"true\"><\/p> <ul><\/ul><\/div>\n<form action=\"\/de\/wp-json\/wp\/v2\/pages\/3595#wpcf7-f4532-o1\" method=\"post\" class=\"wpcf7-form init\" novalidate=\"novalidate\" data-status=\"init\" data-trp-original-action=\"\/de\/wp-json\/wp\/v2\/pages\/3595#wpcf7-f4532-o1\">\n<div style=\"display: none;\">\n<input type=\"hidden\" name=\"_wpcf7\" value=\"4532\" \/>\n<input type=\"hidden\" name=\"_wpcf7_version\" value=\"5.6.4\" \/>\n<input type=\"hidden\" name=\"_wpcf7_locale\" value=\"zh_CN\" \/>\n<input type=\"hidden\" name=\"_wpcf7_unit_tag\" value=\"wpcf7-f4532-o1\" \/>\n<input type=\"hidden\" name=\"_wpcf7_container_post\" value=\"0\" \/>\n<input type=\"hidden\" name=\"_wpcf7_posted_data_hash\" value=\"\" \/>\n<\/div>\n<div class=\"hunkcf71\">\n<p class=\"cf7-title\" style=\"font-size:25px;\"><i class=\"fa fa-envelope-o\"><\/i> Abfrageformular\n<\/p>\n<p><span class=\"wpcf7-form-control-wrap\" data-name=\"your-name\"><input type=\"text\" name=\"your-name\" value=\"\" size=\"40\" class=\"wpcf7-form-control wpcf7-text wpcf7-validates-as-required\" aria-required=\"true\" aria-invalid=\"false\" placeholder=\"Ihr Name*\" \/><\/span><\/p>\n<p><span class=\"wpcf7-form-control-wrap\" data-name=\"your-email\"><input type=\"email\" name=\"your-email\" value=\"\" size=\"40\" class=\"wpcf7-form-control wpcf7-text wpcf7-email wpcf7-validates-as-required wpcf7-validates-as-email\" aria-required=\"true\" aria-invalid=\"false\" placeholder=\"E-Mail Adresse*\" \/><\/span><\/p>\n<p><span class=\"wpcf7-form-control-wrap\" data-name=\"your-subject\"><input type=\"text\" name=\"your-subject\" value=\"\" size=\"40\" class=\"wpcf7-form-control wpcf7-text wpcf7-validates-as-required\" aria-required=\"true\" aria-invalid=\"false\" placeholder=\"Ihr Land*\" \/><\/span><\/p>\n<p><span class=\"wpcf7-form-control-wrap\" data-name=\"your-message\"><textarea name=\"your-message\" cols=\"40\" rows=\"10\" class=\"wpcf7-form-control wpcf7-textarea wpcf7-validates-as-required\" aria-required=\"true\" aria-invalid=\"false\" placeholder=\"Um die besten Angebote zu erhalten, empfehlen wir Ihnen, folgende Angaben zu machen: -Selbstvorstellung -Was suchen Sie -Gew\u00fcnschte Spezifikationen -Anfrage nach Preis\/MOQ\"><\/textarea><\/span><\/p>\n<p><input type=\"submit\" value=\"einreichen\" class=\"wpcf7-form-control has-spinner wpcf7-submit\" \/><\/p>\n<\/div>\n<div class=\"wpcf7-response-output\" aria-hidden=\"true\"><\/div><input type=\"hidden\" name=\"trp-form-language\" value=\"de\"\/><\/form><\/div>\n\n<\/div><\/div><\/div>\n\n<div class=\"gb-grid-column gb-grid-column-ecfdefd8\"><div class=\"gb-container gb-container-ecfdefd8\"><div class=\"gb-inside-container\"><\/div><\/div><\/div>\n\n<div class=\"gb-grid-column gb-grid-column-19540064\"><div class=\"gb-container gb-container-19540064\"><div class=\"gb-inside-container\"><\/div><\/div><\/div>\n<\/div>\n<\/div><\/div>","protected":false},"excerpt":{"rendered":"","protected":false},"author":1,"featured_media":0,"parent":0,"menu_order":0,"comment_status":"closed","ping_status":"closed","template":"","meta":{"_generate-full-width-content":"true"},"aioseo_notices":[],"featured_image_urls":{"full":"","thumbnail":"","medium":"","medium_large":"","large":"","1536x1536":"","2048x2048":"","trp-custom-language-flag":""},"post_excerpt_stackable":"<p>Compact Heat Pipe Solar Water Heater Open Loop Flat Panel Solar Water Heater Closed Loop Flat Panel Solar Water Heater Solar Water Heater is the conversion of sunlight into heat for water heating using a solar thermal collector. A variety of configurations is available at varying cost to provide solutions in different climates and latitudes. Solar Water Heaters are widely used for residential and some industrial applications. Installing a solar water heater is one popular method for homeowners to reduce their electric bill. These systems use renewable energy to reduce the need for grid power while delivering high volumes of&hellip;<\/p>\n","category_list":"","author_info":{"name":"\u521888","url":"https:\/\/www.gomonnewenergy.com\/de\/author\/liu88"},"comments_num":"0 comments","_links":{"self":[{"href":"https:\/\/www.gomonnewenergy.com\/de\/wp-json\/wp\/v2\/pages\/3595"}],"collection":[{"href":"https:\/\/www.gomonnewenergy.com\/de\/wp-json\/wp\/v2\/pages"}],"about":[{"href":"https:\/\/www.gomonnewenergy.com\/de\/wp-json\/wp\/v2\/types\/page"}],"author":[{"embeddable":true,"href":"https:\/\/www.gomonnewenergy.com\/de\/wp-json\/wp\/v2\/users\/1"}],"replies":[{"embeddable":true,"href":"https:\/\/www.gomonnewenergy.com\/de\/wp-json\/wp\/v2\/comments?post=3595"}],"version-history":[{"count":0,"href":"https:\/\/www.gomonnewenergy.com\/de\/wp-json\/wp\/v2\/pages\/3595\/revisions"}],"wp:attachment":[{"href":"https:\/\/www.gomonnewenergy.com\/de\/wp-json\/wp\/v2\/media?parent=3595"}],"curies":[{"name":"wp","href":"https:\/\/api.w.org\/{rel}","templated":true}]}}