{"id":3574,"date":"2020-10-26T20:05:37","date_gmt":"2020-10-26T20:05:37","guid":{"rendered":"https:\/\/gpsites.co\/health\/?page_id=3574"},"modified":"2025-02-21T11:15:26","modified_gmt":"2025-02-21T11:15:26","slug":"electric-water-heater","status":"publish","type":"page","link":"https:\/\/www.gomonnewenergy.com\/de\/elektrischer-wassererhitzer","title":{"rendered":"Elektrischer Warmwasserbereiter"},"content":{"rendered":"<div class=\"gb-container gb-container-b5a44117\"><div class=\"gb-inside-container\">\n<div class=\"gb-grid-wrapper gb-grid-wrapper-12e6f479\">\n<div class=\"gb-grid-column gb-grid-column-a65911fa\"><div class=\"gb-container gb-container-a65911fa\"><div class=\"gb-inside-container\">\n\n<figure class=\"wp-block-image size-large is-resized\"><a href=\"https:\/\/www.gomonnewenergy.com\/de\/residential-electric-water-heater.html\/\"><img loading=\"lazy\" src=\"http:\/\/www.gomonnewenergy.com\/wp-content\/uploads\/2021\/04\/Residential-Electric-Water-Heater-768x768-1-300x300.jpg\" alt=\"\" width=\"225\" height=\"225\"\/><\/a><\/figure>\n\n\n\n<h4 class=\"has-small-font-size\"><a href=\"https:\/\/www.gomonnewenergy.com\/de\/residential-electric-water-heater.html\/\">Elektrischer Warmwasserbereiter f\u00fcr Privathaushalte<\/a><\/h4>\n\n<\/div><\/div><\/div>\n\n<div class=\"gb-grid-column gb-grid-column-8bc531db\"><div class=\"gb-container gb-container-8bc531db\"><div class=\"gb-inside-container\">\n\n<figure class=\"wp-block-image size-large is-resized\"><a href=\"https:\/\/www.gomonnewenergy.com\/de\/commercial-electric-water-heater.html\/\"><img loading=\"lazy\" src=\"http:\/\/www.gomonnewenergy.com\/wp-content\/uploads\/2021\/04\/Commercial-Electric-Water-Heater-768x768-2-300x300.jpg\" alt=\"\" width=\"232\" height=\"232\"\/><\/a><\/figure>\n\n\n\n<h4 class=\"has-small-font-size\"><a href=\"https:\/\/www.gomonnewenergy.com\/de\/commercial-electric-water-heater.html\/\">Gewerblicher elektrischer Warmwasserbereiter<\/a><\/h4>\n\n<\/div><\/div><\/div>\n\n<div class=\"gb-grid-column gb-grid-column-90ec0c8f\"><div class=\"gb-container gb-container-90ec0c8f\"><div class=\"gb-inside-container\">\n<style id=\"kb-image_046be3-9e\">.kb-image_046be3-9e.kb-image-is-ratio-size, .kb-image_046be3-9e .kb-image-is-ratio-size{max-width:179px;width:100%;}.kb-image_046be3-9e{max-width:179px;}.image-is-svg.kb-image_046be3-9e img{width:100%;}<\/style>\n<figure class=\"wp-block-kadence-image kb-image_046be3-9e size-full\"><a href=\"https:\/\/www.gomonnewenergy.com\/de\/commercial-electric-water-heaters.html\/\" class=\"kb-advanced-image-link\"><img loading=\"lazy\" width=\"260\" height=\"300\" src=\"https:\/\/www.gomonnewenergy.com\/wp-content\/uploads\/2025\/02\/dual-coil-tank01-260x300-1.jpg\" alt=\"\" class=\"kb-img wp-image-8417\" srcset=\"https:\/\/www.gomonnewenergy.com\/wp-content\/uploads\/2025\/02\/dual-coil-tank01-260x300-1.jpg 260w, https:\/\/www.gomonnewenergy.com\/wp-content\/uploads\/2025\/02\/dual-coil-tank01-260x300-1-10x12.jpg 10w\" sizes=\"(max-width: 260px) 100vw, 260px\" \/><\/a><figcaption><a href=\"https:\/\/www.gomonnewenergy.com\/de\/commercial-electric-water-heaters.html\/\">Gewerblicher elektrischer Warmwasserbereiter<br><\/a><\/figcaption><\/figure>\n\n<\/div><\/div><\/div>\n\n<div class=\"gb-grid-column gb-grid-column-8deb33a4\"><div class=\"gb-container gb-container-8deb33a4\"><div class=\"gb-inside-container\">\n<style id=\"kb-image_491bcc-c4\">.kb-image_491bcc-c4.kb-image-is-ratio-size, .kb-image_491bcc-c4 .kb-image-is-ratio-size{max-width:208px;width:100%;}.kb-image_491bcc-c4{max-width:208px;}.image-is-svg.kb-image_491bcc-c4 img{width:100%;}<\/style>\n<figure class=\"wp-block-kadence-image kb-image_491bcc-c4 size-full\"><a href=\"https:\/\/www.gomonnewenergy.com\/de\/domestic-electric-water-heater.html\/\" class=\"kb-advanced-image-link\"><img loading=\"lazy\" width=\"478\" height=\"480\" src=\"https:\/\/www.gomonnewenergy.com\/wp-content\/uploads\/2025\/02\/domestic-hot-water-series-02.jpg\" alt=\"\" class=\"kb-img wp-image-8456\" srcset=\"https:\/\/www.gomonnewenergy.com\/wp-content\/uploads\/2025\/02\/domestic-hot-water-series-02.jpg 478w, https:\/\/www.gomonnewenergy.com\/wp-content\/uploads\/2025\/02\/domestic-hot-water-series-02-300x300.jpg 300w, https:\/\/www.gomonnewenergy.com\/wp-content\/uploads\/2025\/02\/domestic-hot-water-series-02-150x150.jpg 150w, https:\/\/www.gomonnewenergy.com\/wp-content\/uploads\/2025\/02\/domestic-hot-water-series-02-12x12.jpg 12w\" sizes=\"(max-width: 478px) 100vw, 478px\" \/><\/a><figcaption><a href=\"https:\/\/www.gomonnewenergy.com\/de\/domestic-electric-water-heater.html\/\">Elektrischer Warmwasserbereiter f\u00fcr Haushalte<br><\/a><\/figcaption><\/figure>\n\n<\/div><\/div><\/div>\n<\/div>\n\n<div class=\"gb-grid-wrapper gb-grid-wrapper-66ae9bc3\">\n<div class=\"gb-grid-column gb-grid-column-e08776f9\"><div class=\"gb-container gb-container-e08776f9\"><div class=\"gb-inside-container\">\n\n<figure class=\"wp-block-kadence-image kb-image_fa2370-36 size-full\"><a href=\"https:\/\/www.gomonnewenergy.com\/de\/electric-space-heating-system.html\/\" class=\"kb-advanced-image-link\"><img loading=\"lazy\" width=\"480\" height=\"480\" src=\"https:\/\/www.gomonnewenergy.com\/wp-content\/uploads\/2025\/02\/commercial-room-heating-series-02.jpg\" alt=\"\" class=\"kb-img wp-image-8462\" srcset=\"https:\/\/www.gomonnewenergy.com\/wp-content\/uploads\/2025\/02\/commercial-room-heating-series-02.jpg 480w, https:\/\/www.gomonnewenergy.com\/wp-content\/uploads\/2025\/02\/commercial-room-heating-series-02-300x300.jpg 300w, https:\/\/www.gomonnewenergy.com\/wp-content\/uploads\/2025\/02\/commercial-room-heating-series-02-150x150.jpg 150w, https:\/\/www.gomonnewenergy.com\/wp-content\/uploads\/2025\/02\/commercial-room-heating-series-02-12x12.jpg 12w\" sizes=\"(max-width: 480px) 100vw, 480px\" \/><\/a><figcaption><a href=\"https:\/\/www.gomonnewenergy.com\/de\/electric-space-heating-system.html\/\">Elektrisches Raumheizungssystem<br><\/a><\/figcaption><\/figure>\n\n<\/div><\/div><\/div>\n\n<div class=\"gb-grid-column gb-grid-column-1cd3d5d0\"><div class=\"gb-container gb-container-1cd3d5d0\"><div class=\"gb-inside-container\"><\/div><\/div><\/div>\n\n<div class=\"gb-grid-column gb-grid-column-32374914\"><div class=\"gb-container gb-container-32374914\"><div class=\"gb-inside-container\"><\/div><\/div><\/div>\n\n<div class=\"gb-grid-column gb-grid-column-7ff21b4c\"><div class=\"gb-container gb-container-7ff21b4c\"><div class=\"gb-inside-container\"><\/div><\/div><\/div>\n<\/div>\n<\/div><\/div>\n\n<div class=\"gb-container gb-container-4d77b6d5\"><div class=\"gb-inside-container\">\n\n<p>Die Erw\u00e4rmung von Wasser in Ihrem Haus erfordert eine Menge Strom. Etwa 12 Prozent des Energieverbrauchs in einem durchschnittlichen Haushalt entfallen auf die Erw\u00e4rmung von Wasser. Wie viel Energie Ihr eigener Warmwasserbereiter verbraucht, h\u00e4ngt nicht nur davon ab, wie viel Warmwasser Sie verbrauchen, sondern auch von der Art des Warmwasserbereiters, den Sie installieren. Wenn es also an der Zeit ist, einen neuen Warmwasserbereiter in Ihrem Haus zu installieren, ist es wichtig, mehrere Optionen zu vergleichen, bevor Sie eine endg\u00fcltige Kaufentscheidung treffen.<\/p>\n\n\n\n<p>Als Branchenf\u00fchrer im Bereich innovativer Warmwasserbereiter werden GOMON-Elektrotank-Warmwasserbereiter mit Komponenten in kommerzieller Qualit\u00e4t gebaut, um eine lange Lebensdauer und Zuverl\u00e4ssigkeit zu gew\u00e4hrleisten. Alle unsere Elektrotank-Wassererhitzer f\u00fcr den Hausgebrauch wurden in unseren Labors gr\u00fcndlich getestet, um eine lang anhaltende Leistung zu gew\u00e4hrleisten - damit Sie und Ihre Familie beruhigt sein k\u00f6nnen.<\/p>\n\n\n\n<h2>Vorteile von elektrischen Warmwasserbereitern<\/h2>\n\n\n\n<p>Es gibt viele Gr\u00fcnde, warum Haushalte die Installation von elektrischen Warmwasserbereitern anstelle von Gas-Warmwasserbereitern in Betracht ziehen sollten; hier sind einige der gr\u00f6\u00dften Vorteile, die elektrische Warmwasserbereiter gegen\u00fcber der Konkurrenz haben:<\/p>\n\n\n\n<h3>Niedrigere Anfangskosten<\/h3>\n\n\n\n<p>Von allen heute auf dem Markt erh\u00e4ltlichen Warmwasserbereitern ist ein elektrischer Warmwasserbereiter wahrscheinlich die g\u00fcnstigste Option, wenn es um den Anschaffungspreis geht.<\/p>\n\n\n\n<p>Wichtig ist, dass die Kosten weitgehend von der Gr\u00f6\u00dfe und dem Typ des Warmwasserbereiters abh\u00e4ngen, unabh\u00e4ngig vom Brennstoff, mit dem er betrieben wird. Herk\u00f6mmliche Warmwasserspeicher sind beispielsweise preiswerter, w\u00e4hrend zapfwellenlose, bedarfsgesteuerte Warmwassersysteme in der Regel etwas teurer sind. Im Allgemeinen ist der Preisunterschied zwischen den verschiedenen Arten von Warmwasserbereitern weitgehend auf die Installationskosten zur\u00fcckzuf\u00fchren.<\/p>\n\n\n\n<p>Gasbetriebene Warmwasserbereiter erfordern zus\u00e4tzliche Rohrleitungen und ein neues Bel\u00fcftungssystem, um die Abgase aus dem Verbrennungsprozess abzuf\u00fchren. Bei elektrischen Warmwasserbereitern hingegen ist diese zus\u00e4tzliche Infrastruktur im Haus nicht erforderlich, so dass der Installationsprozess einfacher und schneller ist. Es besteht die M\u00f6glichkeit, dass Ihr Haus vor der Installation eines elektrischen Warmwasserbereiters elektrisch aufger\u00fcstet werden muss, was die Installation teurer machen w\u00fcrde; solche Aufr\u00fcstungen sind jedoch bei der Installation eines elektrischen Warmwasserbereiters un\u00fcblich.<\/p>\n\n\n\n<h3>Wirkungsgrad<\/h3>\n\n\n\n<p>Der beste Weg, die Effizienz verschiedener Warmwasserbereiter zu vergleichen, ist ein Blick auf ihren jeweiligen Energiefaktor (EF). Diese Zahl gibt an, wie effektiv ein Warmwasserbereiter bei der Erzeugung von Warmwasser ist, und misst, wie viel Brennstoff oder Strom f\u00fcr die Erw\u00e4rmung des Wassers ben\u00f6tigt wird. Mit den EF-Zahlen in der Hand ist der Vergleich der Effizienz der einzelnen Typen von Warmwasserbereitern recht einfach: Warmwasserbereiter mit h\u00f6herer Effizienz haben h\u00f6here EF-Zahlen.<\/p>\n\n\n\n<p>Im Kampf zwischen Gas- und Elektrowassererhitzern sind elektrische Wassererhitzer aus Sicht der Effizienz die Gewinner. Herk\u00f6mmliche Gas-Wassererhitzer haben in der Regel EF-Werte zwischen 0,5 und 0,7, w\u00e4hrend elektrische Wassererhitzer EF-Werte von mehr als 0,9 haben k\u00f6nnen. Im Allgemeinen entsteht der gr\u00f6\u00dfte Teil des Energieverlustes bei Gas-Wassererhitzern w\u00e4hrend des Entl\u00fcftungsvorgangs, der bei elektrischen Wassererhitzern nicht vorhanden ist.<\/p>\n\n\n\n<h3>Sicherheit<\/h3>\n\n\n\n<p>Sowohl elektrische als auch gasbetriebene Warmwasserbereiter sind sichere L\u00f6sungen f\u00fcr die Erw\u00e4rmung Ihres Wassers. Wie bei allen Ger\u00e4ten, die mit Benzin betrieben werden, besteht jedoch auch bei Warmwasserbereitern, die mit Propan oder Erdgas betrieben werden, die Gefahr von Gaslecks. Sie k\u00f6nnen diese Risiken durch ordnungsgem\u00e4\u00dfe Wartung und Inspektion Ihres Gas-Wassererhitzers mindern.<\/p>\n\n\n\n<p>W\u00e4hrend elektrische Ger\u00e4te ihre eigenen Sicherheitsbedenken haben, ist die Wahrscheinlichkeit eines Gaslecks h\u00f6her als die eines elektrischen Sicherheitsproblems bei einem Warmwasserbereiter.<\/p>\n\n\n\n<h3>Verf\u00fcgbarkeit<\/h3>\n\n\n\n<p>Nahezu jedes Haus ist an das Stromnetz angeschlossen und verf\u00fcgt somit \u00fcber eine leicht zug\u00e4ngliche Stromquelle (au\u00dfer wenn das Stromnetz ausf\u00e4llt). Das bedeutet, dass so gut wie jedes Haus einen elektrischen Warmwasserbereiter verwenden kann.<\/p>\n\n\n\n<p>Wenn Sie hingegen einen Gas-Wassererhitzer installieren m\u00f6chten, m\u00fcssen Sie sicherstellen, dass Ihr Haus an eine Erdgasleitung angeschlossen ist oder \u00fcber eine Propangasquelle verf\u00fcgt. Ist dies nicht der Fall, kann die Installation eines Gas-Wassererhitzers sehr kostspielig sein.<\/p>\n\n\n<div class=\"gb-grid-wrapper gb-grid-wrapper-6200d919\">\n<div class=\"gb-grid-column gb-grid-column-715ac4f0\"><div class=\"gb-container gb-container-715ac4f0\"><div class=\"gb-inside-container\">\n<div role=\"form\" class=\"wpcf7\" id=\"wpcf7-f4532-o1\" lang=\"zh-CN\" dir=\"ltr\">\n<div class=\"screen-reader-response\"><p role=\"status\" aria-live=\"polite\" aria-atomic=\"true\"><\/p> <ul><\/ul><\/div>\n<form action=\"\/de\/wp-json\/wp\/v2\/pages\/3574#wpcf7-f4532-o1\" method=\"post\" class=\"wpcf7-form init\" novalidate=\"novalidate\" data-status=\"init\" data-trp-original-action=\"\/de\/wp-json\/wp\/v2\/pages\/3574#wpcf7-f4532-o1\">\n<div style=\"display: none;\">\n<input type=\"hidden\" name=\"_wpcf7\" value=\"4532\" \/>\n<input type=\"hidden\" name=\"_wpcf7_version\" value=\"5.6.4\" \/>\n<input type=\"hidden\" name=\"_wpcf7_locale\" value=\"zh_CN\" \/>\n<input type=\"hidden\" name=\"_wpcf7_unit_tag\" value=\"wpcf7-f4532-o1\" \/>\n<input type=\"hidden\" name=\"_wpcf7_container_post\" value=\"0\" \/>\n<input type=\"hidden\" name=\"_wpcf7_posted_data_hash\" value=\"\" \/>\n<\/div>\n<div class=\"hunkcf71\">\n<p class=\"cf7-title\" style=\"font-size:25px;\"><i class=\"fa fa-envelope-o\"><\/i> Abfrageformular\n<\/p>\n<p><span class=\"wpcf7-form-control-wrap\" data-name=\"your-name\"><input type=\"text\" name=\"your-name\" value=\"\" size=\"40\" class=\"wpcf7-form-control wpcf7-text wpcf7-validates-as-required\" aria-required=\"true\" aria-invalid=\"false\" placeholder=\"Ihr Name*\" \/><\/span><\/p>\n<p><span class=\"wpcf7-form-control-wrap\" data-name=\"your-email\"><input type=\"email\" name=\"your-email\" value=\"\" size=\"40\" class=\"wpcf7-form-control wpcf7-text wpcf7-email wpcf7-validates-as-required wpcf7-validates-as-email\" aria-required=\"true\" aria-invalid=\"false\" placeholder=\"E-Mail Adresse*\" \/><\/span><\/p>\n<p><span class=\"wpcf7-form-control-wrap\" data-name=\"your-subject\"><input type=\"text\" name=\"your-subject\" value=\"\" size=\"40\" class=\"wpcf7-form-control wpcf7-text wpcf7-validates-as-required\" aria-required=\"true\" aria-invalid=\"false\" placeholder=\"Ihr Land*\" \/><\/span><\/p>\n<p><span class=\"wpcf7-form-control-wrap\" data-name=\"your-message\"><textarea name=\"your-message\" cols=\"40\" rows=\"10\" class=\"wpcf7-form-control wpcf7-textarea wpcf7-validates-as-required\" aria-required=\"true\" aria-invalid=\"false\" placeholder=\"Um die besten Angebote zu erhalten, empfehlen wir Ihnen, folgende Angaben zu machen: -Selbstvorstellung -Was suchen Sie -Gew\u00fcnschte Spezifikationen -Anfrage nach Preis\/MOQ\"><\/textarea><\/span><\/p>\n<p><input type=\"submit\" value=\"einreichen\" class=\"wpcf7-form-control has-spinner wpcf7-submit\" \/><\/p>\n<\/div>\n<div class=\"wpcf7-response-output\" aria-hidden=\"true\"><\/div><input type=\"hidden\" name=\"trp-form-language\" value=\"de\"\/><\/form><\/div>\n\n<\/div><\/div><\/div>\n\n<div class=\"gb-grid-column gb-grid-column-5d72775c\"><div class=\"gb-container gb-container-5d72775c\"><div class=\"gb-inside-container\"><\/div><\/div><\/div>\n\n<div class=\"gb-grid-column gb-grid-column-d052de79\"><div class=\"gb-container gb-container-d052de79\"><div class=\"gb-inside-container\"><\/div><\/div><\/div>\n<\/div>\n<\/div><\/div>\n\n\n<p><\/p>","protected":false},"excerpt":{"rendered":"","protected":false},"author":1,"featured_media":0,"parent":0,"menu_order":0,"comment_status":"closed","ping_status":"closed","template":"","meta":{"_generate-full-width-content":"true"},"aioseo_notices":[],"featured_image_urls":{"full":"","thumbnail":"","medium":"","medium_large":"","large":"","1536x1536":"","2048x2048":"","trp-custom-language-flag":""},"post_excerpt_stackable":"<p>Residential Electric Water Heater Commercial Electric Water Heater Commercial Electric Water Heater Domestic Electric Water Heater Electric Space Heating System Heating water in your house requires a lot of electricity. In fact, roughly 12 percent of an average home\u2019s energy consumption is spent heating water. How much energy your own water heater consumes depends not only on how much hot water you use but also on the type of water heater you install. As such, when it\u2019s time to install a new water heater in your home, it\u2019s important to compare multiple options before making a final purchasing decision. An&hellip;<\/p>\n","category_list":"","author_info":{"name":"\u521888","url":"https:\/\/www.gomonnewenergy.com\/de\/author\/liu88"},"comments_num":"0 comments","_links":{"self":[{"href":"https:\/\/www.gomonnewenergy.com\/de\/wp-json\/wp\/v2\/pages\/3574"}],"collection":[{"href":"https:\/\/www.gomonnewenergy.com\/de\/wp-json\/wp\/v2\/pages"}],"about":[{"href":"https:\/\/www.gomonnewenergy.com\/de\/wp-json\/wp\/v2\/types\/page"}],"author":[{"embeddable":true,"href":"https:\/\/www.gomonnewenergy.com\/de\/wp-json\/wp\/v2\/users\/1"}],"replies":[{"embeddable":true,"href":"https:\/\/www.gomonnewenergy.com\/de\/wp-json\/wp\/v2\/comments?post=3574"}],"version-history":[{"count":0,"href":"https:\/\/www.gomonnewenergy.com\/de\/wp-json\/wp\/v2\/pages\/3574\/revisions"}],"wp:attachment":[{"href":"https:\/\/www.gomonnewenergy.com\/de\/wp-json\/wp\/v2\/media?parent=3574"}],"curies":[{"name":"wp","href":"https:\/\/api.w.org\/{rel}","templated":true}]}}