{"id":3,"date":"2021-04-03T12:50:13","date_gmt":"2021-04-03T12:50:13","guid":{"rendered":"http:\/\/www.gomonnewenergy.com\/?page_id=3"},"modified":"2023-02-06T05:10:53","modified_gmt":"2023-02-06T05:10:53","slug":"about-us","status":"publish","type":"page","link":"https:\/\/www.gomonnewenergy.com\/de\/uber-uns","title":{"rendered":"\u00dcber uns"},"content":{"rendered":"<div class=\"gb-container gb-container-f86c0fe2\"><div class=\"gb-inside-container\">\n\n<p>Jiangsu Gomon New Energy Co. Ltd. ist die wichtigste Tochtergesellschaft der Gomon-Gruppe. Gegr\u00fcndet 1998, haben wir seit \u00fcber 20 Jahren nicht nur unser Fachwissen, unsere Prozesse und Systeme in der Herstellung von emaillierten Druckwassertanks, Solarenergie- und Luftenergieprodukten f\u00fcr unsere Kunden in der neuen Energieindustrie verfeinert, sondern auch mit einer Idee - ein kohlenstoffarmes, gr\u00fcnes, gutes Leben f\u00fcr die Menschheit zu schaffen.<\/p>\n\n<\/div><\/div>\n\n<div class=\"gb-container gb-container-3a46a0f8\"><div class=\"gb-inside-container\">\n<div class=\"gb-grid-wrapper gb-grid-wrapper-f30cde85\">\n<div class=\"gb-grid-column gb-grid-column-40a1411e\"><div class=\"gb-container gb-container-40a1411e\"><div class=\"gb-inside-container\">\n\n<h2><\/h2>\n\n\n\n<figure class=\"wp-block-embed is-type-video is-provider-youtube wp-block-embed-youtube wp-embed-aspect-16-9 wp-has-aspect-ratio\"><div class=\"wp-block-embed__wrapper\">\n<iframe loading=\"lazy\" title=\"Gomon Einf\u00fchrung\" width=\"1200\" height=\"675\" src=\"https:\/\/www.youtube.com\/embed\/jG9zcPF-LwY?feature=oembed\" frameborder=\"0\" allow=\"accelerometer; autoplay; clipboard-write; encrypted-media; gyroscope; picture-in-picture\" allowfullscreen><\/iframe>\n<\/div><\/figure>\n\n<\/div><\/div><\/div>\n\n<div class=\"gb-grid-column gb-grid-column-887b2d8a\"><div class=\"gb-container gb-container-887b2d8a\"><div class=\"gb-inside-container\">\n\n<p>Wir verf\u00fcgen \u00fcber ein CNAS-Labor und ein Luft-W\u00e4rmepumpen-Enthalpiedifferenz-Labor, zusammen mit einer vollautomatischen Produktionslinie und anderen hochmodernen Einrichtungen, um unsere Kunden und ihre Bed\u00fcrfnisse besser bedienen zu k\u00f6nnen.<\/p>\n\n\n\n<p>Wir erf\u00fcllen alle Industriestandards, da wir CE-, SOLAR MARK-, WATER MARK- und ETL-zertifiziert sind. Wir sind weltweit bekannt f\u00fcr unsere au\u00dfergew\u00f6hnlichen Qualit\u00e4tsmanagementsysteme und unser Streben nach kontinuierlicher Verbesserung unserer Produktionsabl\u00e4ufe. Es ist diese strikte Einhaltung der anspruchsvollsten Qualit\u00e4tskontrollsysteme, die zu Kundenzufriedenheit und Vertrauen f\u00fchrt.<\/p>\n\n<\/div><\/div><\/div>\n<\/div>\n\n\n<p>Angesichts des zunehmenden globalen Wettbewerbs und h\u00f6herer Erwartungen an Qualit\u00e4t, Zuverl\u00e4ssigkeit, Leistung, Lieferung und niedrigere Kosten konzentrieren sich unsere Bem\u00fchungen auf kontinuierliche Verbesserung und Innovation. Aus der Perspektive der Kundenbed\u00fcrfnisse liegt unser Schwerpunkt auf der Bereitstellung von Kundenl\u00f6sungen - besser, schneller, billiger. Wir sind gerne bereit, Ihr dauerhafter, zuverl\u00e4ssiger und vertrauensw\u00fcrdiger Kooperationspartner zu sein.<\/p>\n\n\n\n<p>Wir freuen uns sehr auf Ihren Besuch, Ihre Beratung und Ihre Verhandlung.<\/p>\n\n<\/div><\/div>\n\n<div class=\"gb-container gb-container-86921549\"><div class=\"gb-inside-container\">\n<div class=\"gb-grid-wrapper gb-grid-wrapper-37bdee99\"><\/div>\n\n\n<figure class=\"wp-block-image alignwide size-large\"><img loading=\"lazy\" width=\"1024\" height=\"458\" src=\"http:\/\/www.gomonnewenergy.com\/wp-content\/uploads\/2021\/04\/About-Us-1024x458.jpg\" alt=\"\" class=\"wp-image-4969\" srcset=\"https:\/\/www.gomonnewenergy.com\/wp-content\/uploads\/2021\/04\/About-Us-1024x458.jpg 1024w, https:\/\/www.gomonnewenergy.com\/wp-content\/uploads\/2021\/04\/About-Us-300x134.jpg 300w, https:\/\/www.gomonnewenergy.com\/wp-content\/uploads\/2021\/04\/About-Us-768x344.jpg 768w, https:\/\/www.gomonnewenergy.com\/wp-content\/uploads\/2021\/04\/About-Us.jpg 1200w\" sizes=\"(max-width: 1024px) 100vw, 1024px\" \/><\/figure>\n\n<\/div><\/div>","protected":false},"excerpt":{"rendered":"<p>Jiangsu Gomon New Energy Co. Ltd is the core subsidiary of Gomon Group. Founded in 1998, For over 20 years we not only have honed our expertise, processes, and systems in the manufacturing pressurized enamelled water tanks, solar energy and air energy products suitable for our customers in the new energy industry, but also with &#8230; <a title=\"\u00dcber uns\" class=\"read-more\" href=\"https:\/\/www.gomonnewenergy.com\/de\/uber-uns\" aria-label=\"Mehr bei About Us\">Weiterlesen ...<\/a><\/p>","protected":false},"author":1,"featured_media":0,"parent":0,"menu_order":0,"comment_status":"closed","ping_status":"open","template":"","meta":{"_generate-full-width-content":""},"aioseo_notices":[],"featured_image_urls":{"full":"","thumbnail":"","medium":"","medium_large":"","large":"","1536x1536":"","2048x2048":"","trp-custom-language-flag":""},"post_excerpt_stackable":"<p>Jiangsu Gomon New Energy Co. Ltd is the core subsidiary of Gomon Group. Founded in 1998, For over 20 years we not only have honed our expertise, processes, and systems in the manufacturing pressurized enamelled water tanks, solar energy and air energy products suitable for our customers in the new energy industry, but also with an idea\u2014To create a low-carbon green good life for mankind. We own CNAS Laboratory and Air source heat pump enthalpy difference Laboratory ,together with fully automatic production line and other more state-of-the-art facilities to better serve our customers and their needs. We are fully compliant&hellip;<\/p>\n","category_list":"","author_info":{"name":"\u521888","url":"https:\/\/www.gomonnewenergy.com\/de\/author\/liu88"},"comments_num":"0 comments","_links":{"self":[{"href":"https:\/\/www.gomonnewenergy.com\/de\/wp-json\/wp\/v2\/pages\/3"}],"collection":[{"href":"https:\/\/www.gomonnewenergy.com\/de\/wp-json\/wp\/v2\/pages"}],"about":[{"href":"https:\/\/www.gomonnewenergy.com\/de\/wp-json\/wp\/v2\/types\/page"}],"author":[{"embeddable":true,"href":"https:\/\/www.gomonnewenergy.com\/de\/wp-json\/wp\/v2\/users\/1"}],"replies":[{"embeddable":true,"href":"https:\/\/www.gomonnewenergy.com\/de\/wp-json\/wp\/v2\/comments?post=3"}],"version-history":[{"count":0,"href":"https:\/\/www.gomonnewenergy.com\/de\/wp-json\/wp\/v2\/pages\/3\/revisions"}],"wp:attachment":[{"href":"https:\/\/www.gomonnewenergy.com\/de\/wp-json\/wp\/v2\/media?parent=3"}],"curies":[{"name":"wp","href":"https:\/\/api.w.org\/{rel}","templated":true}]}}